{"id":2021,"date":"2016-09-22T10:31:53","date_gmt":"2016-09-22T09:31:53","guid":{"rendered":"http:\/\/www.vtsbv.com\/de\/?post_type=product&#038;p=2021"},"modified":"2016-09-22T10:31:53","modified_gmt":"2016-09-22T09:31:53","slug":"waeschecontainer-typ-star","status":"publish","type":"product","link":"https:\/\/www.vtsbv.com\/de\/product\/waeschecontainer-typ-star\/","title":{"rendered":"W\u00e4schecontainer Typ \u201eSTAR\u201c"},"content":{"rendered":"","protected":false},"excerpt":{"rendered":"<p>Die W\u00e4schecontainer werden aus rechteckigen Rohren 20&#215;20 mm und mit Schraubverbindungen zusammengesetzt. Diese Kombination ergibt eine sehr stabile Konstruktion, wodurch eine lange Lebensdauer gew\u00e4hrt ist. Die Container sind beinahe ger\u00e4uschlos transportierbar. Die Container sind mit oder ohne des von VTS B.B. patentierten Gelenksystems lieferbar, wodurch die obere Ebene sowohl nach vorne als auch nach hinten verstellt werden kann.<\/p>\n<p>Lieferbar in verschiedenen Standardma\u00dfen und mit verschiedenen Optionen ausf\u00fchrbar. Standardm\u00e4\u00dfig lieferbar mit hochwertigen Rollen. 2 Bock- und 2 Lenkrollen, Durchmesser 125 mm, grau Gummi, ausgestattet mit Kugellager und Gewindekappe. <\/p>\n<p>Die Nachbehandlung der Container ist sehr hochwertig. Sie sind galvanisch verzinkt und dar\u00fcber hinaus mit einer zus\u00e4tzlichen Beschichtung versehen, wodurch sie noch korrosionsbest\u00e4ndiger sind. <\/p>\n<p>Wir k\u00f6nnen die Container nach Ihren gew\u00fcnschten Spezifikationen produzieren.<br \/>\nStandardm\u00e4\u00dfig lieferbar in untenstehenden Ausf\u00fchrungen:<\/p>\n<table style=\"height: 227px;\" width=\"800\">\n<tbody>\n<tr>\n<th style=\"text-align: left;\">Art.-Nr.<\/th>\n<th style=\"text-align: left;\">Abmessungen au\u00dfen<\/th>\n<th style=\"text-align: left;\">Ausf\u00fchrung<\/th>\n<\/tr>\n<tr>\n<td>VR116-100-OOG<\/td>\n<td>680x500x1680 mm<\/td>\n<td>mit Gelenk<\/td>\n<\/tr>\n<tr>\n<td>VR119-100-OOG<\/td>\n<td>820x620x1680 mm<\/td>\n<td>mit Gelenk<\/td>\n<\/tr>\n<tr>\n<td>VR118-100-OOG<\/td>\n<td>820x620x1780 mm<\/td>\n<td>ohne Gelenk<\/td>\n<\/tr>\n<tr>\n<td>VR117-100-OOG<\/td>\n<td>830x600x1790 mm<\/td>\n<td>mit Gelenk<\/td>\n<\/tr>\n<tr>\n<td>VR000-500-OOG<\/td>\n<td>860x660x1800 mm<\/td>\n<td>mit Gelenk<\/td>\n<\/tr>\n<tr>\n<td>VR000-501-OOG<\/td>\n<td>860x660x1700 mm<\/td>\n<td>mit Gelenk<\/td>\n<\/tr>\n<tr>\n<td>VR000-600-OOG<\/td>\n<td>860x660x1700 mm<\/td>\n<td>ohne Gelenk<\/td>\n<\/tr>\n<tr>\n<td>VR000-650-OOG<\/td>\n<td>860x660x1800 mm<\/td>\n<td>ohne Gelenk<\/td>\n<\/tr>\n<\/tbody>\n<\/table>\n","protected":false},"featured_media":1851,"comment_status":"open","ping_status":"closed","template":"","meta":[],"product_brand":[],"product_cat":[220],"product_tag":[],"class_list":{"0":"post-2021","1":"product","2":"type-product","3":"status-publish","4":"has-post-thumbnail","6":"product_cat-waeschewagen-de","8":"first","9":"instock","10":"shipping-taxable","11":"product-type-simple"},"yoast_head":"<!-- This site is optimized with the Yoast SEO plugin v27.4 - https:\/\/yoast.com\/product\/yoast-seo-wordpress\/ -->\n<title>W\u00e4schecontainer Typ \u201eSTAR\u201c - VTS<\/title>\n<meta name=\"robots\" content=\"index, follow, max-snippet:-1, max-image-preview:large, max-video-preview:-1\" \/>\n<link rel=\"canonical\" href=\"https:\/\/www.vtsbv.com\/de\/product\/waeschecontainer-typ-star\/\" \/>\n<meta property=\"og:locale\" content=\"de_DE\" \/>\n<meta property=\"og:type\" content=\"article\" \/>\n<meta property=\"og:title\" content=\"W\u00e4schecontainer Typ \u201eSTAR\u201c - VTS\" \/>\n<meta property=\"og:description\" content=\"Die W\u00e4schecontainer werden aus rechteckigen Rohren 20x20 mm und mit Schraubverbindungen zusammengesetzt. Diese Kombination ergibt eine sehr stabile Konstruktion, wodurch eine lange Lebensdauer gew\u00e4hrt ist. Die Container sind beinahe ger\u00e4uschlos transportierbar. Die Container sind mit oder ohne des von VTS B.B. patentierten Gelenksystems lieferbar, wodurch die obere Ebene sowohl nach vorne als auch nach hinten verstellt werden kann.   Lieferbar in verschiedenen Standardma\u00dfen und mit verschiedenen Optionen ausf\u00fchrbar. Standardm\u00e4\u00dfig lieferbar mit hochwertigen Rollen. 2 Bock- und 2 Lenkrollen, Durchmesser 125 mm, grau Gummi, ausgestattet mit Kugellager und Gewindekappe.   Die Nachbehandlung der Container ist sehr hochwertig. Sie sind galvanisch verzinkt und dar\u00fcber hinaus mit einer zus\u00e4tzlichen Beschichtung versehen, wodurch sie noch korrosionsbest\u00e4ndiger sind.   Wir k\u00f6nnen die Container nach Ihren gew\u00fcnschten Spezifikationen produzieren.  Standardm\u00e4\u00dfig lieferbar in untenstehenden Ausf\u00fchrungen:    Art.-Nr. Abmessungen au\u00dfen Ausf\u00fchrung   VR116-100-OOG 680x500x1680 mm mit Gelenk   VR119-100-OOG 820x620x1680 mm mit Gelenk   VR118-100-OOG 820x620x1780 mm ohne Gelenk   VR117-100-OOG 830x600x1790 mm mit Gelenk   VR000-500-OOG 860x660x1800 mm mit Gelenk   VR000-501-OOG 860x660x1700 mm mit Gelenk   VR000-600-OOG 860x660x1700 mm ohne Gelenk   VR000-650-OOG 860x660x1800 mm ohne Gelenk\" \/>\n<meta property=\"og:url\" content=\"https:\/\/www.vtsbv.com\/de\/product\/waeschecontainer-typ-star\/\" \/>\n<meta property=\"og:site_name\" content=\"VTS\" \/>\n<meta property=\"og:image\" content=\"https:\/\/www.vtsbv.com\/wp-content\/uploads\/2014\/09\/VR000-500-00G-1-1.jpg\" \/>\n\t<meta property=\"og:image:width\" content=\"352\" \/>\n\t<meta property=\"og:image:height\" content=\"533\" \/>\n\t<meta property=\"og:image:type\" content=\"image\/jpeg\" \/>\n<meta name=\"twitter:card\" content=\"summary_large_image\" \/>\n<script type=\"application\/ld+json\" class=\"yoast-schema-graph\">{\"@context\":\"https:\\\/\\\/schema.org\",\"@graph\":[{\"@type\":\"WebPage\",\"@id\":\"https:\\\/\\\/www.vtsbv.com\\\/de\\\/product\\\/waeschecontainer-typ-star\\\/\",\"url\":\"https:\\\/\\\/www.vtsbv.com\\\/de\\\/product\\\/waeschecontainer-typ-star\\\/\",\"name\":\"W\u00e4schecontainer Typ \u201eSTAR\u201c - VTS\",\"isPartOf\":{\"@id\":\"https:\\\/\\\/www.vtsbv.com\\\/#website\"},\"primaryImageOfPage\":{\"@id\":\"https:\\\/\\\/www.vtsbv.com\\\/de\\\/product\\\/waeschecontainer-typ-star\\\/#primaryimage\"},\"image\":{\"@id\":\"https:\\\/\\\/www.vtsbv.com\\\/de\\\/product\\\/waeschecontainer-typ-star\\\/#primaryimage\"},\"thumbnailUrl\":\"https:\\\/\\\/www.vtsbv.com\\\/wp-content\\\/uploads\\\/2014\\\/09\\\/VR000-500-00G-1-1.jpg\",\"datePublished\":\"2016-09-22T09:31:53+00:00\",\"breadcrumb\":{\"@id\":\"https:\\\/\\\/www.vtsbv.com\\\/de\\\/product\\\/waeschecontainer-typ-star\\\/#breadcrumb\"},\"inLanguage\":\"de\",\"potentialAction\":[{\"@type\":\"ReadAction\",\"target\":[\"https:\\\/\\\/www.vtsbv.com\\\/de\\\/product\\\/waeschecontainer-typ-star\\\/\"]}]},{\"@type\":\"ImageObject\",\"inLanguage\":\"de\",\"@id\":\"https:\\\/\\\/www.vtsbv.com\\\/de\\\/product\\\/waeschecontainer-typ-star\\\/#primaryimage\",\"url\":\"https:\\\/\\\/www.vtsbv.com\\\/wp-content\\\/uploads\\\/2014\\\/09\\\/VR000-500-00G-1-1.jpg\",\"contentUrl\":\"https:\\\/\\\/www.vtsbv.com\\\/wp-content\\\/uploads\\\/2014\\\/09\\\/VR000-500-00G-1-1.jpg\",\"width\":352,\"height\":533},{\"@type\":\"BreadcrumbList\",\"@id\":\"https:\\\/\\\/www.vtsbv.com\\\/de\\\/product\\\/waeschecontainer-typ-star\\\/#breadcrumb\",\"itemListElement\":[{\"@type\":\"ListItem\",\"position\":1,\"name\":\"Home\",\"item\":\"https:\\\/\\\/www.vtsbv.com\\\/de\\\/\"},{\"@type\":\"ListItem\",\"position\":2,\"name\":\"Winkel\",\"item\":\"https:\\\/\\\/www.vtsbv.com\\\/winkel\\\/\"},{\"@type\":\"ListItem\",\"position\":3,\"name\":\"W\u00e4schecontainer Typ \u201eSTAR\u201c\"}]},{\"@type\":\"WebSite\",\"@id\":\"https:\\\/\\\/www.vtsbv.com\\\/#website\",\"url\":\"https:\\\/\\\/www.vtsbv.com\\\/\",\"name\":\"VTS\",\"description\":\"Rolcontainers\",\"potentialAction\":[{\"@type\":\"SearchAction\",\"target\":{\"@type\":\"EntryPoint\",\"urlTemplate\":\"https:\\\/\\\/www.vtsbv.com\\\/?s={search_term_string}\"},\"query-input\":{\"@type\":\"PropertyValueSpecification\",\"valueRequired\":true,\"valueName\":\"search_term_string\"}}],\"inLanguage\":\"de\"}]}<\/script>\n<!-- \/ Yoast SEO plugin. -->","yoast_head_json":{"title":"W\u00e4schecontainer Typ \u201eSTAR\u201c - VTS","robots":{"index":"index","follow":"follow","max-snippet":"max-snippet:-1","max-image-preview":"max-image-preview:large","max-video-preview":"max-video-preview:-1"},"canonical":"https:\/\/www.vtsbv.com\/de\/product\/waeschecontainer-typ-star\/","og_locale":"de_DE","og_type":"article","og_title":"W\u00e4schecontainer Typ \u201eSTAR\u201c - VTS","og_description":"Die W\u00e4schecontainer werden aus rechteckigen Rohren 20x20 mm und mit Schraubverbindungen zusammengesetzt. Diese Kombination ergibt eine sehr stabile Konstruktion, wodurch eine lange Lebensdauer gew\u00e4hrt ist. Die Container sind beinahe ger\u00e4uschlos transportierbar. Die Container sind mit oder ohne des von VTS B.B. patentierten Gelenksystems lieferbar, wodurch die obere Ebene sowohl nach vorne als auch nach hinten verstellt werden kann.   Lieferbar in verschiedenen Standardma\u00dfen und mit verschiedenen Optionen ausf\u00fchrbar. Standardm\u00e4\u00dfig lieferbar mit hochwertigen Rollen. 2 Bock- und 2 Lenkrollen, Durchmesser 125 mm, grau Gummi, ausgestattet mit Kugellager und Gewindekappe.   Die Nachbehandlung der Container ist sehr hochwertig. Sie sind galvanisch verzinkt und dar\u00fcber hinaus mit einer zus\u00e4tzlichen Beschichtung versehen, wodurch sie noch korrosionsbest\u00e4ndiger sind.   Wir k\u00f6nnen die Container nach Ihren gew\u00fcnschten Spezifikationen produzieren.  Standardm\u00e4\u00dfig lieferbar in untenstehenden Ausf\u00fchrungen:    Art.-Nr. Abmessungen au\u00dfen Ausf\u00fchrung   VR116-100-OOG 680x500x1680 mm mit Gelenk   VR119-100-OOG 820x620x1680 mm mit Gelenk   VR118-100-OOG 820x620x1780 mm ohne Gelenk   VR117-100-OOG 830x600x1790 mm mit Gelenk   VR000-500-OOG 860x660x1800 mm mit Gelenk   VR000-501-OOG 860x660x1700 mm mit Gelenk   VR000-600-OOG 860x660x1700 mm ohne Gelenk   VR000-650-OOG 860x660x1800 mm ohne Gelenk","og_url":"https:\/\/www.vtsbv.com\/de\/product\/waeschecontainer-typ-star\/","og_site_name":"VTS","og_image":[{"width":352,"height":533,"url":"https:\/\/www.vtsbv.com\/wp-content\/uploads\/2014\/09\/VR000-500-00G-1-1.jpg","type":"image\/jpeg"}],"twitter_card":"summary_large_image","schema":{"@context":"https:\/\/schema.org","@graph":[{"@type":"WebPage","@id":"https:\/\/www.vtsbv.com\/de\/product\/waeschecontainer-typ-star\/","url":"https:\/\/www.vtsbv.com\/de\/product\/waeschecontainer-typ-star\/","name":"W\u00e4schecontainer Typ \u201eSTAR\u201c - VTS","isPartOf":{"@id":"https:\/\/www.vtsbv.com\/#website"},"primaryImageOfPage":{"@id":"https:\/\/www.vtsbv.com\/de\/product\/waeschecontainer-typ-star\/#primaryimage"},"image":{"@id":"https:\/\/www.vtsbv.com\/de\/product\/waeschecontainer-typ-star\/#primaryimage"},"thumbnailUrl":"https:\/\/www.vtsbv.com\/wp-content\/uploads\/2014\/09\/VR000-500-00G-1-1.jpg","datePublished":"2016-09-22T09:31:53+00:00","breadcrumb":{"@id":"https:\/\/www.vtsbv.com\/de\/product\/waeschecontainer-typ-star\/#breadcrumb"},"inLanguage":"de","potentialAction":[{"@type":"ReadAction","target":["https:\/\/www.vtsbv.com\/de\/product\/waeschecontainer-typ-star\/"]}]},{"@type":"ImageObject","inLanguage":"de","@id":"https:\/\/www.vtsbv.com\/de\/product\/waeschecontainer-typ-star\/#primaryimage","url":"https:\/\/www.vtsbv.com\/wp-content\/uploads\/2014\/09\/VR000-500-00G-1-1.jpg","contentUrl":"https:\/\/www.vtsbv.com\/wp-content\/uploads\/2014\/09\/VR000-500-00G-1-1.jpg","width":352,"height":533},{"@type":"BreadcrumbList","@id":"https:\/\/www.vtsbv.com\/de\/product\/waeschecontainer-typ-star\/#breadcrumb","itemListElement":[{"@type":"ListItem","position":1,"name":"Home","item":"https:\/\/www.vtsbv.com\/de\/"},{"@type":"ListItem","position":2,"name":"Winkel","item":"https:\/\/www.vtsbv.com\/winkel\/"},{"@type":"ListItem","position":3,"name":"W\u00e4schecontainer Typ \u201eSTAR\u201c"}]},{"@type":"WebSite","@id":"https:\/\/www.vtsbv.com\/#website","url":"https:\/\/www.vtsbv.com\/","name":"VTS","description":"Rolcontainers","potentialAction":[{"@type":"SearchAction","target":{"@type":"EntryPoint","urlTemplate":"https:\/\/www.vtsbv.com\/?s={search_term_string}"},"query-input":{"@type":"PropertyValueSpecification","valueRequired":true,"valueName":"search_term_string"}}],"inLanguage":"de"}]}},"_links":{"self":[{"href":"https:\/\/www.vtsbv.com\/de\/wp-json\/wp\/v2\/product\/2021","targetHints":{"allow":["GET"]}}],"collection":[{"href":"https:\/\/www.vtsbv.com\/de\/wp-json\/wp\/v2\/product"}],"about":[{"href":"https:\/\/www.vtsbv.com\/de\/wp-json\/wp\/v2\/types\/product"}],"replies":[{"embeddable":true,"href":"https:\/\/www.vtsbv.com\/de\/wp-json\/wp\/v2\/comments?post=2021"}],"wp:featuredmedia":[{"embeddable":true,"href":"https:\/\/www.vtsbv.com\/de\/wp-json\/wp\/v2\/media\/1851"}],"wp:attachment":[{"href":"https:\/\/www.vtsbv.com\/de\/wp-json\/wp\/v2\/media?parent=2021"}],"wp:term":[{"taxonomy":"product_brand","embeddable":true,"href":"https:\/\/www.vtsbv.com\/de\/wp-json\/wp\/v2\/product_brand?post=2021"},{"taxonomy":"product_cat","embeddable":true,"href":"https:\/\/www.vtsbv.com\/de\/wp-json\/wp\/v2\/product_cat?post=2021"},{"taxonomy":"product_tag","embeddable":true,"href":"https:\/\/www.vtsbv.com\/de\/wp-json\/wp\/v2\/product_tag?post=2021"}],"curies":[{"name":"wp","href":"https:\/\/api.w.org\/{rel}","templated":true}]}}