{"id":2020,"date":"2016-09-22T10:28:16","date_gmt":"2016-09-22T09:28:16","guid":{"rendered":"http:\/\/www.vtsbv.com\/de\/?post_type=product&#038;p=2020"},"modified":"2016-09-22T10:28:16","modified_gmt":"2016-09-22T09:28:16","slug":"waeschecontainer-typ-vts-box","status":"publish","type":"product","link":"https:\/\/www.vtsbv.com\/de\/product\/waeschecontainer-typ-vts-box\/","title":{"rendered":"W\u00e4schecontainer Typ \u201eVTS BOX\u201c"},"content":{"rendered":"","protected":false},"excerpt":{"rendered":"<ul>\n<ul>\n<li>Gefertigt aus rundem Roh 19&#215;1,5 mm<\/li>\n<li>Ausgestattet mit 2 einklappbaren Ebenen, oberste Ebene mit Gelenk VTS B.B. (Patent NL1001880) versehen und unterste Ebene herabh\u00e4ngend von der Vorderseite des Containers\n<\/li>\n<li>Feinmaschige W\u00e4nde<\/li>\n<li>Ausgestattet mit fester Kleiderstange<\/li>\n<li>Seitenw\u00e4nde mit zus\u00e4tzlicher vertikaler Verstrebung ausgestattet<\/li>\n<li>Die W\u00e4nde sind durch Kunststoffklemmen miteinander verbunden<\/li>\n<li>Standardm\u00e4\u00dfig ausgestattet mit Kupplungssystem zum Klappen. Starke Ausf\u00fchrung (8 mm)<\/li>\n<li>Der Container ist mit 2 Bock- und 2 Lenkrollen ausgestattet, grau Gummi,<br \/>\nDurchmesser 125 mm, ausgestattet mit Kugellager und Gewindekappe<\/li>\n<li>Die Nachbehandlung der Container ist sehr hochwertig. Sie sind galvanisch verzinkt und dar\u00fcber hinaus mit einer zus\u00e4tzlichen Beschichtung versehen, wodurch sie noch korrosionsbest\u00e4ndiger sind.<\/li>\n<\/ul>\n<\/ul>\n<table style=\"height: 183px;\" width=\"350\">\n<tbody>\n<tr>\n<th>\n<p style=\"text-align: left;\"><strong>Art.-Nr.<\/strong><\/p>\n<\/th>\n<th style=\"text-align: left;\"><strong>Abmessungen au\u00dfen<\/strong><\/th>\n<th style=\"text-align: left;\"><strong>Ausf\u00fchrung<\/strong><\/th>\n<\/tr>\n<tr>\n<td>\n<p style=\"text-align: left;\">VR071-310-00G<\/p>\n<\/td>\n<td style=\"text-align: left;\">820x620x1800 mm<\/td>\n<td>\n<p style=\"text-align: left;\">mit Gelenk<\/p>\n<\/td>\n<\/tr>\n<tr>\n<td style=\"text-align: left;\">VR210-100-00G<\/td>\n<td style=\"text-align: left;\">860x660x1800 mm<\/td>\n<td>\n<p style=\"text-align: left;\">mit Gelenk<\/p>\n<\/td>\n<\/tr>\n<\/tbody>\n<\/table>\n<p>&nbsp;<\/p>\n<p>&nbsp;<\/p>\n","protected":false},"featured_media":672,"comment_status":"open","ping_status":"closed","template":"","meta":[],"product_brand":[],"product_cat":[220],"product_tag":[],"class_list":{"0":"post-2020","1":"product","2":"type-product","3":"status-publish","4":"has-post-thumbnail","6":"product_cat-waeschewagen-de","8":"first","9":"instock","10":"shipping-taxable","11":"product-type-simple"},"yoast_head":"<!-- This site is optimized with the Yoast SEO plugin v27.4 - https:\/\/yoast.com\/product\/yoast-seo-wordpress\/ -->\n<title>W\u00e4schecontainer Typ \u201eVTS BOX\u201c - VTS<\/title>\n<meta name=\"robots\" content=\"index, follow, max-snippet:-1, max-image-preview:large, max-video-preview:-1\" \/>\n<link rel=\"canonical\" href=\"https:\/\/www.vtsbv.com\/de\/product\/waeschecontainer-typ-vts-box\/\" \/>\n<meta property=\"og:locale\" content=\"de_DE\" \/>\n<meta property=\"og:type\" content=\"article\" \/>\n<meta property=\"og:title\" content=\"W\u00e4schecontainer Typ \u201eVTS BOX\u201c - VTS\" \/>\n<meta property=\"og:description\" content=\"Gefertigt aus rundem Roh 19x1,5 mm  Ausgestattet mit 2 einklappbaren Ebenen, oberste Ebene mit Gelenk VTS B.B. (Patent NL1001880) versehen und unterste Ebene herabh\u00e4ngend von der Vorderseite des Containers   Feinmaschige W\u00e4nde  Ausgestattet mit fester Kleiderstange  Seitenw\u00e4nde mit zus\u00e4tzlicher vertikaler Verstrebung ausgestattet  Die W\u00e4nde sind durch Kunststoffklemmen miteinander verbunden  Standardm\u00e4\u00dfig ausgestattet mit Kupplungssystem zum Klappen. Starke Ausf\u00fchrung (8 mm)  Der Container ist mit 2 Bock- und 2 Lenkrollen ausgestattet, grau Gummi,  Durchmesser 125 mm, ausgestattet mit Kugellager und Gewindekappe  Die Nachbehandlung der Container ist sehr hochwertig. Sie sind galvanisch verzinkt und dar\u00fcber hinaus mit einer zus\u00e4tzlichen Beschichtung versehen, wodurch sie noch korrosionsbest\u00e4ndiger sind.       Art.-Nr.  Abmessungen au\u00dfen Ausf\u00fchrung    VR071-310-00G  820x620x1800 mm  mit Gelenk    VR210-100-00G 860x660x1800 mm  mit Gelenk     &nbsp;  &nbsp;\" \/>\n<meta property=\"og:url\" content=\"https:\/\/www.vtsbv.com\/de\/product\/waeschecontainer-typ-vts-box\/\" \/>\n<meta property=\"og:site_name\" content=\"VTS\" \/>\n<meta property=\"og:image\" content=\"https:\/\/www.vtsbv.com\/wp-content\/uploads\/2015\/04\/VTSBOX_11.jpg\" \/>\n\t<meta property=\"og:image:width\" content=\"500\" \/>\n\t<meta property=\"og:image:height\" content=\"750\" \/>\n\t<meta property=\"og:image:type\" content=\"image\/jpeg\" \/>\n<meta name=\"twitter:card\" content=\"summary_large_image\" \/>\n<script type=\"application\/ld+json\" class=\"yoast-schema-graph\">{\"@context\":\"https:\\\/\\\/schema.org\",\"@graph\":[{\"@type\":\"WebPage\",\"@id\":\"https:\\\/\\\/www.vtsbv.com\\\/de\\\/product\\\/waeschecontainer-typ-vts-box\\\/\",\"url\":\"https:\\\/\\\/www.vtsbv.com\\\/de\\\/product\\\/waeschecontainer-typ-vts-box\\\/\",\"name\":\"W\u00e4schecontainer Typ \u201eVTS BOX\u201c - VTS\",\"isPartOf\":{\"@id\":\"https:\\\/\\\/www.vtsbv.com\\\/#website\"},\"primaryImageOfPage\":{\"@id\":\"https:\\\/\\\/www.vtsbv.com\\\/de\\\/product\\\/waeschecontainer-typ-vts-box\\\/#primaryimage\"},\"image\":{\"@id\":\"https:\\\/\\\/www.vtsbv.com\\\/de\\\/product\\\/waeschecontainer-typ-vts-box\\\/#primaryimage\"},\"thumbnailUrl\":\"https:\\\/\\\/www.vtsbv.com\\\/wp-content\\\/uploads\\\/2015\\\/04\\\/VTSBOX_11.jpg\",\"datePublished\":\"2016-09-22T09:28:16+00:00\",\"breadcrumb\":{\"@id\":\"https:\\\/\\\/www.vtsbv.com\\\/de\\\/product\\\/waeschecontainer-typ-vts-box\\\/#breadcrumb\"},\"inLanguage\":\"de\",\"potentialAction\":[{\"@type\":\"ReadAction\",\"target\":[\"https:\\\/\\\/www.vtsbv.com\\\/de\\\/product\\\/waeschecontainer-typ-vts-box\\\/\"]}]},{\"@type\":\"ImageObject\",\"inLanguage\":\"de\",\"@id\":\"https:\\\/\\\/www.vtsbv.com\\\/de\\\/product\\\/waeschecontainer-typ-vts-box\\\/#primaryimage\",\"url\":\"https:\\\/\\\/www.vtsbv.com\\\/wp-content\\\/uploads\\\/2015\\\/04\\\/VTSBOX_11.jpg\",\"contentUrl\":\"https:\\\/\\\/www.vtsbv.com\\\/wp-content\\\/uploads\\\/2015\\\/04\\\/VTSBOX_11.jpg\",\"width\":500,\"height\":750},{\"@type\":\"BreadcrumbList\",\"@id\":\"https:\\\/\\\/www.vtsbv.com\\\/de\\\/product\\\/waeschecontainer-typ-vts-box\\\/#breadcrumb\",\"itemListElement\":[{\"@type\":\"ListItem\",\"position\":1,\"name\":\"Home\",\"item\":\"https:\\\/\\\/www.vtsbv.com\\\/de\\\/\"},{\"@type\":\"ListItem\",\"position\":2,\"name\":\"Winkel\",\"item\":\"https:\\\/\\\/www.vtsbv.com\\\/winkel\\\/\"},{\"@type\":\"ListItem\",\"position\":3,\"name\":\"W\u00e4schecontainer Typ \u201eVTS BOX\u201c\"}]},{\"@type\":\"WebSite\",\"@id\":\"https:\\\/\\\/www.vtsbv.com\\\/#website\",\"url\":\"https:\\\/\\\/www.vtsbv.com\\\/\",\"name\":\"VTS\",\"description\":\"Rolcontainers\",\"potentialAction\":[{\"@type\":\"SearchAction\",\"target\":{\"@type\":\"EntryPoint\",\"urlTemplate\":\"https:\\\/\\\/www.vtsbv.com\\\/?s={search_term_string}\"},\"query-input\":{\"@type\":\"PropertyValueSpecification\",\"valueRequired\":true,\"valueName\":\"search_term_string\"}}],\"inLanguage\":\"de\"}]}<\/script>\n<!-- \/ Yoast SEO plugin. -->","yoast_head_json":{"title":"W\u00e4schecontainer Typ \u201eVTS BOX\u201c - VTS","robots":{"index":"index","follow":"follow","max-snippet":"max-snippet:-1","max-image-preview":"max-image-preview:large","max-video-preview":"max-video-preview:-1"},"canonical":"https:\/\/www.vtsbv.com\/de\/product\/waeschecontainer-typ-vts-box\/","og_locale":"de_DE","og_type":"article","og_title":"W\u00e4schecontainer Typ \u201eVTS BOX\u201c - VTS","og_description":"Gefertigt aus rundem Roh 19x1,5 mm  Ausgestattet mit 2 einklappbaren Ebenen, oberste Ebene mit Gelenk VTS B.B. (Patent NL1001880) versehen und unterste Ebene herabh\u00e4ngend von der Vorderseite des Containers   Feinmaschige W\u00e4nde  Ausgestattet mit fester Kleiderstange  Seitenw\u00e4nde mit zus\u00e4tzlicher vertikaler Verstrebung ausgestattet  Die W\u00e4nde sind durch Kunststoffklemmen miteinander verbunden  Standardm\u00e4\u00dfig ausgestattet mit Kupplungssystem zum Klappen. Starke Ausf\u00fchrung (8 mm)  Der Container ist mit 2 Bock- und 2 Lenkrollen ausgestattet, grau Gummi,  Durchmesser 125 mm, ausgestattet mit Kugellager und Gewindekappe  Die Nachbehandlung der Container ist sehr hochwertig. Sie sind galvanisch verzinkt und dar\u00fcber hinaus mit einer zus\u00e4tzlichen Beschichtung versehen, wodurch sie noch korrosionsbest\u00e4ndiger sind.       Art.-Nr.  Abmessungen au\u00dfen Ausf\u00fchrung    VR071-310-00G  820x620x1800 mm  mit Gelenk    VR210-100-00G 860x660x1800 mm  mit Gelenk     &nbsp;  &nbsp;","og_url":"https:\/\/www.vtsbv.com\/de\/product\/waeschecontainer-typ-vts-box\/","og_site_name":"VTS","og_image":[{"width":500,"height":750,"url":"https:\/\/www.vtsbv.com\/wp-content\/uploads\/2015\/04\/VTSBOX_11.jpg","type":"image\/jpeg"}],"twitter_card":"summary_large_image","schema":{"@context":"https:\/\/schema.org","@graph":[{"@type":"WebPage","@id":"https:\/\/www.vtsbv.com\/de\/product\/waeschecontainer-typ-vts-box\/","url":"https:\/\/www.vtsbv.com\/de\/product\/waeschecontainer-typ-vts-box\/","name":"W\u00e4schecontainer Typ \u201eVTS BOX\u201c - VTS","isPartOf":{"@id":"https:\/\/www.vtsbv.com\/#website"},"primaryImageOfPage":{"@id":"https:\/\/www.vtsbv.com\/de\/product\/waeschecontainer-typ-vts-box\/#primaryimage"},"image":{"@id":"https:\/\/www.vtsbv.com\/de\/product\/waeschecontainer-typ-vts-box\/#primaryimage"},"thumbnailUrl":"https:\/\/www.vtsbv.com\/wp-content\/uploads\/2015\/04\/VTSBOX_11.jpg","datePublished":"2016-09-22T09:28:16+00:00","breadcrumb":{"@id":"https:\/\/www.vtsbv.com\/de\/product\/waeschecontainer-typ-vts-box\/#breadcrumb"},"inLanguage":"de","potentialAction":[{"@type":"ReadAction","target":["https:\/\/www.vtsbv.com\/de\/product\/waeschecontainer-typ-vts-box\/"]}]},{"@type":"ImageObject","inLanguage":"de","@id":"https:\/\/www.vtsbv.com\/de\/product\/waeschecontainer-typ-vts-box\/#primaryimage","url":"https:\/\/www.vtsbv.com\/wp-content\/uploads\/2015\/04\/VTSBOX_11.jpg","contentUrl":"https:\/\/www.vtsbv.com\/wp-content\/uploads\/2015\/04\/VTSBOX_11.jpg","width":500,"height":750},{"@type":"BreadcrumbList","@id":"https:\/\/www.vtsbv.com\/de\/product\/waeschecontainer-typ-vts-box\/#breadcrumb","itemListElement":[{"@type":"ListItem","position":1,"name":"Home","item":"https:\/\/www.vtsbv.com\/de\/"},{"@type":"ListItem","position":2,"name":"Winkel","item":"https:\/\/www.vtsbv.com\/winkel\/"},{"@type":"ListItem","position":3,"name":"W\u00e4schecontainer Typ \u201eVTS BOX\u201c"}]},{"@type":"WebSite","@id":"https:\/\/www.vtsbv.com\/#website","url":"https:\/\/www.vtsbv.com\/","name":"VTS","description":"Rolcontainers","potentialAction":[{"@type":"SearchAction","target":{"@type":"EntryPoint","urlTemplate":"https:\/\/www.vtsbv.com\/?s={search_term_string}"},"query-input":{"@type":"PropertyValueSpecification","valueRequired":true,"valueName":"search_term_string"}}],"inLanguage":"de"}]}},"_links":{"self":[{"href":"https:\/\/www.vtsbv.com\/de\/wp-json\/wp\/v2\/product\/2020","targetHints":{"allow":["GET"]}}],"collection":[{"href":"https:\/\/www.vtsbv.com\/de\/wp-json\/wp\/v2\/product"}],"about":[{"href":"https:\/\/www.vtsbv.com\/de\/wp-json\/wp\/v2\/types\/product"}],"replies":[{"embeddable":true,"href":"https:\/\/www.vtsbv.com\/de\/wp-json\/wp\/v2\/comments?post=2020"}],"wp:featuredmedia":[{"embeddable":true,"href":"https:\/\/www.vtsbv.com\/de\/wp-json\/wp\/v2\/media\/672"}],"wp:attachment":[{"href":"https:\/\/www.vtsbv.com\/de\/wp-json\/wp\/v2\/media?parent=2020"}],"wp:term":[{"taxonomy":"product_brand","embeddable":true,"href":"https:\/\/www.vtsbv.com\/de\/wp-json\/wp\/v2\/product_brand?post=2020"},{"taxonomy":"product_cat","embeddable":true,"href":"https:\/\/www.vtsbv.com\/de\/wp-json\/wp\/v2\/product_cat?post=2020"},{"taxonomy":"product_tag","embeddable":true,"href":"https:\/\/www.vtsbv.com\/de\/wp-json\/wp\/v2\/product_tag?post=2020"}],"curies":[{"name":"wp","href":"https:\/\/api.w.org\/{rel}","templated":true}]}}