{"id":2016,"date":"2016-09-22T10:14:45","date_gmt":"2016-09-22T09:14:45","guid":{"rendered":"http:\/\/www.vtsbv.com\/de\/?post_type=product&#038;p=2016"},"modified":"2016-09-22T10:14:45","modified_gmt":"2016-09-22T09:14:45","slug":"waeschecontainer-typ-basic","status":"publish","type":"product","link":"https:\/\/www.vtsbv.com\/de\/product\/waeschecontainer-typ-basic\/","title":{"rendered":"W\u00e4schecontainer Typ \u201eBasic\u201c"},"content":{"rendered":"","protected":false},"excerpt":{"rendered":"<ul>\n<li>Der Container ist aus rechteckigen Rohren 20&#215;20 mm gefertigt<\/li>\n<li>Alle Unterteile sind mittels Schraubverbindungen miteinander verbunden<\/li>\n<li>1 Boden ausgestattet mit feinmaschiger Drahtmatte<\/li>\n<li>1 R\u00fcckgitter ausgestattet mit Draht von 6 mm und Strippe 20&#215;5 mm<\/li>\n<li>2 Seitengitter ausgestattet mit Draht 6 mm und Strippe 20&#215;5 mm<\/li>\n<li>1 Textschild am rechten Seitengitter<\/li>\n<li>Lieferbar mit verschiedenen Rollenarten<\/li>\n<li>Die Nachbehandlung dieser Container ist sehr hochwertig. Sie sind galvanisch verzinkt und dar\u00fcber hinaus mit einer zus\u00e4tzlichen Beschichtung versehen, wodurch sie noch korrosionsbest\u00e4ndiger sind.<\/li>\n<\/ul>\n<p><strong>Dieser Container bietet die folgenden Optionen:<\/strong><\/p>\n<ul>\n<li>Drehbares unteres Gitter und einklappbares oberes Gitter<\/li>\n<li>Festes unteres Gitter und einklappbares oberes Gitter<\/li>\n<\/ul>\n<table>\n<tbody>\n<tr>\n<th>Art.-Nr.<\/th>\n<th>Abmessungen au\u00dfen<\/th>\n<\/tr>\n<tr>\n<td>VR000-100-00G<\/td>\n<td>810x720x1765 mm<\/td>\n<\/tr>\n<tr>\n<td>VR000-150-00G<\/td>\n<td>810x720x1535 mm<\/td>\n<\/tr>\n<\/tbody>\n<\/table>\n","protected":false},"featured_media":603,"comment_status":"open","ping_status":"closed","template":"","meta":[],"product_brand":[],"product_cat":[198],"product_tag":[],"class_list":{"0":"post-2016","1":"product","2":"type-product","3":"status-publish","4":"has-post-thumbnail","6":"product_cat-waescherei-rollcontainer","8":"first","9":"instock","10":"shipping-taxable","11":"product-type-simple"},"yoast_head":"<!-- This site is optimized with the Yoast SEO plugin v27.4 - https:\/\/yoast.com\/product\/yoast-seo-wordpress\/ -->\n<title>W\u00e4schecontainer Typ \u201eBasic\u201c - VTS<\/title>\n<meta name=\"robots\" content=\"index, follow, max-snippet:-1, max-image-preview:large, max-video-preview:-1\" \/>\n<link rel=\"canonical\" href=\"https:\/\/www.vtsbv.com\/de\/product\/waeschecontainer-typ-basic\/\" \/>\n<meta property=\"og:locale\" content=\"de_DE\" \/>\n<meta property=\"og:type\" content=\"article\" \/>\n<meta property=\"og:title\" content=\"W\u00e4schecontainer Typ \u201eBasic\u201c - VTS\" \/>\n<meta property=\"og:description\" content=\"Der Container ist aus rechteckigen Rohren 20x20 mm gefertigt  Alle Unterteile sind mittels Schraubverbindungen miteinander verbunden  1 Boden ausgestattet mit feinmaschiger Drahtmatte  1 R\u00fcckgitter ausgestattet mit Draht von 6 mm und Strippe 20x5 mm  2 Seitengitter ausgestattet mit Draht 6 mm und Strippe 20x5 mm  1 Textschild am rechten Seitengitter  Lieferbar mit verschiedenen Rollenarten  Die Nachbehandlung dieser Container ist sehr hochwertig. Sie sind galvanisch verzinkt und dar\u00fcber hinaus mit einer zus\u00e4tzlichen Beschichtung versehen, wodurch sie noch korrosionsbest\u00e4ndiger sind.  Dieser Container bietet die folgenden Optionen:   Drehbares unteres Gitter und einklappbares oberes Gitter  Festes unteres Gitter und einklappbares oberes Gitter     Art.-Nr. Abmessungen au\u00dfen   VR000-100-00G 810x720x1765 mm   VR000-150-00G 810x720x1535 mm\" \/>\n<meta property=\"og:url\" content=\"https:\/\/www.vtsbv.com\/de\/product\/waeschecontainer-typ-basic\/\" \/>\n<meta property=\"og:site_name\" content=\"VTS\" \/>\n<meta property=\"og:image\" content=\"https:\/\/www.vtsbv.com\/wp-content\/uploads\/2015\/04\/Basic_11.jpg\" \/>\n\t<meta property=\"og:image:width\" content=\"500\" \/>\n\t<meta property=\"og:image:height\" content=\"965\" \/>\n\t<meta property=\"og:image:type\" content=\"image\/jpeg\" \/>\n<meta name=\"twitter:card\" content=\"summary_large_image\" \/>\n<script type=\"application\/ld+json\" class=\"yoast-schema-graph\">{\"@context\":\"https:\\\/\\\/schema.org\",\"@graph\":[{\"@type\":\"WebPage\",\"@id\":\"https:\\\/\\\/www.vtsbv.com\\\/de\\\/product\\\/waeschecontainer-typ-basic\\\/\",\"url\":\"https:\\\/\\\/www.vtsbv.com\\\/de\\\/product\\\/waeschecontainer-typ-basic\\\/\",\"name\":\"W\u00e4schecontainer Typ \u201eBasic\u201c - VTS\",\"isPartOf\":{\"@id\":\"https:\\\/\\\/www.vtsbv.com\\\/#website\"},\"primaryImageOfPage\":{\"@id\":\"https:\\\/\\\/www.vtsbv.com\\\/de\\\/product\\\/waeschecontainer-typ-basic\\\/#primaryimage\"},\"image\":{\"@id\":\"https:\\\/\\\/www.vtsbv.com\\\/de\\\/product\\\/waeschecontainer-typ-basic\\\/#primaryimage\"},\"thumbnailUrl\":\"https:\\\/\\\/www.vtsbv.com\\\/wp-content\\\/uploads\\\/2015\\\/04\\\/Basic_11.jpg\",\"datePublished\":\"2016-09-22T09:14:45+00:00\",\"breadcrumb\":{\"@id\":\"https:\\\/\\\/www.vtsbv.com\\\/de\\\/product\\\/waeschecontainer-typ-basic\\\/#breadcrumb\"},\"inLanguage\":\"de\",\"potentialAction\":[{\"@type\":\"ReadAction\",\"target\":[\"https:\\\/\\\/www.vtsbv.com\\\/de\\\/product\\\/waeschecontainer-typ-basic\\\/\"]}]},{\"@type\":\"ImageObject\",\"inLanguage\":\"de\",\"@id\":\"https:\\\/\\\/www.vtsbv.com\\\/de\\\/product\\\/waeschecontainer-typ-basic\\\/#primaryimage\",\"url\":\"https:\\\/\\\/www.vtsbv.com\\\/wp-content\\\/uploads\\\/2015\\\/04\\\/Basic_11.jpg\",\"contentUrl\":\"https:\\\/\\\/www.vtsbv.com\\\/wp-content\\\/uploads\\\/2015\\\/04\\\/Basic_11.jpg\",\"width\":500,\"height\":965},{\"@type\":\"BreadcrumbList\",\"@id\":\"https:\\\/\\\/www.vtsbv.com\\\/de\\\/product\\\/waeschecontainer-typ-basic\\\/#breadcrumb\",\"itemListElement\":[{\"@type\":\"ListItem\",\"position\":1,\"name\":\"Home\",\"item\":\"https:\\\/\\\/www.vtsbv.com\\\/de\\\/\"},{\"@type\":\"ListItem\",\"position\":2,\"name\":\"Winkel\",\"item\":\"https:\\\/\\\/www.vtsbv.com\\\/winkel\\\/\"},{\"@type\":\"ListItem\",\"position\":3,\"name\":\"W\u00e4schecontainer Typ \u201eBasic\u201c\"}]},{\"@type\":\"WebSite\",\"@id\":\"https:\\\/\\\/www.vtsbv.com\\\/#website\",\"url\":\"https:\\\/\\\/www.vtsbv.com\\\/\",\"name\":\"VTS\",\"description\":\"Rolcontainers\",\"potentialAction\":[{\"@type\":\"SearchAction\",\"target\":{\"@type\":\"EntryPoint\",\"urlTemplate\":\"https:\\\/\\\/www.vtsbv.com\\\/?s={search_term_string}\"},\"query-input\":{\"@type\":\"PropertyValueSpecification\",\"valueRequired\":true,\"valueName\":\"search_term_string\"}}],\"inLanguage\":\"de\"}]}<\/script>\n<!-- \/ Yoast SEO plugin. -->","yoast_head_json":{"title":"W\u00e4schecontainer Typ \u201eBasic\u201c - VTS","robots":{"index":"index","follow":"follow","max-snippet":"max-snippet:-1","max-image-preview":"max-image-preview:large","max-video-preview":"max-video-preview:-1"},"canonical":"https:\/\/www.vtsbv.com\/de\/product\/waeschecontainer-typ-basic\/","og_locale":"de_DE","og_type":"article","og_title":"W\u00e4schecontainer Typ \u201eBasic\u201c - VTS","og_description":"Der Container ist aus rechteckigen Rohren 20x20 mm gefertigt  Alle Unterteile sind mittels Schraubverbindungen miteinander verbunden  1 Boden ausgestattet mit feinmaschiger Drahtmatte  1 R\u00fcckgitter ausgestattet mit Draht von 6 mm und Strippe 20x5 mm  2 Seitengitter ausgestattet mit Draht 6 mm und Strippe 20x5 mm  1 Textschild am rechten Seitengitter  Lieferbar mit verschiedenen Rollenarten  Die Nachbehandlung dieser Container ist sehr hochwertig. Sie sind galvanisch verzinkt und dar\u00fcber hinaus mit einer zus\u00e4tzlichen Beschichtung versehen, wodurch sie noch korrosionsbest\u00e4ndiger sind.  Dieser Container bietet die folgenden Optionen:   Drehbares unteres Gitter und einklappbares oberes Gitter  Festes unteres Gitter und einklappbares oberes Gitter     Art.-Nr. Abmessungen au\u00dfen   VR000-100-00G 810x720x1765 mm   VR000-150-00G 810x720x1535 mm","og_url":"https:\/\/www.vtsbv.com\/de\/product\/waeschecontainer-typ-basic\/","og_site_name":"VTS","og_image":[{"width":500,"height":965,"url":"https:\/\/www.vtsbv.com\/wp-content\/uploads\/2015\/04\/Basic_11.jpg","type":"image\/jpeg"}],"twitter_card":"summary_large_image","schema":{"@context":"https:\/\/schema.org","@graph":[{"@type":"WebPage","@id":"https:\/\/www.vtsbv.com\/de\/product\/waeschecontainer-typ-basic\/","url":"https:\/\/www.vtsbv.com\/de\/product\/waeschecontainer-typ-basic\/","name":"W\u00e4schecontainer Typ \u201eBasic\u201c - VTS","isPartOf":{"@id":"https:\/\/www.vtsbv.com\/#website"},"primaryImageOfPage":{"@id":"https:\/\/www.vtsbv.com\/de\/product\/waeschecontainer-typ-basic\/#primaryimage"},"image":{"@id":"https:\/\/www.vtsbv.com\/de\/product\/waeschecontainer-typ-basic\/#primaryimage"},"thumbnailUrl":"https:\/\/www.vtsbv.com\/wp-content\/uploads\/2015\/04\/Basic_11.jpg","datePublished":"2016-09-22T09:14:45+00:00","breadcrumb":{"@id":"https:\/\/www.vtsbv.com\/de\/product\/waeschecontainer-typ-basic\/#breadcrumb"},"inLanguage":"de","potentialAction":[{"@type":"ReadAction","target":["https:\/\/www.vtsbv.com\/de\/product\/waeschecontainer-typ-basic\/"]}]},{"@type":"ImageObject","inLanguage":"de","@id":"https:\/\/www.vtsbv.com\/de\/product\/waeschecontainer-typ-basic\/#primaryimage","url":"https:\/\/www.vtsbv.com\/wp-content\/uploads\/2015\/04\/Basic_11.jpg","contentUrl":"https:\/\/www.vtsbv.com\/wp-content\/uploads\/2015\/04\/Basic_11.jpg","width":500,"height":965},{"@type":"BreadcrumbList","@id":"https:\/\/www.vtsbv.com\/de\/product\/waeschecontainer-typ-basic\/#breadcrumb","itemListElement":[{"@type":"ListItem","position":1,"name":"Home","item":"https:\/\/www.vtsbv.com\/de\/"},{"@type":"ListItem","position":2,"name":"Winkel","item":"https:\/\/www.vtsbv.com\/winkel\/"},{"@type":"ListItem","position":3,"name":"W\u00e4schecontainer Typ \u201eBasic\u201c"}]},{"@type":"WebSite","@id":"https:\/\/www.vtsbv.com\/#website","url":"https:\/\/www.vtsbv.com\/","name":"VTS","description":"Rolcontainers","potentialAction":[{"@type":"SearchAction","target":{"@type":"EntryPoint","urlTemplate":"https:\/\/www.vtsbv.com\/?s={search_term_string}"},"query-input":{"@type":"PropertyValueSpecification","valueRequired":true,"valueName":"search_term_string"}}],"inLanguage":"de"}]}},"_links":{"self":[{"href":"https:\/\/www.vtsbv.com\/de\/wp-json\/wp\/v2\/product\/2016","targetHints":{"allow":["GET"]}}],"collection":[{"href":"https:\/\/www.vtsbv.com\/de\/wp-json\/wp\/v2\/product"}],"about":[{"href":"https:\/\/www.vtsbv.com\/de\/wp-json\/wp\/v2\/types\/product"}],"replies":[{"embeddable":true,"href":"https:\/\/www.vtsbv.com\/de\/wp-json\/wp\/v2\/comments?post=2016"}],"wp:featuredmedia":[{"embeddable":true,"href":"https:\/\/www.vtsbv.com\/de\/wp-json\/wp\/v2\/media\/603"}],"wp:attachment":[{"href":"https:\/\/www.vtsbv.com\/de\/wp-json\/wp\/v2\/media?parent=2016"}],"wp:term":[{"taxonomy":"product_brand","embeddable":true,"href":"https:\/\/www.vtsbv.com\/de\/wp-json\/wp\/v2\/product_brand?post=2016"},{"taxonomy":"product_cat","embeddable":true,"href":"https:\/\/www.vtsbv.com\/de\/wp-json\/wp\/v2\/product_cat?post=2016"},{"taxonomy":"product_tag","embeddable":true,"href":"https:\/\/www.vtsbv.com\/de\/wp-json\/wp\/v2\/product_tag?post=2016"}],"curies":[{"name":"wp","href":"https:\/\/api.w.org\/{rel}","templated":true}]}}