{"id":2014,"date":"2016-09-22T10:09:43","date_gmt":"2016-09-22T09:09:43","guid":{"rendered":"http:\/\/www.vtsbv.com\/de\/?post_type=product&#038;p=2014"},"modified":"2016-09-22T10:09:43","modified_gmt":"2016-09-22T09:09:43","slug":"waschcontainer-compact-compact-maxi","status":"publish","type":"product","link":"https:\/\/www.vtsbv.com\/de\/product\/waschcontainer-compact-compact-maxi\/","title":{"rendered":"Waschcontainer \u201eCompact \/ Compact Maxi\u201c"},"content":{"rendered":"","protected":false},"excerpt":{"rendered":"<ul>\n<li>1 Boden ausgestattet mit einer schr\u00e4g platzierten Stahlbodenplatte<br \/>\nSt\u00e4rke 1,5 mm. <\/li>\n<li>1 R\u00fcckwand<\/li>\n<li>2 Seitengitter, das rechte Seitengitter ist mit Namensschild aus Aluminium ausgestattet.<\/li>\n<li>2 T\u00fcrelemente mit den gleichen Abmessungen mit Verriegelung, die T\u00fcren sind 270\u00b0 drehbar.<\/li>\n<li>2 Ebenen an der R\u00fcckwand eingeh\u00e4ngt.<\/li>\n<li>Drehbare Kleiderstange.<\/li>\n<li>2 Bock-, 2 Lenkrollen, wovon eine mit Bremse, Durchm. 125 mm, grau Gummi,<br \/>\n\tausgestattet mit Kugellager und Gewindekappe.<\/li>\n<li>Die Nachbehandlung der Container ist sehr hochwertig. Sie sind galvanisch verzinkt und dar\u00fcber hinaus mit einer zus\u00e4tzlichen Beschichtung ausgestattet, wodurch sie noch korrosionsbest\u00e4ndiger sind.<\/li>\n<\/ul>\n<table>\n<tbody>\n<tr>\n<th>Art.-Nr.<\/th>\n<th>Abmessungen au\u00dfen<\/th>\n<\/tr>\n<tr>\n<td>VR168-100-00G<\/td>\n<td>680x460x1500 mm<\/td>\n<\/tr>\n<tr>\n<td>VR168-300-00G<\/td>\n<td>820x500x1500 mm<\/td>\n<\/tr>\n<\/tbody>\n<\/table>\n","protected":false},"featured_media":185,"comment_status":"open","ping_status":"closed","template":"","meta":[],"product_brand":[],"product_cat":[220],"product_tag":[],"class_list":{"0":"post-2014","1":"product","2":"type-product","3":"status-publish","4":"has-post-thumbnail","6":"product_cat-waeschewagen-de","8":"first","9":"instock","10":"shipping-taxable","11":"product-type-simple"},"yoast_head":"<!-- This site is optimized with the Yoast SEO plugin v27.4 - https:\/\/yoast.com\/product\/yoast-seo-wordpress\/ -->\n<title>Waschcontainer \u201eCompact \/ Compact Maxi\u201c - VTS<\/title>\n<meta name=\"robots\" content=\"index, follow, max-snippet:-1, max-image-preview:large, max-video-preview:-1\" \/>\n<link rel=\"canonical\" href=\"https:\/\/www.vtsbv.com\/de\/product\/waschcontainer-compact-compact-maxi\/\" \/>\n<meta property=\"og:locale\" content=\"de_DE\" \/>\n<meta property=\"og:type\" content=\"article\" \/>\n<meta property=\"og:title\" content=\"Waschcontainer \u201eCompact \/ Compact Maxi\u201c - VTS\" \/>\n<meta property=\"og:description\" content=\"1 Boden ausgestattet mit einer schr\u00e4g platzierten Stahlbodenplatte St\u00e4rke 1,5 mm.  1 R\u00fcckwand  2 Seitengitter, das rechte Seitengitter ist mit Namensschild aus Aluminium ausgestattet.  2 T\u00fcrelemente mit den gleichen Abmessungen mit Verriegelung, die T\u00fcren sind 270\u00b0 drehbar.  2 Ebenen an der R\u00fcckwand eingeh\u00e4ngt.  Drehbare Kleiderstange.  2 Bock-, 2 Lenkrollen, wovon eine mit Bremse, Durchm. 125 mm, grau Gummi,  ausgestattet mit Kugellager und Gewindekappe.  Die Nachbehandlung der Container ist sehr hochwertig. Sie sind galvanisch verzinkt und dar\u00fcber hinaus mit einer zus\u00e4tzlichen Beschichtung ausgestattet, wodurch sie noch korrosionsbest\u00e4ndiger sind.     Art.-Nr. Abmessungen au\u00dfen   VR168-100-00G 680x460x1500 mm   VR168-300-00G 820x500x1500 mm\" \/>\n<meta property=\"og:url\" content=\"https:\/\/www.vtsbv.com\/de\/product\/waschcontainer-compact-compact-maxi\/\" \/>\n<meta property=\"og:site_name\" content=\"VTS\" \/>\n<meta property=\"og:image\" content=\"https:\/\/www.vtsbv.com\/wp-content\/uploads\/2015\/02\/Compact_1_1.jpg\" \/>\n\t<meta property=\"og:image:width\" content=\"493\" \/>\n\t<meta property=\"og:image:height\" content=\"900\" \/>\n\t<meta property=\"og:image:type\" content=\"image\/jpeg\" \/>\n<meta name=\"twitter:card\" content=\"summary_large_image\" \/>\n<script type=\"application\/ld+json\" class=\"yoast-schema-graph\">{\"@context\":\"https:\\\/\\\/schema.org\",\"@graph\":[{\"@type\":\"WebPage\",\"@id\":\"https:\\\/\\\/www.vtsbv.com\\\/de\\\/product\\\/waschcontainer-compact-compact-maxi\\\/\",\"url\":\"https:\\\/\\\/www.vtsbv.com\\\/de\\\/product\\\/waschcontainer-compact-compact-maxi\\\/\",\"name\":\"Waschcontainer \u201eCompact \\\/ Compact Maxi\u201c - VTS\",\"isPartOf\":{\"@id\":\"https:\\\/\\\/www.vtsbv.com\\\/#website\"},\"primaryImageOfPage\":{\"@id\":\"https:\\\/\\\/www.vtsbv.com\\\/de\\\/product\\\/waschcontainer-compact-compact-maxi\\\/#primaryimage\"},\"image\":{\"@id\":\"https:\\\/\\\/www.vtsbv.com\\\/de\\\/product\\\/waschcontainer-compact-compact-maxi\\\/#primaryimage\"},\"thumbnailUrl\":\"https:\\\/\\\/www.vtsbv.com\\\/wp-content\\\/uploads\\\/2015\\\/02\\\/Compact_1_1.jpg\",\"datePublished\":\"2016-09-22T09:09:43+00:00\",\"breadcrumb\":{\"@id\":\"https:\\\/\\\/www.vtsbv.com\\\/de\\\/product\\\/waschcontainer-compact-compact-maxi\\\/#breadcrumb\"},\"inLanguage\":\"de\",\"potentialAction\":[{\"@type\":\"ReadAction\",\"target\":[\"https:\\\/\\\/www.vtsbv.com\\\/de\\\/product\\\/waschcontainer-compact-compact-maxi\\\/\"]}]},{\"@type\":\"ImageObject\",\"inLanguage\":\"de\",\"@id\":\"https:\\\/\\\/www.vtsbv.com\\\/de\\\/product\\\/waschcontainer-compact-compact-maxi\\\/#primaryimage\",\"url\":\"https:\\\/\\\/www.vtsbv.com\\\/wp-content\\\/uploads\\\/2015\\\/02\\\/Compact_1_1.jpg\",\"contentUrl\":\"https:\\\/\\\/www.vtsbv.com\\\/wp-content\\\/uploads\\\/2015\\\/02\\\/Compact_1_1.jpg\",\"width\":493,\"height\":900},{\"@type\":\"BreadcrumbList\",\"@id\":\"https:\\\/\\\/www.vtsbv.com\\\/de\\\/product\\\/waschcontainer-compact-compact-maxi\\\/#breadcrumb\",\"itemListElement\":[{\"@type\":\"ListItem\",\"position\":1,\"name\":\"Home\",\"item\":\"https:\\\/\\\/www.vtsbv.com\\\/de\\\/\"},{\"@type\":\"ListItem\",\"position\":2,\"name\":\"Winkel\",\"item\":\"https:\\\/\\\/www.vtsbv.com\\\/winkel\\\/\"},{\"@type\":\"ListItem\",\"position\":3,\"name\":\"Waschcontainer \u201eCompact \\\/ Compact Maxi\u201c\"}]},{\"@type\":\"WebSite\",\"@id\":\"https:\\\/\\\/www.vtsbv.com\\\/#website\",\"url\":\"https:\\\/\\\/www.vtsbv.com\\\/\",\"name\":\"VTS\",\"description\":\"Rolcontainers\",\"potentialAction\":[{\"@type\":\"SearchAction\",\"target\":{\"@type\":\"EntryPoint\",\"urlTemplate\":\"https:\\\/\\\/www.vtsbv.com\\\/?s={search_term_string}\"},\"query-input\":{\"@type\":\"PropertyValueSpecification\",\"valueRequired\":true,\"valueName\":\"search_term_string\"}}],\"inLanguage\":\"de\"}]}<\/script>\n<!-- \/ Yoast SEO plugin. -->","yoast_head_json":{"title":"Waschcontainer \u201eCompact \/ Compact Maxi\u201c - VTS","robots":{"index":"index","follow":"follow","max-snippet":"max-snippet:-1","max-image-preview":"max-image-preview:large","max-video-preview":"max-video-preview:-1"},"canonical":"https:\/\/www.vtsbv.com\/de\/product\/waschcontainer-compact-compact-maxi\/","og_locale":"de_DE","og_type":"article","og_title":"Waschcontainer \u201eCompact \/ Compact Maxi\u201c - VTS","og_description":"1 Boden ausgestattet mit einer schr\u00e4g platzierten Stahlbodenplatte St\u00e4rke 1,5 mm.  1 R\u00fcckwand  2 Seitengitter, das rechte Seitengitter ist mit Namensschild aus Aluminium ausgestattet.  2 T\u00fcrelemente mit den gleichen Abmessungen mit Verriegelung, die T\u00fcren sind 270\u00b0 drehbar.  2 Ebenen an der R\u00fcckwand eingeh\u00e4ngt.  Drehbare Kleiderstange.  2 Bock-, 2 Lenkrollen, wovon eine mit Bremse, Durchm. 125 mm, grau Gummi,  ausgestattet mit Kugellager und Gewindekappe.  Die Nachbehandlung der Container ist sehr hochwertig. Sie sind galvanisch verzinkt und dar\u00fcber hinaus mit einer zus\u00e4tzlichen Beschichtung ausgestattet, wodurch sie noch korrosionsbest\u00e4ndiger sind.     Art.-Nr. Abmessungen au\u00dfen   VR168-100-00G 680x460x1500 mm   VR168-300-00G 820x500x1500 mm","og_url":"https:\/\/www.vtsbv.com\/de\/product\/waschcontainer-compact-compact-maxi\/","og_site_name":"VTS","og_image":[{"width":493,"height":900,"url":"https:\/\/www.vtsbv.com\/wp-content\/uploads\/2015\/02\/Compact_1_1.jpg","type":"image\/jpeg"}],"twitter_card":"summary_large_image","schema":{"@context":"https:\/\/schema.org","@graph":[{"@type":"WebPage","@id":"https:\/\/www.vtsbv.com\/de\/product\/waschcontainer-compact-compact-maxi\/","url":"https:\/\/www.vtsbv.com\/de\/product\/waschcontainer-compact-compact-maxi\/","name":"Waschcontainer \u201eCompact \/ Compact Maxi\u201c - VTS","isPartOf":{"@id":"https:\/\/www.vtsbv.com\/#website"},"primaryImageOfPage":{"@id":"https:\/\/www.vtsbv.com\/de\/product\/waschcontainer-compact-compact-maxi\/#primaryimage"},"image":{"@id":"https:\/\/www.vtsbv.com\/de\/product\/waschcontainer-compact-compact-maxi\/#primaryimage"},"thumbnailUrl":"https:\/\/www.vtsbv.com\/wp-content\/uploads\/2015\/02\/Compact_1_1.jpg","datePublished":"2016-09-22T09:09:43+00:00","breadcrumb":{"@id":"https:\/\/www.vtsbv.com\/de\/product\/waschcontainer-compact-compact-maxi\/#breadcrumb"},"inLanguage":"de","potentialAction":[{"@type":"ReadAction","target":["https:\/\/www.vtsbv.com\/de\/product\/waschcontainer-compact-compact-maxi\/"]}]},{"@type":"ImageObject","inLanguage":"de","@id":"https:\/\/www.vtsbv.com\/de\/product\/waschcontainer-compact-compact-maxi\/#primaryimage","url":"https:\/\/www.vtsbv.com\/wp-content\/uploads\/2015\/02\/Compact_1_1.jpg","contentUrl":"https:\/\/www.vtsbv.com\/wp-content\/uploads\/2015\/02\/Compact_1_1.jpg","width":493,"height":900},{"@type":"BreadcrumbList","@id":"https:\/\/www.vtsbv.com\/de\/product\/waschcontainer-compact-compact-maxi\/#breadcrumb","itemListElement":[{"@type":"ListItem","position":1,"name":"Home","item":"https:\/\/www.vtsbv.com\/de\/"},{"@type":"ListItem","position":2,"name":"Winkel","item":"https:\/\/www.vtsbv.com\/winkel\/"},{"@type":"ListItem","position":3,"name":"Waschcontainer \u201eCompact \/ Compact Maxi\u201c"}]},{"@type":"WebSite","@id":"https:\/\/www.vtsbv.com\/#website","url":"https:\/\/www.vtsbv.com\/","name":"VTS","description":"Rolcontainers","potentialAction":[{"@type":"SearchAction","target":{"@type":"EntryPoint","urlTemplate":"https:\/\/www.vtsbv.com\/?s={search_term_string}"},"query-input":{"@type":"PropertyValueSpecification","valueRequired":true,"valueName":"search_term_string"}}],"inLanguage":"de"}]}},"_links":{"self":[{"href":"https:\/\/www.vtsbv.com\/de\/wp-json\/wp\/v2\/product\/2014","targetHints":{"allow":["GET"]}}],"collection":[{"href":"https:\/\/www.vtsbv.com\/de\/wp-json\/wp\/v2\/product"}],"about":[{"href":"https:\/\/www.vtsbv.com\/de\/wp-json\/wp\/v2\/types\/product"}],"replies":[{"embeddable":true,"href":"https:\/\/www.vtsbv.com\/de\/wp-json\/wp\/v2\/comments?post=2014"}],"wp:featuredmedia":[{"embeddable":true,"href":"https:\/\/www.vtsbv.com\/de\/wp-json\/wp\/v2\/media\/185"}],"wp:attachment":[{"href":"https:\/\/www.vtsbv.com\/de\/wp-json\/wp\/v2\/media?parent=2014"}],"wp:term":[{"taxonomy":"product_brand","embeddable":true,"href":"https:\/\/www.vtsbv.com\/de\/wp-json\/wp\/v2\/product_brand?post=2014"},{"taxonomy":"product_cat","embeddable":true,"href":"https:\/\/www.vtsbv.com\/de\/wp-json\/wp\/v2\/product_cat?post=2014"},{"taxonomy":"product_tag","embeddable":true,"href":"https:\/\/www.vtsbv.com\/de\/wp-json\/wp\/v2\/product_tag?post=2014"}],"curies":[{"name":"wp","href":"https:\/\/api.w.org\/{rel}","templated":true}]}}