{"id":2013,"date":"2016-09-22T10:04:59","date_gmt":"2016-09-22T09:04:59","guid":{"rendered":"http:\/\/www.vtsbv.com\/de\/?post_type=product&#038;p=2013"},"modified":"2017-06-20T08:59:19","modified_gmt":"2017-06-20T07:59:19","slug":"nestbare-rollcontainer-basis-xl","status":"publish","type":"product","link":"https:\/\/www.vtsbv.com\/de\/product\/nestbare-rollcontainer-basis-xl\/","title":{"rendered":"Zusammenschiebbare Container"},"content":{"rendered":"","protected":false},"excerpt":{"rendered":"<p>Dieser einfach nestbare Rollcontainer ist mit dem bekannten A Frame ausgestattet. Die Seitenwandscharniere an der festen R\u00fcckwand, genau wie das Bodenprofil. Auf Anfrage ist dieser Container mit anderen Abmessungen der Seitengitter und der R\u00fcckwand lieferbar. Standardm\u00e4\u00dfig ist dieser mit wei\u00dfen Kunststoffrollen (PP) mit einem Durchmesser von 125 mm ausgestattet. <\/p>\n<p>&nbsp;<\/p>\n<table>\n<tbody>\n<tr>\n<th>Art.-Nr.<\/th>\n<th>Abmessungen au\u00dfen<\/th>\n<\/tr>\n<tr>\n<td><\/td>\n<td>720x800x1850 mm<\/td>\n<\/tr>\n<\/tbody>\n<\/table>\n","protected":false},"featured_media":645,"comment_status":"open","ping_status":"closed","template":"","meta":[],"product_brand":[],"product_cat":[210],"product_tag":[],"class_list":{"0":"post-2013","1":"product","2":"type-product","3":"status-publish","4":"has-post-thumbnail","6":"product_cat-rollcontainer","8":"first","9":"instock","10":"shipping-taxable","11":"product-type-simple"},"yoast_head":"<!-- This site is optimized with the Yoast SEO plugin v27.4 - https:\/\/yoast.com\/product\/yoast-seo-wordpress\/ -->\n<title>Zusammenschiebbare Container - VTS<\/title>\n<meta name=\"robots\" content=\"index, follow, max-snippet:-1, max-image-preview:large, max-video-preview:-1\" \/>\n<link rel=\"canonical\" href=\"https:\/\/www.vtsbv.com\/de\/product\/nestbare-rollcontainer-basis-xl\/\" \/>\n<meta property=\"og:locale\" content=\"de_DE\" \/>\n<meta property=\"og:type\" content=\"article\" \/>\n<meta property=\"og:title\" content=\"Zusammenschiebbare Container - VTS\" \/>\n<meta property=\"og:description\" content=\"Dieser einfach nestbare Rollcontainer ist mit dem bekannten A Frame ausgestattet. Die Seitenwandscharniere an der festen R\u00fcckwand, genau wie das Bodenprofil. Auf Anfrage ist dieser Container mit anderen Abmessungen der Seitengitter und der R\u00fcckwand lieferbar. Standardm\u00e4\u00dfig ist dieser mit wei\u00dfen Kunststoffrollen (PP) mit einem Durchmesser von 125 mm ausgestattet.    &nbsp;    Art.-Nr. Abmessungen au\u00dfen    720x800x1850 mm\" \/>\n<meta property=\"og:url\" content=\"https:\/\/www.vtsbv.com\/de\/product\/nestbare-rollcontainer-basis-xl\/\" \/>\n<meta property=\"og:site_name\" content=\"VTS\" \/>\n<meta property=\"article:modified_time\" content=\"2017-06-20T07:59:19+00:00\" \/>\n<meta property=\"og:image\" content=\"https:\/\/www.vtsbv.com\/wp-content\/uploads\/2015\/04\/roll_comp_3_pareti_open1.jpg\" \/>\n\t<meta property=\"og:image:width\" content=\"502\" \/>\n\t<meta property=\"og:image:height\" content=\"750\" \/>\n\t<meta property=\"og:image:type\" content=\"image\/jpeg\" \/>\n<meta name=\"twitter:card\" content=\"summary_large_image\" \/>\n<script type=\"application\/ld+json\" class=\"yoast-schema-graph\">{\"@context\":\"https:\\\/\\\/schema.org\",\"@graph\":[{\"@type\":\"WebPage\",\"@id\":\"https:\\\/\\\/www.vtsbv.com\\\/de\\\/product\\\/nestbare-rollcontainer-basis-xl\\\/\",\"url\":\"https:\\\/\\\/www.vtsbv.com\\\/de\\\/product\\\/nestbare-rollcontainer-basis-xl\\\/\",\"name\":\"Zusammenschiebbare Container - VTS\",\"isPartOf\":{\"@id\":\"https:\\\/\\\/www.vtsbv.com\\\/#website\"},\"primaryImageOfPage\":{\"@id\":\"https:\\\/\\\/www.vtsbv.com\\\/de\\\/product\\\/nestbare-rollcontainer-basis-xl\\\/#primaryimage\"},\"image\":{\"@id\":\"https:\\\/\\\/www.vtsbv.com\\\/de\\\/product\\\/nestbare-rollcontainer-basis-xl\\\/#primaryimage\"},\"thumbnailUrl\":\"https:\\\/\\\/www.vtsbv.com\\\/wp-content\\\/uploads\\\/2015\\\/04\\\/roll_comp_3_pareti_open1.jpg\",\"datePublished\":\"2016-09-22T09:04:59+00:00\",\"dateModified\":\"2017-06-20T07:59:19+00:00\",\"breadcrumb\":{\"@id\":\"https:\\\/\\\/www.vtsbv.com\\\/de\\\/product\\\/nestbare-rollcontainer-basis-xl\\\/#breadcrumb\"},\"inLanguage\":\"de\",\"potentialAction\":[{\"@type\":\"ReadAction\",\"target\":[\"https:\\\/\\\/www.vtsbv.com\\\/de\\\/product\\\/nestbare-rollcontainer-basis-xl\\\/\"]}]},{\"@type\":\"ImageObject\",\"inLanguage\":\"de\",\"@id\":\"https:\\\/\\\/www.vtsbv.com\\\/de\\\/product\\\/nestbare-rollcontainer-basis-xl\\\/#primaryimage\",\"url\":\"https:\\\/\\\/www.vtsbv.com\\\/wp-content\\\/uploads\\\/2015\\\/04\\\/roll_comp_3_pareti_open1.jpg\",\"contentUrl\":\"https:\\\/\\\/www.vtsbv.com\\\/wp-content\\\/uploads\\\/2015\\\/04\\\/roll_comp_3_pareti_open1.jpg\",\"width\":502,\"height\":750},{\"@type\":\"BreadcrumbList\",\"@id\":\"https:\\\/\\\/www.vtsbv.com\\\/de\\\/product\\\/nestbare-rollcontainer-basis-xl\\\/#breadcrumb\",\"itemListElement\":[{\"@type\":\"ListItem\",\"position\":1,\"name\":\"Home\",\"item\":\"https:\\\/\\\/www.vtsbv.com\\\/de\\\/\"},{\"@type\":\"ListItem\",\"position\":2,\"name\":\"Winkel\",\"item\":\"https:\\\/\\\/www.vtsbv.com\\\/winkel\\\/\"},{\"@type\":\"ListItem\",\"position\":3,\"name\":\"Zusammenschiebbare Container\"}]},{\"@type\":\"WebSite\",\"@id\":\"https:\\\/\\\/www.vtsbv.com\\\/#website\",\"url\":\"https:\\\/\\\/www.vtsbv.com\\\/\",\"name\":\"VTS\",\"description\":\"Rolcontainers\",\"potentialAction\":[{\"@type\":\"SearchAction\",\"target\":{\"@type\":\"EntryPoint\",\"urlTemplate\":\"https:\\\/\\\/www.vtsbv.com\\\/?s={search_term_string}\"},\"query-input\":{\"@type\":\"PropertyValueSpecification\",\"valueRequired\":true,\"valueName\":\"search_term_string\"}}],\"inLanguage\":\"de\"}]}<\/script>\n<!-- \/ Yoast SEO plugin. -->","yoast_head_json":{"title":"Zusammenschiebbare Container - VTS","robots":{"index":"index","follow":"follow","max-snippet":"max-snippet:-1","max-image-preview":"max-image-preview:large","max-video-preview":"max-video-preview:-1"},"canonical":"https:\/\/www.vtsbv.com\/de\/product\/nestbare-rollcontainer-basis-xl\/","og_locale":"de_DE","og_type":"article","og_title":"Zusammenschiebbare Container - VTS","og_description":"Dieser einfach nestbare Rollcontainer ist mit dem bekannten A Frame ausgestattet. Die Seitenwandscharniere an der festen R\u00fcckwand, genau wie das Bodenprofil. Auf Anfrage ist dieser Container mit anderen Abmessungen der Seitengitter und der R\u00fcckwand lieferbar. Standardm\u00e4\u00dfig ist dieser mit wei\u00dfen Kunststoffrollen (PP) mit einem Durchmesser von 125 mm ausgestattet.    &nbsp;    Art.-Nr. Abmessungen au\u00dfen    720x800x1850 mm","og_url":"https:\/\/www.vtsbv.com\/de\/product\/nestbare-rollcontainer-basis-xl\/","og_site_name":"VTS","article_modified_time":"2017-06-20T07:59:19+00:00","og_image":[{"width":502,"height":750,"url":"https:\/\/www.vtsbv.com\/wp-content\/uploads\/2015\/04\/roll_comp_3_pareti_open1.jpg","type":"image\/jpeg"}],"twitter_card":"summary_large_image","schema":{"@context":"https:\/\/schema.org","@graph":[{"@type":"WebPage","@id":"https:\/\/www.vtsbv.com\/de\/product\/nestbare-rollcontainer-basis-xl\/","url":"https:\/\/www.vtsbv.com\/de\/product\/nestbare-rollcontainer-basis-xl\/","name":"Zusammenschiebbare Container - VTS","isPartOf":{"@id":"https:\/\/www.vtsbv.com\/#website"},"primaryImageOfPage":{"@id":"https:\/\/www.vtsbv.com\/de\/product\/nestbare-rollcontainer-basis-xl\/#primaryimage"},"image":{"@id":"https:\/\/www.vtsbv.com\/de\/product\/nestbare-rollcontainer-basis-xl\/#primaryimage"},"thumbnailUrl":"https:\/\/www.vtsbv.com\/wp-content\/uploads\/2015\/04\/roll_comp_3_pareti_open1.jpg","datePublished":"2016-09-22T09:04:59+00:00","dateModified":"2017-06-20T07:59:19+00:00","breadcrumb":{"@id":"https:\/\/www.vtsbv.com\/de\/product\/nestbare-rollcontainer-basis-xl\/#breadcrumb"},"inLanguage":"de","potentialAction":[{"@type":"ReadAction","target":["https:\/\/www.vtsbv.com\/de\/product\/nestbare-rollcontainer-basis-xl\/"]}]},{"@type":"ImageObject","inLanguage":"de","@id":"https:\/\/www.vtsbv.com\/de\/product\/nestbare-rollcontainer-basis-xl\/#primaryimage","url":"https:\/\/www.vtsbv.com\/wp-content\/uploads\/2015\/04\/roll_comp_3_pareti_open1.jpg","contentUrl":"https:\/\/www.vtsbv.com\/wp-content\/uploads\/2015\/04\/roll_comp_3_pareti_open1.jpg","width":502,"height":750},{"@type":"BreadcrumbList","@id":"https:\/\/www.vtsbv.com\/de\/product\/nestbare-rollcontainer-basis-xl\/#breadcrumb","itemListElement":[{"@type":"ListItem","position":1,"name":"Home","item":"https:\/\/www.vtsbv.com\/de\/"},{"@type":"ListItem","position":2,"name":"Winkel","item":"https:\/\/www.vtsbv.com\/winkel\/"},{"@type":"ListItem","position":3,"name":"Zusammenschiebbare Container"}]},{"@type":"WebSite","@id":"https:\/\/www.vtsbv.com\/#website","url":"https:\/\/www.vtsbv.com\/","name":"VTS","description":"Rolcontainers","potentialAction":[{"@type":"SearchAction","target":{"@type":"EntryPoint","urlTemplate":"https:\/\/www.vtsbv.com\/?s={search_term_string}"},"query-input":{"@type":"PropertyValueSpecification","valueRequired":true,"valueName":"search_term_string"}}],"inLanguage":"de"}]}},"_links":{"self":[{"href":"https:\/\/www.vtsbv.com\/de\/wp-json\/wp\/v2\/product\/2013","targetHints":{"allow":["GET"]}}],"collection":[{"href":"https:\/\/www.vtsbv.com\/de\/wp-json\/wp\/v2\/product"}],"about":[{"href":"https:\/\/www.vtsbv.com\/de\/wp-json\/wp\/v2\/types\/product"}],"replies":[{"embeddable":true,"href":"https:\/\/www.vtsbv.com\/de\/wp-json\/wp\/v2\/comments?post=2013"}],"wp:featuredmedia":[{"embeddable":true,"href":"https:\/\/www.vtsbv.com\/de\/wp-json\/wp\/v2\/media\/645"}],"wp:attachment":[{"href":"https:\/\/www.vtsbv.com\/de\/wp-json\/wp\/v2\/media?parent=2013"}],"wp:term":[{"taxonomy":"product_brand","embeddable":true,"href":"https:\/\/www.vtsbv.com\/de\/wp-json\/wp\/v2\/product_brand?post=2013"},{"taxonomy":"product_cat","embeddable":true,"href":"https:\/\/www.vtsbv.com\/de\/wp-json\/wp\/v2\/product_cat?post=2013"},{"taxonomy":"product_tag","embeddable":true,"href":"https:\/\/www.vtsbv.com\/de\/wp-json\/wp\/v2\/product_tag?post=2013"}],"curies":[{"name":"wp","href":"https:\/\/api.w.org\/{rel}","templated":true}]}}