{"id":2006,"date":"2016-09-22T09:49:23","date_gmt":"2016-09-22T08:49:23","guid":{"rendered":"http:\/\/www.vtsbv.com\/de\/?post_type=product&#038;p=2006"},"modified":"2016-09-22T09:49:23","modified_gmt":"2016-09-22T08:49:23","slug":"steriler-container-mit-2-faechern","status":"publish","type":"product","link":"https:\/\/www.vtsbv.com\/de\/product\/steriler-container-mit-2-faechern\/","title":{"rendered":"Steriler Container mit 2 F\u00e4chern"},"content":{"rendered":"","protected":false},"excerpt":{"rendered":"<p>Diese sterilen Transportwagen eignen sich ausgezeichnet f\u00fcr Krankenh\u00e4user und Versorgungsheime. <\/p>\n<p>Sie sind aus anodisiertem Aluminium gefertigt und mit 1, 2 oder drei F\u00e4chern erh\u00e4ltlich. Die T\u00fcren lassen sich in einem 270 Grad Winkel \u00f6ffnen und k\u00f6nnen an den Seitenfl\u00e4chen des Wagens mit einem Magneten befestigt werden, sodass sie im ge\u00f6ffneten Zustand keinen zus\u00e4tzlichen Platz einnehmen. Die Container sind standardm\u00e4\u00dfig mit zwei Lenkrollen und 2 Bockrollen ausgestattet. <\/p>\n<p>&nbsp;<\/p>\n<table>\n<tbody>\n<tr>\n<th>Art.-Nr.<\/th>\n<th>F\u00e4cher<\/th>\n<th>Guide<\/th>\n<th>Abm. Innen (mm)<\/th>\n<th>Abm. Au\u00dfen  (mm)<\/th>\n<th>Rollen<\/th>\n<\/tr>\n<tr>\n<td>VCN204ISO2<\/td>\n<td>2(x12)<\/td>\n<td>24<\/td>\n<td>895x625x1440 h.<\/td>\n<td>1000x710x1750 h.<\/td>\n<td>200<\/td>\n<\/tr>\n<tr>\n<td>VCN204ISO2B<\/td>\n<td>2(x9)<\/td>\n<td>18<\/td>\n<td>895x625x1190 h.<\/td>\n<td>1000x710x1500 h.<\/td>\n<td>200<\/td>\n<\/tr>\n<\/tbody>\n<\/table>\n","protected":false},"featured_media":663,"comment_status":"open","ping_status":"closed","template":"","meta":[],"product_brand":[],"product_cat":[214],"product_tag":[],"class_list":{"0":"post-2006","1":"product","2":"type-product","3":"status-publish","4":"has-post-thumbnail","6":"product_cat-steriler-transport","8":"first","9":"instock","10":"shipping-taxable","11":"product-type-simple"},"yoast_head":"<!-- This site is optimized with the Yoast SEO plugin v27.4 - https:\/\/yoast.com\/product\/yoast-seo-wordpress\/ -->\n<title>Steriler Container mit 2 F\u00e4chern - VTS<\/title>\n<meta name=\"robots\" content=\"index, follow, max-snippet:-1, max-image-preview:large, max-video-preview:-1\" \/>\n<link rel=\"canonical\" href=\"https:\/\/www.vtsbv.com\/de\/product\/steriler-container-mit-2-faechern\/\" \/>\n<meta property=\"og:locale\" content=\"de_DE\" \/>\n<meta property=\"og:type\" content=\"article\" \/>\n<meta property=\"og:title\" content=\"Steriler Container mit 2 F\u00e4chern - VTS\" \/>\n<meta property=\"og:description\" content=\"Diese sterilen Transportwagen eignen sich ausgezeichnet f\u00fcr Krankenh\u00e4user und Versorgungsheime.   Sie sind aus anodisiertem Aluminium gefertigt und mit 1, 2 oder drei F\u00e4chern erh\u00e4ltlich. Die T\u00fcren lassen sich in einem 270 Grad Winkel \u00f6ffnen und k\u00f6nnen an den Seitenfl\u00e4chen des Wagens mit einem Magneten befestigt werden, sodass sie im ge\u00f6ffneten Zustand keinen zus\u00e4tzlichen Platz einnehmen. Die Container sind standardm\u00e4\u00dfig mit zwei Lenkrollen und 2 Bockrollen ausgestattet.   &nbsp;    Art.-Nr. F\u00e4cher Guide Abm. Innen (mm) Abm. Au\u00dfen (mm) Rollen   VCN204ISO2 2(x12) 24 895x625x1440 h. 1000x710x1750 h. 200   VCN204ISO2B 2(x9) 18 895x625x1190 h. 1000x710x1500 h. 200\" \/>\n<meta property=\"og:url\" content=\"https:\/\/www.vtsbv.com\/de\/product\/steriler-container-mit-2-faechern\/\" \/>\n<meta property=\"og:site_name\" content=\"VTS\" \/>\n<meta property=\"og:image\" content=\"https:\/\/www.vtsbv.com\/wp-content\/uploads\/2015\/04\/steriele_container_21.jpg\" \/>\n\t<meta property=\"og:image:width\" content=\"482\" \/>\n\t<meta property=\"og:image:height\" content=\"600\" \/>\n\t<meta property=\"og:image:type\" content=\"image\/jpeg\" \/>\n<meta name=\"twitter:card\" content=\"summary_large_image\" \/>\n<script type=\"application\/ld+json\" class=\"yoast-schema-graph\">{\"@context\":\"https:\\\/\\\/schema.org\",\"@graph\":[{\"@type\":\"WebPage\",\"@id\":\"https:\\\/\\\/www.vtsbv.com\\\/de\\\/product\\\/steriler-container-mit-2-faechern\\\/\",\"url\":\"https:\\\/\\\/www.vtsbv.com\\\/de\\\/product\\\/steriler-container-mit-2-faechern\\\/\",\"name\":\"Steriler Container mit 2 F\u00e4chern - VTS\",\"isPartOf\":{\"@id\":\"https:\\\/\\\/www.vtsbv.com\\\/#website\"},\"primaryImageOfPage\":{\"@id\":\"https:\\\/\\\/www.vtsbv.com\\\/de\\\/product\\\/steriler-container-mit-2-faechern\\\/#primaryimage\"},\"image\":{\"@id\":\"https:\\\/\\\/www.vtsbv.com\\\/de\\\/product\\\/steriler-container-mit-2-faechern\\\/#primaryimage\"},\"thumbnailUrl\":\"https:\\\/\\\/www.vtsbv.com\\\/wp-content\\\/uploads\\\/2015\\\/04\\\/steriele_container_21.jpg\",\"datePublished\":\"2016-09-22T08:49:23+00:00\",\"breadcrumb\":{\"@id\":\"https:\\\/\\\/www.vtsbv.com\\\/de\\\/product\\\/steriler-container-mit-2-faechern\\\/#breadcrumb\"},\"inLanguage\":\"de\",\"potentialAction\":[{\"@type\":\"ReadAction\",\"target\":[\"https:\\\/\\\/www.vtsbv.com\\\/de\\\/product\\\/steriler-container-mit-2-faechern\\\/\"]}]},{\"@type\":\"ImageObject\",\"inLanguage\":\"de\",\"@id\":\"https:\\\/\\\/www.vtsbv.com\\\/de\\\/product\\\/steriler-container-mit-2-faechern\\\/#primaryimage\",\"url\":\"https:\\\/\\\/www.vtsbv.com\\\/wp-content\\\/uploads\\\/2015\\\/04\\\/steriele_container_21.jpg\",\"contentUrl\":\"https:\\\/\\\/www.vtsbv.com\\\/wp-content\\\/uploads\\\/2015\\\/04\\\/steriele_container_21.jpg\",\"width\":482,\"height\":600},{\"@type\":\"BreadcrumbList\",\"@id\":\"https:\\\/\\\/www.vtsbv.com\\\/de\\\/product\\\/steriler-container-mit-2-faechern\\\/#breadcrumb\",\"itemListElement\":[{\"@type\":\"ListItem\",\"position\":1,\"name\":\"Home\",\"item\":\"https:\\\/\\\/www.vtsbv.com\\\/de\\\/\"},{\"@type\":\"ListItem\",\"position\":2,\"name\":\"Winkel\",\"item\":\"https:\\\/\\\/www.vtsbv.com\\\/winkel\\\/\"},{\"@type\":\"ListItem\",\"position\":3,\"name\":\"Steriler Container mit 2 F\u00e4chern\"}]},{\"@type\":\"WebSite\",\"@id\":\"https:\\\/\\\/www.vtsbv.com\\\/#website\",\"url\":\"https:\\\/\\\/www.vtsbv.com\\\/\",\"name\":\"VTS\",\"description\":\"Rolcontainers\",\"potentialAction\":[{\"@type\":\"SearchAction\",\"target\":{\"@type\":\"EntryPoint\",\"urlTemplate\":\"https:\\\/\\\/www.vtsbv.com\\\/?s={search_term_string}\"},\"query-input\":{\"@type\":\"PropertyValueSpecification\",\"valueRequired\":true,\"valueName\":\"search_term_string\"}}],\"inLanguage\":\"de\"}]}<\/script>\n<!-- \/ Yoast SEO plugin. -->","yoast_head_json":{"title":"Steriler Container mit 2 F\u00e4chern - VTS","robots":{"index":"index","follow":"follow","max-snippet":"max-snippet:-1","max-image-preview":"max-image-preview:large","max-video-preview":"max-video-preview:-1"},"canonical":"https:\/\/www.vtsbv.com\/de\/product\/steriler-container-mit-2-faechern\/","og_locale":"de_DE","og_type":"article","og_title":"Steriler Container mit 2 F\u00e4chern - VTS","og_description":"Diese sterilen Transportwagen eignen sich ausgezeichnet f\u00fcr Krankenh\u00e4user und Versorgungsheime.   Sie sind aus anodisiertem Aluminium gefertigt und mit 1, 2 oder drei F\u00e4chern erh\u00e4ltlich. Die T\u00fcren lassen sich in einem 270 Grad Winkel \u00f6ffnen und k\u00f6nnen an den Seitenfl\u00e4chen des Wagens mit einem Magneten befestigt werden, sodass sie im ge\u00f6ffneten Zustand keinen zus\u00e4tzlichen Platz einnehmen. Die Container sind standardm\u00e4\u00dfig mit zwei Lenkrollen und 2 Bockrollen ausgestattet.   &nbsp;    Art.-Nr. F\u00e4cher Guide Abm. Innen (mm) Abm. Au\u00dfen (mm) Rollen   VCN204ISO2 2(x12) 24 895x625x1440 h. 1000x710x1750 h. 200   VCN204ISO2B 2(x9) 18 895x625x1190 h. 1000x710x1500 h. 200","og_url":"https:\/\/www.vtsbv.com\/de\/product\/steriler-container-mit-2-faechern\/","og_site_name":"VTS","og_image":[{"width":482,"height":600,"url":"https:\/\/www.vtsbv.com\/wp-content\/uploads\/2015\/04\/steriele_container_21.jpg","type":"image\/jpeg"}],"twitter_card":"summary_large_image","schema":{"@context":"https:\/\/schema.org","@graph":[{"@type":"WebPage","@id":"https:\/\/www.vtsbv.com\/de\/product\/steriler-container-mit-2-faechern\/","url":"https:\/\/www.vtsbv.com\/de\/product\/steriler-container-mit-2-faechern\/","name":"Steriler Container mit 2 F\u00e4chern - VTS","isPartOf":{"@id":"https:\/\/www.vtsbv.com\/#website"},"primaryImageOfPage":{"@id":"https:\/\/www.vtsbv.com\/de\/product\/steriler-container-mit-2-faechern\/#primaryimage"},"image":{"@id":"https:\/\/www.vtsbv.com\/de\/product\/steriler-container-mit-2-faechern\/#primaryimage"},"thumbnailUrl":"https:\/\/www.vtsbv.com\/wp-content\/uploads\/2015\/04\/steriele_container_21.jpg","datePublished":"2016-09-22T08:49:23+00:00","breadcrumb":{"@id":"https:\/\/www.vtsbv.com\/de\/product\/steriler-container-mit-2-faechern\/#breadcrumb"},"inLanguage":"de","potentialAction":[{"@type":"ReadAction","target":["https:\/\/www.vtsbv.com\/de\/product\/steriler-container-mit-2-faechern\/"]}]},{"@type":"ImageObject","inLanguage":"de","@id":"https:\/\/www.vtsbv.com\/de\/product\/steriler-container-mit-2-faechern\/#primaryimage","url":"https:\/\/www.vtsbv.com\/wp-content\/uploads\/2015\/04\/steriele_container_21.jpg","contentUrl":"https:\/\/www.vtsbv.com\/wp-content\/uploads\/2015\/04\/steriele_container_21.jpg","width":482,"height":600},{"@type":"BreadcrumbList","@id":"https:\/\/www.vtsbv.com\/de\/product\/steriler-container-mit-2-faechern\/#breadcrumb","itemListElement":[{"@type":"ListItem","position":1,"name":"Home","item":"https:\/\/www.vtsbv.com\/de\/"},{"@type":"ListItem","position":2,"name":"Winkel","item":"https:\/\/www.vtsbv.com\/winkel\/"},{"@type":"ListItem","position":3,"name":"Steriler Container mit 2 F\u00e4chern"}]},{"@type":"WebSite","@id":"https:\/\/www.vtsbv.com\/#website","url":"https:\/\/www.vtsbv.com\/","name":"VTS","description":"Rolcontainers","potentialAction":[{"@type":"SearchAction","target":{"@type":"EntryPoint","urlTemplate":"https:\/\/www.vtsbv.com\/?s={search_term_string}"},"query-input":{"@type":"PropertyValueSpecification","valueRequired":true,"valueName":"search_term_string"}}],"inLanguage":"de"}]}},"_links":{"self":[{"href":"https:\/\/www.vtsbv.com\/de\/wp-json\/wp\/v2\/product\/2006","targetHints":{"allow":["GET"]}}],"collection":[{"href":"https:\/\/www.vtsbv.com\/de\/wp-json\/wp\/v2\/product"}],"about":[{"href":"https:\/\/www.vtsbv.com\/de\/wp-json\/wp\/v2\/types\/product"}],"replies":[{"embeddable":true,"href":"https:\/\/www.vtsbv.com\/de\/wp-json\/wp\/v2\/comments?post=2006"}],"wp:featuredmedia":[{"embeddable":true,"href":"https:\/\/www.vtsbv.com\/de\/wp-json\/wp\/v2\/media\/663"}],"wp:attachment":[{"href":"https:\/\/www.vtsbv.com\/de\/wp-json\/wp\/v2\/media?parent=2006"}],"wp:term":[{"taxonomy":"product_brand","embeddable":true,"href":"https:\/\/www.vtsbv.com\/de\/wp-json\/wp\/v2\/product_brand?post=2006"},{"taxonomy":"product_cat","embeddable":true,"href":"https:\/\/www.vtsbv.com\/de\/wp-json\/wp\/v2\/product_cat?post=2006"},{"taxonomy":"product_tag","embeddable":true,"href":"https:\/\/www.vtsbv.com\/de\/wp-json\/wp\/v2\/product_tag?post=2006"}],"curies":[{"name":"wp","href":"https:\/\/api.w.org\/{rel}","templated":true}]}}