{"id":1995,"date":"2016-09-22T09:00:35","date_gmt":"2016-09-22T08:00:35","guid":{"rendered":"http:\/\/www.vtsbv.com\/de\/?post_type=product&#038;p=1995"},"modified":"2016-09-22T09:01:46","modified_gmt":"2016-09-22T08:01:46","slug":"sortierwagen","status":"publish","type":"product","link":"https:\/\/www.vtsbv.com\/de\/product\/sortierwagen\/","title":{"rendered":"Sortierwagen"},"content":{"rendered":"","protected":false},"excerpt":{"rendered":"<p>Der Sortierwagen, oder auch personengebundene G\u00fcterwagen genannt, kann auf jede willk\u00fcrliche Art nach Ihren eignen W\u00fcnschen eingeteilt werden. Alle erdenklichen H\u00f6hen, Tiefe und Facheinteilungen sind m\u00f6glich. <\/p>\n<p>Lieferbar in verschiedenen Ausf\u00fchrungen, u.a.:<\/p>\n<table class=\"half\">\n<tbody>\n<tr>\n<th>Anzahl F\u00e4cher<\/th>\n<th>Abmessungen au\u00dfen in mm.<\/th>\n<\/tr>\n<tr>\n<td>8<\/td>\n<td>610x456x1800<\/td>\n<\/tr>\n<tr>\n<td>10<\/td>\n<td>610x456x1800<\/td>\n<\/tr>\n<tr>\n<td>10<\/td>\n<td>912x456x1800<\/td>\n<\/tr>\n<tr>\n<td>12<\/td>\n<td>912x456x1800<\/td>\n<\/tr>\n<tr>\n<td>12<\/td>\n<td>912x456x1800<\/td>\n<\/tr>\n<tr>\n<td>15<\/td>\n<td>1217x456x1800<\/td>\n<\/tr>\n<tr>\n<td>15<\/td>\n<td>1520x456x1800<\/td>\n<\/tr>\n<\/tbody>\n<\/table>\n<p>&nbsp;<\/p>\n<table class=\"half\">\n<tbody>\n<tr>\n<th>Anzahl F\u00e4cher<\/th>\n<th>Abmessungen au\u00dfen in mm.<\/th>\n<\/tr>\n<tr>\n<td>16<\/td>\n<td>1217x456x1800<\/td>\n<\/tr>\n<tr>\n<td>20<\/td>\n<td>1520x456x1800<\/td>\n<\/tr>\n<tr>\n<td>20<\/td>\n<td>1826x456x1800<\/td>\n<\/tr>\n<tr>\n<td>20<\/td>\n<td>1217x456x1800<\/td>\n<\/tr>\n<tr>\n<td>24<\/td>\n<td>1826x456x1800<\/td>\n<\/tr>\n<tr>\n<td>25<\/td>\n<td>1520x456x1800<\/td>\n<\/tr>\n<tr>\n<td>30<\/td>\n<td>1826x456x1800<\/td>\n<\/tr>\n<\/tbody>\n<\/table>\n","protected":false},"featured_media":557,"comment_status":"open","ping_status":"closed","template":"","meta":[],"product_brand":[],"product_cat":[216],"product_tag":[],"class_list":{"0":"post-1995","1":"product","2":"type-product","3":"status-publish","4":"has-post-thumbnail","6":"product_cat-sortierwagen","8":"first","9":"instock","10":"shipping-taxable","11":"product-type-simple"},"yoast_head":"<!-- This site is optimized with the Yoast SEO plugin v27.4 - https:\/\/yoast.com\/product\/yoast-seo-wordpress\/ -->\n<title>Sortierwagen - VTS<\/title>\n<meta name=\"robots\" content=\"index, follow, max-snippet:-1, max-image-preview:large, max-video-preview:-1\" \/>\n<link rel=\"canonical\" href=\"https:\/\/www.vtsbv.com\/de\/product\/sortierwagen\/\" \/>\n<meta property=\"og:locale\" content=\"de_DE\" \/>\n<meta property=\"og:type\" content=\"article\" \/>\n<meta property=\"og:title\" content=\"Sortierwagen - VTS\" \/>\n<meta property=\"og:description\" content=\"Der Sortierwagen, oder auch personengebundene G\u00fcterwagen genannt, kann auf jede willk\u00fcrliche Art nach Ihren eignen W\u00fcnschen eingeteilt werden. Alle erdenklichen H\u00f6hen, Tiefe und Facheinteilungen sind m\u00f6glich.   Lieferbar in verschiedenen Ausf\u00fchrungen, u.a.:    Anzahl F\u00e4cher Abmessungen au\u00dfen in mm.   8 610x456x1800   10 610x456x1800   10 912x456x1800   12 912x456x1800   12 912x456x1800   15 1217x456x1800   15 1520x456x1800    &nbsp;    Anzahl F\u00e4cher Abmessungen au\u00dfen in mm.   16 1217x456x1800   20 1520x456x1800   20 1826x456x1800   20 1217x456x1800   24 1826x456x1800   25 1520x456x1800   30 1826x456x1800\" \/>\n<meta property=\"og:url\" content=\"https:\/\/www.vtsbv.com\/de\/product\/sortierwagen\/\" \/>\n<meta property=\"og:site_name\" content=\"VTS\" \/>\n<meta property=\"article:modified_time\" content=\"2016-09-22T08:01:46+00:00\" \/>\n<meta property=\"og:image\" content=\"https:\/\/www.vtsbv.com\/wp-content\/uploads\/2015\/04\/sorteerwagen.jpg\" \/>\n\t<meta property=\"og:image:width\" content=\"500\" \/>\n\t<meta property=\"og:image:height\" content=\"606\" \/>\n\t<meta property=\"og:image:type\" content=\"image\/jpeg\" \/>\n<meta name=\"twitter:card\" content=\"summary_large_image\" \/>\n<script type=\"application\/ld+json\" class=\"yoast-schema-graph\">{\"@context\":\"https:\\\/\\\/schema.org\",\"@graph\":[{\"@type\":\"WebPage\",\"@id\":\"https:\\\/\\\/www.vtsbv.com\\\/de\\\/product\\\/sortierwagen\\\/\",\"url\":\"https:\\\/\\\/www.vtsbv.com\\\/de\\\/product\\\/sortierwagen\\\/\",\"name\":\"Sortierwagen - VTS\",\"isPartOf\":{\"@id\":\"https:\\\/\\\/www.vtsbv.com\\\/#website\"},\"primaryImageOfPage\":{\"@id\":\"https:\\\/\\\/www.vtsbv.com\\\/de\\\/product\\\/sortierwagen\\\/#primaryimage\"},\"image\":{\"@id\":\"https:\\\/\\\/www.vtsbv.com\\\/de\\\/product\\\/sortierwagen\\\/#primaryimage\"},\"thumbnailUrl\":\"https:\\\/\\\/www.vtsbv.com\\\/wp-content\\\/uploads\\\/2015\\\/04\\\/sorteerwagen.jpg\",\"datePublished\":\"2016-09-22T08:00:35+00:00\",\"dateModified\":\"2016-09-22T08:01:46+00:00\",\"breadcrumb\":{\"@id\":\"https:\\\/\\\/www.vtsbv.com\\\/de\\\/product\\\/sortierwagen\\\/#breadcrumb\"},\"inLanguage\":\"de\",\"potentialAction\":[{\"@type\":\"ReadAction\",\"target\":[\"https:\\\/\\\/www.vtsbv.com\\\/de\\\/product\\\/sortierwagen\\\/\"]}]},{\"@type\":\"ImageObject\",\"inLanguage\":\"de\",\"@id\":\"https:\\\/\\\/www.vtsbv.com\\\/de\\\/product\\\/sortierwagen\\\/#primaryimage\",\"url\":\"https:\\\/\\\/www.vtsbv.com\\\/wp-content\\\/uploads\\\/2015\\\/04\\\/sorteerwagen.jpg\",\"contentUrl\":\"https:\\\/\\\/www.vtsbv.com\\\/wp-content\\\/uploads\\\/2015\\\/04\\\/sorteerwagen.jpg\",\"width\":500,\"height\":606},{\"@type\":\"BreadcrumbList\",\"@id\":\"https:\\\/\\\/www.vtsbv.com\\\/de\\\/product\\\/sortierwagen\\\/#breadcrumb\",\"itemListElement\":[{\"@type\":\"ListItem\",\"position\":1,\"name\":\"Home\",\"item\":\"https:\\\/\\\/www.vtsbv.com\\\/de\\\/\"},{\"@type\":\"ListItem\",\"position\":2,\"name\":\"Winkel\",\"item\":\"https:\\\/\\\/www.vtsbv.com\\\/winkel\\\/\"},{\"@type\":\"ListItem\",\"position\":3,\"name\":\"Sortierwagen\"}]},{\"@type\":\"WebSite\",\"@id\":\"https:\\\/\\\/www.vtsbv.com\\\/#website\",\"url\":\"https:\\\/\\\/www.vtsbv.com\\\/\",\"name\":\"VTS\",\"description\":\"Rolcontainers\",\"potentialAction\":[{\"@type\":\"SearchAction\",\"target\":{\"@type\":\"EntryPoint\",\"urlTemplate\":\"https:\\\/\\\/www.vtsbv.com\\\/?s={search_term_string}\"},\"query-input\":{\"@type\":\"PropertyValueSpecification\",\"valueRequired\":true,\"valueName\":\"search_term_string\"}}],\"inLanguage\":\"de\"}]}<\/script>\n<!-- \/ Yoast SEO plugin. -->","yoast_head_json":{"title":"Sortierwagen - VTS","robots":{"index":"index","follow":"follow","max-snippet":"max-snippet:-1","max-image-preview":"max-image-preview:large","max-video-preview":"max-video-preview:-1"},"canonical":"https:\/\/www.vtsbv.com\/de\/product\/sortierwagen\/","og_locale":"de_DE","og_type":"article","og_title":"Sortierwagen - VTS","og_description":"Der Sortierwagen, oder auch personengebundene G\u00fcterwagen genannt, kann auf jede willk\u00fcrliche Art nach Ihren eignen W\u00fcnschen eingeteilt werden. Alle erdenklichen H\u00f6hen, Tiefe und Facheinteilungen sind m\u00f6glich.   Lieferbar in verschiedenen Ausf\u00fchrungen, u.a.:    Anzahl F\u00e4cher Abmessungen au\u00dfen in mm.   8 610x456x1800   10 610x456x1800   10 912x456x1800   12 912x456x1800   12 912x456x1800   15 1217x456x1800   15 1520x456x1800    &nbsp;    Anzahl F\u00e4cher Abmessungen au\u00dfen in mm.   16 1217x456x1800   20 1520x456x1800   20 1826x456x1800   20 1217x456x1800   24 1826x456x1800   25 1520x456x1800   30 1826x456x1800","og_url":"https:\/\/www.vtsbv.com\/de\/product\/sortierwagen\/","og_site_name":"VTS","article_modified_time":"2016-09-22T08:01:46+00:00","og_image":[{"width":500,"height":606,"url":"https:\/\/www.vtsbv.com\/wp-content\/uploads\/2015\/04\/sorteerwagen.jpg","type":"image\/jpeg"}],"twitter_card":"summary_large_image","schema":{"@context":"https:\/\/schema.org","@graph":[{"@type":"WebPage","@id":"https:\/\/www.vtsbv.com\/de\/product\/sortierwagen\/","url":"https:\/\/www.vtsbv.com\/de\/product\/sortierwagen\/","name":"Sortierwagen - VTS","isPartOf":{"@id":"https:\/\/www.vtsbv.com\/#website"},"primaryImageOfPage":{"@id":"https:\/\/www.vtsbv.com\/de\/product\/sortierwagen\/#primaryimage"},"image":{"@id":"https:\/\/www.vtsbv.com\/de\/product\/sortierwagen\/#primaryimage"},"thumbnailUrl":"https:\/\/www.vtsbv.com\/wp-content\/uploads\/2015\/04\/sorteerwagen.jpg","datePublished":"2016-09-22T08:00:35+00:00","dateModified":"2016-09-22T08:01:46+00:00","breadcrumb":{"@id":"https:\/\/www.vtsbv.com\/de\/product\/sortierwagen\/#breadcrumb"},"inLanguage":"de","potentialAction":[{"@type":"ReadAction","target":["https:\/\/www.vtsbv.com\/de\/product\/sortierwagen\/"]}]},{"@type":"ImageObject","inLanguage":"de","@id":"https:\/\/www.vtsbv.com\/de\/product\/sortierwagen\/#primaryimage","url":"https:\/\/www.vtsbv.com\/wp-content\/uploads\/2015\/04\/sorteerwagen.jpg","contentUrl":"https:\/\/www.vtsbv.com\/wp-content\/uploads\/2015\/04\/sorteerwagen.jpg","width":500,"height":606},{"@type":"BreadcrumbList","@id":"https:\/\/www.vtsbv.com\/de\/product\/sortierwagen\/#breadcrumb","itemListElement":[{"@type":"ListItem","position":1,"name":"Home","item":"https:\/\/www.vtsbv.com\/de\/"},{"@type":"ListItem","position":2,"name":"Winkel","item":"https:\/\/www.vtsbv.com\/winkel\/"},{"@type":"ListItem","position":3,"name":"Sortierwagen"}]},{"@type":"WebSite","@id":"https:\/\/www.vtsbv.com\/#website","url":"https:\/\/www.vtsbv.com\/","name":"VTS","description":"Rolcontainers","potentialAction":[{"@type":"SearchAction","target":{"@type":"EntryPoint","urlTemplate":"https:\/\/www.vtsbv.com\/?s={search_term_string}"},"query-input":{"@type":"PropertyValueSpecification","valueRequired":true,"valueName":"search_term_string"}}],"inLanguage":"de"}]}},"_links":{"self":[{"href":"https:\/\/www.vtsbv.com\/de\/wp-json\/wp\/v2\/product\/1995","targetHints":{"allow":["GET"]}}],"collection":[{"href":"https:\/\/www.vtsbv.com\/de\/wp-json\/wp\/v2\/product"}],"about":[{"href":"https:\/\/www.vtsbv.com\/de\/wp-json\/wp\/v2\/types\/product"}],"replies":[{"embeddable":true,"href":"https:\/\/www.vtsbv.com\/de\/wp-json\/wp\/v2\/comments?post=1995"}],"wp:featuredmedia":[{"embeddable":true,"href":"https:\/\/www.vtsbv.com\/de\/wp-json\/wp\/v2\/media\/557"}],"wp:attachment":[{"href":"https:\/\/www.vtsbv.com\/de\/wp-json\/wp\/v2\/media?parent=1995"}],"wp:term":[{"taxonomy":"product_brand","embeddable":true,"href":"https:\/\/www.vtsbv.com\/de\/wp-json\/wp\/v2\/product_brand?post=1995"},{"taxonomy":"product_cat","embeddable":true,"href":"https:\/\/www.vtsbv.com\/de\/wp-json\/wp\/v2\/product_cat?post=1995"},{"taxonomy":"product_tag","embeddable":true,"href":"https:\/\/www.vtsbv.com\/de\/wp-json\/wp\/v2\/product_tag?post=1995"}],"curies":[{"name":"wp","href":"https:\/\/api.w.org\/{rel}","templated":true}]}}