{"id":1980,"date":"2016-09-22T08:35:07","date_gmt":"2016-09-22T07:35:07","guid":{"rendered":"http:\/\/www.vtsbv.com\/de\/?post_type=product&#038;p=1980"},"modified":"2016-09-22T08:35:07","modified_gmt":"2016-09-22T07:35:07","slug":"waeschesammler-aus-rostfreiem-stahl-typ-shut","status":"publish","type":"product","link":"https:\/\/www.vtsbv.com\/de\/product\/waeschesammler-aus-rostfreiem-stahl-typ-shut\/","title":{"rendered":"W\u00e4schesammler aus rostfreiem Stahl (Typ SHUT)"},"content":{"rendered":"","protected":false},"excerpt":{"rendered":"<p>Der SHUT verf\u00fcgt \u00fcber ein besonderes Verschlusssystem durch ein einfaches Pedal. Dadurch wird die bakterielle Verschmutzung reduziert. Lieferbar in zwei Standardversionen f\u00fcr 70 L-und 40 L-S\u00e4cke. Der SHUT ist ausgestattet mit 4 Lenkrollen, wovon die vorderen 2 Rollen \u00fcber eine Bremse verf\u00fcgen. <\/p>\n<table>\n<tbody>\n<tr>\n<th>Art.nr.<\/th>\n<th>Abmessungen<\/th>\n<th>Inhalt<\/th>\n<\/tr>\n<tr>\n<td>VCSHUT40<\/td>\n<td>600x500x990 mm<\/td>\n<td>40 liter<\/td>\n<\/tr>\n<tr>\n<td>VCSHUT70<\/td>\n<td>600x500x830 mm<\/td>\n<td>70 liter<\/td>\n<\/tr>\n<\/tbody>\n<\/table>\n<p>Es k\u00f6nnen auch 2 SHUT W\u00e4schesammler aneinandergekoppelt werden. Das ist dann der SHUT2. <\/p>\n<p>&nbsp;<\/p>\n<p><strong>Optionen erh\u00e4ltlich f\u00fcr alle Typen SHUT:<\/strong><\/p>\n<table class=\" aligncenter\">\n<tbody>\n<tr>\n<td>\n<div id=\"attachment_275\" style=\"width: 160px\" class=\"wp-caption alignnone\"><a href=\"http:\/\/www.vtsbv.com\/wp-content\/uploads\/2015\/02\/optie_shut_01.png\"><img loading=\"lazy\" decoding=\"async\" aria-describedby=\"caption-attachment-275\" class=\"wp-image-275 size-thumbnail\" src=\"http:\/\/www.vtsbv.com\/wp-content\/uploads\/2015\/02\/optie_shut_01-150x150.png\" alt=\"\" width=\"150\" height=\"150\" srcset=\"https:\/\/www.vtsbv.com\/wp-content\/uploads\/2015\/02\/optie_shut_01-150x150.png 150w, https:\/\/www.vtsbv.com\/wp-content\/uploads\/2015\/02\/optie_shut_01-195x195.png 195w, https:\/\/www.vtsbv.com\/wp-content\/uploads\/2015\/02\/optie_shut_01-100x100.png 100w\" sizes=\"auto, (max-width: 150px) 100vw, 150px\" \/><\/a><p id=\"caption-attachment-275\" class=\"wp-caption-text\">Pedaal connectiesysteem tussen een AXLBC wasverzamelaar en SHUT.<\/p><\/div>\n<p>&nbsp;<\/p>\n<p>&nbsp;<\/td>\n<td>\n<div id=\"attachment_276\" style=\"width: 160px\" class=\"wp-caption alignnone\"><a href=\"http:\/\/www.vtsbv.com\/wp-content\/uploads\/2015\/02\/optie_shut_02.png\"><img loading=\"lazy\" decoding=\"async\" aria-describedby=\"caption-attachment-276\" class=\"wp-image-276 size-thumbnail\" src=\"http:\/\/www.vtsbv.com\/wp-content\/uploads\/2015\/02\/optie_shut_02-150x150.png\" alt=\"\" width=\"150\" height=\"150\" srcset=\"https:\/\/www.vtsbv.com\/wp-content\/uploads\/2015\/02\/optie_shut_02-150x150.png 150w, https:\/\/www.vtsbv.com\/wp-content\/uploads\/2015\/02\/optie_shut_02-195x195.png 195w, https:\/\/www.vtsbv.com\/wp-content\/uploads\/2015\/02\/optie_shut_02-100x100.png 100w\" sizes=\"auto, (max-width: 150px) 100vw, 150px\" \/><\/a><p id=\"caption-attachment-276\" class=\"wp-caption-text\">Verbindingsmodule tussen een AXLBC wasverzamelaar en SHUT.<\/p><\/div>\n<p>&nbsp;<\/p>\n<p>&nbsp;<\/p>\n<p>&nbsp;<\/p>\n<p>&nbsp;<\/p>\n<p>&nbsp;<\/td>\n<\/tr>\n<\/tbody>\n<\/table>\n","protected":false},"featured_media":651,"comment_status":"open","ping_status":"closed","template":"","meta":[],"product_brand":[],"product_cat":[218],"product_tag":[],"class_list":{"0":"post-1980","1":"product","2":"type-product","3":"status-publish","4":"has-post-thumbnail","6":"product_cat-wash-abfallsammler","8":"first","9":"instock","10":"shipping-taxable","11":"product-type-simple"},"yoast_head":"<!-- This site is optimized with the Yoast SEO plugin v27.4 - https:\/\/yoast.com\/product\/yoast-seo-wordpress\/ -->\n<title>W\u00e4schesammler aus rostfreiem Stahl (Typ SHUT) - VTS<\/title>\n<meta name=\"robots\" content=\"index, follow, max-snippet:-1, max-image-preview:large, max-video-preview:-1\" \/>\n<link rel=\"canonical\" href=\"https:\/\/www.vtsbv.com\/de\/product\/waeschesammler-aus-rostfreiem-stahl-typ-shut\/\" \/>\n<meta property=\"og:locale\" content=\"de_DE\" \/>\n<meta property=\"og:type\" content=\"article\" \/>\n<meta property=\"og:title\" content=\"W\u00e4schesammler aus rostfreiem Stahl (Typ SHUT) - VTS\" \/>\n<meta property=\"og:description\" content=\"Der SHUT verf\u00fcgt \u00fcber ein besonderes Verschlusssystem durch ein einfaches Pedal. Dadurch wird die bakterielle Verschmutzung reduziert. Lieferbar in zwei Standardversionen f\u00fcr 70 L-und 40 L-S\u00e4cke. Der SHUT ist ausgestattet mit 4 Lenkrollen, wovon die vorderen 2 Rollen \u00fcber eine Bremse verf\u00fcgen.     Art.nr. Abmessungen Inhalt   VCSHUT40 600x500x990 mm 40 liter   VCSHUT70 600x500x830 mm 70 liter    Es k\u00f6nnen auch 2 SHUT W\u00e4schesammler aneinandergekoppelt werden. Das ist dann der SHUT2.   &nbsp;  Optionen erh\u00e4ltlich f\u00fcr alle Typen SHUT:        &nbsp;  &nbsp;     &nbsp;  &nbsp;  &nbsp;  &nbsp;  &nbsp;\" \/>\n<meta property=\"og:url\" content=\"https:\/\/www.vtsbv.com\/de\/product\/waeschesammler-aus-rostfreiem-stahl-typ-shut\/\" \/>\n<meta property=\"og:site_name\" content=\"VTS\" \/>\n<meta property=\"og:image\" content=\"https:\/\/www.vtsbv.com\/wp-content\/uploads\/2015\/04\/shut011.jpg\" \/>\n\t<meta property=\"og:image:width\" content=\"864\" \/>\n\t<meta property=\"og:image:height\" content=\"750\" \/>\n\t<meta property=\"og:image:type\" content=\"image\/jpeg\" \/>\n<meta name=\"twitter:card\" content=\"summary_large_image\" \/>\n<script type=\"application\/ld+json\" class=\"yoast-schema-graph\">{\"@context\":\"https:\\\/\\\/schema.org\",\"@graph\":[{\"@type\":\"WebPage\",\"@id\":\"https:\\\/\\\/www.vtsbv.com\\\/de\\\/product\\\/waeschesammler-aus-rostfreiem-stahl-typ-shut\\\/\",\"url\":\"https:\\\/\\\/www.vtsbv.com\\\/de\\\/product\\\/waeschesammler-aus-rostfreiem-stahl-typ-shut\\\/\",\"name\":\"W\u00e4schesammler aus rostfreiem Stahl (Typ SHUT) - VTS\",\"isPartOf\":{\"@id\":\"https:\\\/\\\/www.vtsbv.com\\\/#website\"},\"primaryImageOfPage\":{\"@id\":\"https:\\\/\\\/www.vtsbv.com\\\/de\\\/product\\\/waeschesammler-aus-rostfreiem-stahl-typ-shut\\\/#primaryimage\"},\"image\":{\"@id\":\"https:\\\/\\\/www.vtsbv.com\\\/de\\\/product\\\/waeschesammler-aus-rostfreiem-stahl-typ-shut\\\/#primaryimage\"},\"thumbnailUrl\":\"https:\\\/\\\/www.vtsbv.com\\\/wp-content\\\/uploads\\\/2015\\\/04\\\/shut011.jpg\",\"datePublished\":\"2016-09-22T07:35:07+00:00\",\"breadcrumb\":{\"@id\":\"https:\\\/\\\/www.vtsbv.com\\\/de\\\/product\\\/waeschesammler-aus-rostfreiem-stahl-typ-shut\\\/#breadcrumb\"},\"inLanguage\":\"de\",\"potentialAction\":[{\"@type\":\"ReadAction\",\"target\":[\"https:\\\/\\\/www.vtsbv.com\\\/de\\\/product\\\/waeschesammler-aus-rostfreiem-stahl-typ-shut\\\/\"]}]},{\"@type\":\"ImageObject\",\"inLanguage\":\"de\",\"@id\":\"https:\\\/\\\/www.vtsbv.com\\\/de\\\/product\\\/waeschesammler-aus-rostfreiem-stahl-typ-shut\\\/#primaryimage\",\"url\":\"https:\\\/\\\/www.vtsbv.com\\\/wp-content\\\/uploads\\\/2015\\\/04\\\/shut011.jpg\",\"contentUrl\":\"https:\\\/\\\/www.vtsbv.com\\\/wp-content\\\/uploads\\\/2015\\\/04\\\/shut011.jpg\",\"width\":864,\"height\":750},{\"@type\":\"BreadcrumbList\",\"@id\":\"https:\\\/\\\/www.vtsbv.com\\\/de\\\/product\\\/waeschesammler-aus-rostfreiem-stahl-typ-shut\\\/#breadcrumb\",\"itemListElement\":[{\"@type\":\"ListItem\",\"position\":1,\"name\":\"Home\",\"item\":\"https:\\\/\\\/www.vtsbv.com\\\/de\\\/\"},{\"@type\":\"ListItem\",\"position\":2,\"name\":\"Winkel\",\"item\":\"https:\\\/\\\/www.vtsbv.com\\\/winkel\\\/\"},{\"@type\":\"ListItem\",\"position\":3,\"name\":\"W\u00e4schesammler aus rostfreiem Stahl (Typ SHUT)\"}]},{\"@type\":\"WebSite\",\"@id\":\"https:\\\/\\\/www.vtsbv.com\\\/#website\",\"url\":\"https:\\\/\\\/www.vtsbv.com\\\/\",\"name\":\"VTS\",\"description\":\"Rolcontainers\",\"potentialAction\":[{\"@type\":\"SearchAction\",\"target\":{\"@type\":\"EntryPoint\",\"urlTemplate\":\"https:\\\/\\\/www.vtsbv.com\\\/?s={search_term_string}\"},\"query-input\":{\"@type\":\"PropertyValueSpecification\",\"valueRequired\":true,\"valueName\":\"search_term_string\"}}],\"inLanguage\":\"de\"}]}<\/script>\n<!-- \/ Yoast SEO plugin. -->","yoast_head_json":{"title":"W\u00e4schesammler aus rostfreiem Stahl (Typ SHUT) - VTS","robots":{"index":"index","follow":"follow","max-snippet":"max-snippet:-1","max-image-preview":"max-image-preview:large","max-video-preview":"max-video-preview:-1"},"canonical":"https:\/\/www.vtsbv.com\/de\/product\/waeschesammler-aus-rostfreiem-stahl-typ-shut\/","og_locale":"de_DE","og_type":"article","og_title":"W\u00e4schesammler aus rostfreiem Stahl (Typ SHUT) - VTS","og_description":"Der SHUT verf\u00fcgt \u00fcber ein besonderes Verschlusssystem durch ein einfaches Pedal. Dadurch wird die bakterielle Verschmutzung reduziert. Lieferbar in zwei Standardversionen f\u00fcr 70 L-und 40 L-S\u00e4cke. Der SHUT ist ausgestattet mit 4 Lenkrollen, wovon die vorderen 2 Rollen \u00fcber eine Bremse verf\u00fcgen.     Art.nr. Abmessungen Inhalt   VCSHUT40 600x500x990 mm 40 liter   VCSHUT70 600x500x830 mm 70 liter    Es k\u00f6nnen auch 2 SHUT W\u00e4schesammler aneinandergekoppelt werden. Das ist dann der SHUT2.   &nbsp;  Optionen erh\u00e4ltlich f\u00fcr alle Typen SHUT:        &nbsp;  &nbsp;     &nbsp;  &nbsp;  &nbsp;  &nbsp;  &nbsp;","og_url":"https:\/\/www.vtsbv.com\/de\/product\/waeschesammler-aus-rostfreiem-stahl-typ-shut\/","og_site_name":"VTS","og_image":[{"width":864,"height":750,"url":"https:\/\/www.vtsbv.com\/wp-content\/uploads\/2015\/04\/shut011.jpg","type":"image\/jpeg"}],"twitter_card":"summary_large_image","schema":{"@context":"https:\/\/schema.org","@graph":[{"@type":"WebPage","@id":"https:\/\/www.vtsbv.com\/de\/product\/waeschesammler-aus-rostfreiem-stahl-typ-shut\/","url":"https:\/\/www.vtsbv.com\/de\/product\/waeschesammler-aus-rostfreiem-stahl-typ-shut\/","name":"W\u00e4schesammler aus rostfreiem Stahl (Typ SHUT) - VTS","isPartOf":{"@id":"https:\/\/www.vtsbv.com\/#website"},"primaryImageOfPage":{"@id":"https:\/\/www.vtsbv.com\/de\/product\/waeschesammler-aus-rostfreiem-stahl-typ-shut\/#primaryimage"},"image":{"@id":"https:\/\/www.vtsbv.com\/de\/product\/waeschesammler-aus-rostfreiem-stahl-typ-shut\/#primaryimage"},"thumbnailUrl":"https:\/\/www.vtsbv.com\/wp-content\/uploads\/2015\/04\/shut011.jpg","datePublished":"2016-09-22T07:35:07+00:00","breadcrumb":{"@id":"https:\/\/www.vtsbv.com\/de\/product\/waeschesammler-aus-rostfreiem-stahl-typ-shut\/#breadcrumb"},"inLanguage":"de","potentialAction":[{"@type":"ReadAction","target":["https:\/\/www.vtsbv.com\/de\/product\/waeschesammler-aus-rostfreiem-stahl-typ-shut\/"]}]},{"@type":"ImageObject","inLanguage":"de","@id":"https:\/\/www.vtsbv.com\/de\/product\/waeschesammler-aus-rostfreiem-stahl-typ-shut\/#primaryimage","url":"https:\/\/www.vtsbv.com\/wp-content\/uploads\/2015\/04\/shut011.jpg","contentUrl":"https:\/\/www.vtsbv.com\/wp-content\/uploads\/2015\/04\/shut011.jpg","width":864,"height":750},{"@type":"BreadcrumbList","@id":"https:\/\/www.vtsbv.com\/de\/product\/waeschesammler-aus-rostfreiem-stahl-typ-shut\/#breadcrumb","itemListElement":[{"@type":"ListItem","position":1,"name":"Home","item":"https:\/\/www.vtsbv.com\/de\/"},{"@type":"ListItem","position":2,"name":"Winkel","item":"https:\/\/www.vtsbv.com\/winkel\/"},{"@type":"ListItem","position":3,"name":"W\u00e4schesammler aus rostfreiem Stahl (Typ SHUT)"}]},{"@type":"WebSite","@id":"https:\/\/www.vtsbv.com\/#website","url":"https:\/\/www.vtsbv.com\/","name":"VTS","description":"Rolcontainers","potentialAction":[{"@type":"SearchAction","target":{"@type":"EntryPoint","urlTemplate":"https:\/\/www.vtsbv.com\/?s={search_term_string}"},"query-input":{"@type":"PropertyValueSpecification","valueRequired":true,"valueName":"search_term_string"}}],"inLanguage":"de"}]}},"_links":{"self":[{"href":"https:\/\/www.vtsbv.com\/de\/wp-json\/wp\/v2\/product\/1980","targetHints":{"allow":["GET"]}}],"collection":[{"href":"https:\/\/www.vtsbv.com\/de\/wp-json\/wp\/v2\/product"}],"about":[{"href":"https:\/\/www.vtsbv.com\/de\/wp-json\/wp\/v2\/types\/product"}],"replies":[{"embeddable":true,"href":"https:\/\/www.vtsbv.com\/de\/wp-json\/wp\/v2\/comments?post=1980"}],"wp:featuredmedia":[{"embeddable":true,"href":"https:\/\/www.vtsbv.com\/de\/wp-json\/wp\/v2\/media\/651"}],"wp:attachment":[{"href":"https:\/\/www.vtsbv.com\/de\/wp-json\/wp\/v2\/media?parent=1980"}],"wp:term":[{"taxonomy":"product_brand","embeddable":true,"href":"https:\/\/www.vtsbv.com\/de\/wp-json\/wp\/v2\/product_brand?post=1980"},{"taxonomy":"product_cat","embeddable":true,"href":"https:\/\/www.vtsbv.com\/de\/wp-json\/wp\/v2\/product_cat?post=1980"},{"taxonomy":"product_tag","embeddable":true,"href":"https:\/\/www.vtsbv.com\/de\/wp-json\/wp\/v2\/product_tag?post=1980"}],"curies":[{"name":"wp","href":"https:\/\/api.w.org\/{rel}","templated":true}]}}