{"id":1979,"date":"2016-09-22T08:32:05","date_gmt":"2016-09-22T07:32:05","guid":{"rendered":"http:\/\/www.vtsbv.com\/de\/?post_type=product&#038;p=1979"},"modified":"2016-09-22T08:32:05","modified_gmt":"2016-09-22T07:32:05","slug":"waeschesammler-aus-rostfreiem-stahl-typ-shutft","status":"publish","type":"product","link":"https:\/\/www.vtsbv.com\/de\/product\/waeschesammler-aus-rostfreiem-stahl-typ-shutft\/","title":{"rendered":"W\u00e4schesammler aus rostfreiem Stahl (Typ SHUTFT)"},"content":{"rendered":"","protected":false},"excerpt":{"rendered":"<p>Der SHUT verf\u00fcgt \u00fcber ein besonderes Verschlusssystem durch ein einfaches Pedal. Dadurch wird die bakterielle Verschmutzung reduziert. Lieferbar in zwei Standardversionen f\u00fcr 70 L-und 40 L-S\u00e4cke. Der SHUT ist ausgestattet mit <\/p>\n<p>2 Lenkrollen. <\/p>\n<table>\n<tbody>\n<tr>\n<th>Art.nr.<\/th>\n<th>Abmessungen<\/th>\n<th>Inhalt<\/th>\n<\/tr>\n<tr>\n<td>VCSHUT40FT<\/td>\n<td>600x500x990 mm<\/td>\n<td>40 liter<\/td>\n<\/tr>\n<tr>\n<td>VCSHUT70FT<\/td>\n<td>600x500x830 mm<\/td>\n<td>70 liter<\/td>\n<\/tr>\n<\/tbody>\n<\/table>\n<p>Es k\u00f6nnen auch zwei SCHUTFT W\u00e4schesammler aneinandergekoppelt werden. Das ist dann der SHUTFT2. <\/p>\n<p>&nbsp;<\/p>\n<p><strong>Optionen erh\u00e4ltlich f\u00fcr alle Typen SHUT:<\/strong><\/p>\n<table class=\" aligncenter\">\n<tbody>\n<tr>\n<td>\n<div id=\"attachment_275\" style=\"width: 160px\" class=\"wp-caption alignnone\"><a href=\"http:\/\/www.vtsbv.com\/wp-content\/uploads\/2015\/02\/optie_shut_01.png\"><img loading=\"lazy\" decoding=\"async\" aria-describedby=\"caption-attachment-275\" class=\"wp-image-275 size-thumbnail\" src=\"http:\/\/www.vtsbv.com\/wp-content\/uploads\/2015\/02\/optie_shut_01-150x150.png\" alt=\"\" width=\"150\" height=\"150\" srcset=\"https:\/\/www.vtsbv.com\/wp-content\/uploads\/2015\/02\/optie_shut_01-150x150.png 150w, https:\/\/www.vtsbv.com\/wp-content\/uploads\/2015\/02\/optie_shut_01-195x195.png 195w, https:\/\/www.vtsbv.com\/wp-content\/uploads\/2015\/02\/optie_shut_01-100x100.png 100w\" sizes=\"auto, (max-width: 150px) 100vw, 150px\" \/><\/a><p id=\"caption-attachment-275\" class=\"wp-caption-text\">Pedaal connectiesysteem tussen een AXLBC wasverzamelaar en SHUT.<\/p><\/div>\n<p>&nbsp;<\/p>\n<p>&nbsp;<\/td>\n<td>\n<div id=\"attachment_276\" style=\"width: 160px\" class=\"wp-caption alignnone\"><a href=\"http:\/\/www.vtsbv.com\/wp-content\/uploads\/2015\/02\/optie_shut_02.png\"><img loading=\"lazy\" decoding=\"async\" aria-describedby=\"caption-attachment-276\" class=\"wp-image-276 size-thumbnail\" src=\"http:\/\/www.vtsbv.com\/wp-content\/uploads\/2015\/02\/optie_shut_02-150x150.png\" alt=\"\" width=\"150\" height=\"150\" srcset=\"https:\/\/www.vtsbv.com\/wp-content\/uploads\/2015\/02\/optie_shut_02-150x150.png 150w, https:\/\/www.vtsbv.com\/wp-content\/uploads\/2015\/02\/optie_shut_02-195x195.png 195w, https:\/\/www.vtsbv.com\/wp-content\/uploads\/2015\/02\/optie_shut_02-100x100.png 100w\" sizes=\"auto, (max-width: 150px) 100vw, 150px\" \/><\/a><p id=\"caption-attachment-276\" class=\"wp-caption-text\">Verbindingsmodule tussen een AXLBC wasverzamelaar en SHUT.<\/p><\/div>\n<p>&nbsp;<\/p>\n<p>&nbsp;<\/p>\n<p>&nbsp;<\/p>\n<p>&nbsp;<\/p>\n<p>&nbsp;<\/td>\n<\/tr>\n<\/tbody>\n<\/table>\n","protected":false},"featured_media":554,"comment_status":"open","ping_status":"closed","template":"","meta":[],"product_brand":[],"product_cat":[218],"product_tag":[],"class_list":{"0":"post-1979","1":"product","2":"type-product","3":"status-publish","4":"has-post-thumbnail","6":"product_cat-wash-abfallsammler","8":"first","9":"instock","10":"shipping-taxable","11":"product-type-simple"},"yoast_head":"<!-- This site is optimized with the Yoast SEO plugin v27.4 - https:\/\/yoast.com\/product\/yoast-seo-wordpress\/ -->\n<title>W\u00e4schesammler aus rostfreiem Stahl (Typ SHUTFT) - VTS<\/title>\n<meta name=\"robots\" content=\"index, follow, max-snippet:-1, max-image-preview:large, max-video-preview:-1\" \/>\n<link rel=\"canonical\" href=\"https:\/\/www.vtsbv.com\/de\/product\/waeschesammler-aus-rostfreiem-stahl-typ-shutft\/\" \/>\n<meta property=\"og:locale\" content=\"de_DE\" \/>\n<meta property=\"og:type\" content=\"article\" \/>\n<meta property=\"og:title\" content=\"W\u00e4schesammler aus rostfreiem Stahl (Typ SHUTFT) - VTS\" \/>\n<meta property=\"og:description\" content=\"Der SHUT verf\u00fcgt \u00fcber ein besonderes Verschlusssystem durch ein einfaches Pedal. Dadurch wird die bakterielle Verschmutzung reduziert. Lieferbar in zwei Standardversionen f\u00fcr 70 L-und 40 L-S\u00e4cke. Der SHUT ist ausgestattet mit   2 Lenkrollen.      Art.nr. Abmessungen Inhalt   VCSHUT40FT 600x500x990 mm 40 liter   VCSHUT70FT 600x500x830 mm 70 liter    Es k\u00f6nnen auch zwei SCHUTFT W\u00e4schesammler aneinandergekoppelt werden. Das ist dann der SHUTFT2.   &nbsp;  Optionen erh\u00e4ltlich f\u00fcr alle Typen SHUT:        &nbsp;  &nbsp;     &nbsp;  &nbsp;  &nbsp;  &nbsp;  &nbsp;\" \/>\n<meta property=\"og:url\" content=\"https:\/\/www.vtsbv.com\/de\/product\/waeschesammler-aus-rostfreiem-stahl-typ-shutft\/\" \/>\n<meta property=\"og:site_name\" content=\"VTS\" \/>\n<meta property=\"og:image\" content=\"https:\/\/www.vtsbv.com\/wp-content\/uploads\/2015\/04\/shutft.jpg\" \/>\n\t<meta property=\"og:image:width\" content=\"759\" \/>\n\t<meta property=\"og:image:height\" content=\"750\" \/>\n\t<meta property=\"og:image:type\" content=\"image\/jpeg\" \/>\n<meta name=\"twitter:card\" content=\"summary_large_image\" \/>\n<script type=\"application\/ld+json\" class=\"yoast-schema-graph\">{\"@context\":\"https:\\\/\\\/schema.org\",\"@graph\":[{\"@type\":\"WebPage\",\"@id\":\"https:\\\/\\\/www.vtsbv.com\\\/de\\\/product\\\/waeschesammler-aus-rostfreiem-stahl-typ-shutft\\\/\",\"url\":\"https:\\\/\\\/www.vtsbv.com\\\/de\\\/product\\\/waeschesammler-aus-rostfreiem-stahl-typ-shutft\\\/\",\"name\":\"W\u00e4schesammler aus rostfreiem Stahl (Typ SHUTFT) - VTS\",\"isPartOf\":{\"@id\":\"https:\\\/\\\/www.vtsbv.com\\\/#website\"},\"primaryImageOfPage\":{\"@id\":\"https:\\\/\\\/www.vtsbv.com\\\/de\\\/product\\\/waeschesammler-aus-rostfreiem-stahl-typ-shutft\\\/#primaryimage\"},\"image\":{\"@id\":\"https:\\\/\\\/www.vtsbv.com\\\/de\\\/product\\\/waeschesammler-aus-rostfreiem-stahl-typ-shutft\\\/#primaryimage\"},\"thumbnailUrl\":\"https:\\\/\\\/www.vtsbv.com\\\/wp-content\\\/uploads\\\/2015\\\/04\\\/shutft.jpg\",\"datePublished\":\"2016-09-22T07:32:05+00:00\",\"breadcrumb\":{\"@id\":\"https:\\\/\\\/www.vtsbv.com\\\/de\\\/product\\\/waeschesammler-aus-rostfreiem-stahl-typ-shutft\\\/#breadcrumb\"},\"inLanguage\":\"de\",\"potentialAction\":[{\"@type\":\"ReadAction\",\"target\":[\"https:\\\/\\\/www.vtsbv.com\\\/de\\\/product\\\/waeschesammler-aus-rostfreiem-stahl-typ-shutft\\\/\"]}]},{\"@type\":\"ImageObject\",\"inLanguage\":\"de\",\"@id\":\"https:\\\/\\\/www.vtsbv.com\\\/de\\\/product\\\/waeschesammler-aus-rostfreiem-stahl-typ-shutft\\\/#primaryimage\",\"url\":\"https:\\\/\\\/www.vtsbv.com\\\/wp-content\\\/uploads\\\/2015\\\/04\\\/shutft.jpg\",\"contentUrl\":\"https:\\\/\\\/www.vtsbv.com\\\/wp-content\\\/uploads\\\/2015\\\/04\\\/shutft.jpg\",\"width\":759,\"height\":750},{\"@type\":\"BreadcrumbList\",\"@id\":\"https:\\\/\\\/www.vtsbv.com\\\/de\\\/product\\\/waeschesammler-aus-rostfreiem-stahl-typ-shutft\\\/#breadcrumb\",\"itemListElement\":[{\"@type\":\"ListItem\",\"position\":1,\"name\":\"Home\",\"item\":\"https:\\\/\\\/www.vtsbv.com\\\/de\\\/\"},{\"@type\":\"ListItem\",\"position\":2,\"name\":\"Winkel\",\"item\":\"https:\\\/\\\/www.vtsbv.com\\\/winkel\\\/\"},{\"@type\":\"ListItem\",\"position\":3,\"name\":\"W\u00e4schesammler aus rostfreiem Stahl (Typ SHUTFT)\"}]},{\"@type\":\"WebSite\",\"@id\":\"https:\\\/\\\/www.vtsbv.com\\\/#website\",\"url\":\"https:\\\/\\\/www.vtsbv.com\\\/\",\"name\":\"VTS\",\"description\":\"Rolcontainers\",\"potentialAction\":[{\"@type\":\"SearchAction\",\"target\":{\"@type\":\"EntryPoint\",\"urlTemplate\":\"https:\\\/\\\/www.vtsbv.com\\\/?s={search_term_string}\"},\"query-input\":{\"@type\":\"PropertyValueSpecification\",\"valueRequired\":true,\"valueName\":\"search_term_string\"}}],\"inLanguage\":\"de\"}]}<\/script>\n<!-- \/ Yoast SEO plugin. -->","yoast_head_json":{"title":"W\u00e4schesammler aus rostfreiem Stahl (Typ SHUTFT) - VTS","robots":{"index":"index","follow":"follow","max-snippet":"max-snippet:-1","max-image-preview":"max-image-preview:large","max-video-preview":"max-video-preview:-1"},"canonical":"https:\/\/www.vtsbv.com\/de\/product\/waeschesammler-aus-rostfreiem-stahl-typ-shutft\/","og_locale":"de_DE","og_type":"article","og_title":"W\u00e4schesammler aus rostfreiem Stahl (Typ SHUTFT) - VTS","og_description":"Der SHUT verf\u00fcgt \u00fcber ein besonderes Verschlusssystem durch ein einfaches Pedal. Dadurch wird die bakterielle Verschmutzung reduziert. Lieferbar in zwei Standardversionen f\u00fcr 70 L-und 40 L-S\u00e4cke. Der SHUT ist ausgestattet mit   2 Lenkrollen.      Art.nr. Abmessungen Inhalt   VCSHUT40FT 600x500x990 mm 40 liter   VCSHUT70FT 600x500x830 mm 70 liter    Es k\u00f6nnen auch zwei SCHUTFT W\u00e4schesammler aneinandergekoppelt werden. Das ist dann der SHUTFT2.   &nbsp;  Optionen erh\u00e4ltlich f\u00fcr alle Typen SHUT:        &nbsp;  &nbsp;     &nbsp;  &nbsp;  &nbsp;  &nbsp;  &nbsp;","og_url":"https:\/\/www.vtsbv.com\/de\/product\/waeschesammler-aus-rostfreiem-stahl-typ-shutft\/","og_site_name":"VTS","og_image":[{"width":759,"height":750,"url":"https:\/\/www.vtsbv.com\/wp-content\/uploads\/2015\/04\/shutft.jpg","type":"image\/jpeg"}],"twitter_card":"summary_large_image","schema":{"@context":"https:\/\/schema.org","@graph":[{"@type":"WebPage","@id":"https:\/\/www.vtsbv.com\/de\/product\/waeschesammler-aus-rostfreiem-stahl-typ-shutft\/","url":"https:\/\/www.vtsbv.com\/de\/product\/waeschesammler-aus-rostfreiem-stahl-typ-shutft\/","name":"W\u00e4schesammler aus rostfreiem Stahl (Typ SHUTFT) - VTS","isPartOf":{"@id":"https:\/\/www.vtsbv.com\/#website"},"primaryImageOfPage":{"@id":"https:\/\/www.vtsbv.com\/de\/product\/waeschesammler-aus-rostfreiem-stahl-typ-shutft\/#primaryimage"},"image":{"@id":"https:\/\/www.vtsbv.com\/de\/product\/waeschesammler-aus-rostfreiem-stahl-typ-shutft\/#primaryimage"},"thumbnailUrl":"https:\/\/www.vtsbv.com\/wp-content\/uploads\/2015\/04\/shutft.jpg","datePublished":"2016-09-22T07:32:05+00:00","breadcrumb":{"@id":"https:\/\/www.vtsbv.com\/de\/product\/waeschesammler-aus-rostfreiem-stahl-typ-shutft\/#breadcrumb"},"inLanguage":"de","potentialAction":[{"@type":"ReadAction","target":["https:\/\/www.vtsbv.com\/de\/product\/waeschesammler-aus-rostfreiem-stahl-typ-shutft\/"]}]},{"@type":"ImageObject","inLanguage":"de","@id":"https:\/\/www.vtsbv.com\/de\/product\/waeschesammler-aus-rostfreiem-stahl-typ-shutft\/#primaryimage","url":"https:\/\/www.vtsbv.com\/wp-content\/uploads\/2015\/04\/shutft.jpg","contentUrl":"https:\/\/www.vtsbv.com\/wp-content\/uploads\/2015\/04\/shutft.jpg","width":759,"height":750},{"@type":"BreadcrumbList","@id":"https:\/\/www.vtsbv.com\/de\/product\/waeschesammler-aus-rostfreiem-stahl-typ-shutft\/#breadcrumb","itemListElement":[{"@type":"ListItem","position":1,"name":"Home","item":"https:\/\/www.vtsbv.com\/de\/"},{"@type":"ListItem","position":2,"name":"Winkel","item":"https:\/\/www.vtsbv.com\/winkel\/"},{"@type":"ListItem","position":3,"name":"W\u00e4schesammler aus rostfreiem Stahl (Typ SHUTFT)"}]},{"@type":"WebSite","@id":"https:\/\/www.vtsbv.com\/#website","url":"https:\/\/www.vtsbv.com\/","name":"VTS","description":"Rolcontainers","potentialAction":[{"@type":"SearchAction","target":{"@type":"EntryPoint","urlTemplate":"https:\/\/www.vtsbv.com\/?s={search_term_string}"},"query-input":{"@type":"PropertyValueSpecification","valueRequired":true,"valueName":"search_term_string"}}],"inLanguage":"de"}]}},"_links":{"self":[{"href":"https:\/\/www.vtsbv.com\/de\/wp-json\/wp\/v2\/product\/1979","targetHints":{"allow":["GET"]}}],"collection":[{"href":"https:\/\/www.vtsbv.com\/de\/wp-json\/wp\/v2\/product"}],"about":[{"href":"https:\/\/www.vtsbv.com\/de\/wp-json\/wp\/v2\/types\/product"}],"replies":[{"embeddable":true,"href":"https:\/\/www.vtsbv.com\/de\/wp-json\/wp\/v2\/comments?post=1979"}],"wp:featuredmedia":[{"embeddable":true,"href":"https:\/\/www.vtsbv.com\/de\/wp-json\/wp\/v2\/media\/554"}],"wp:attachment":[{"href":"https:\/\/www.vtsbv.com\/de\/wp-json\/wp\/v2\/media?parent=1979"}],"wp:term":[{"taxonomy":"product_brand","embeddable":true,"href":"https:\/\/www.vtsbv.com\/de\/wp-json\/wp\/v2\/product_brand?post=1979"},{"taxonomy":"product_cat","embeddable":true,"href":"https:\/\/www.vtsbv.com\/de\/wp-json\/wp\/v2\/product_cat?post=1979"},{"taxonomy":"product_tag","embeddable":true,"href":"https:\/\/www.vtsbv.com\/de\/wp-json\/wp\/v2\/product_tag?post=1979"}],"curies":[{"name":"wp","href":"https:\/\/api.w.org\/{rel}","templated":true}]}}