{"id":1954,"date":"2016-09-22T07:45:44","date_gmt":"2016-09-22T06:45:44","guid":{"rendered":"http:\/\/www.vtsbv.com\/de\/?post_type=product&#038;p=1954"},"modified":"2016-09-22T07:45:44","modified_gmt":"2016-09-22T06:45:44","slug":"gartenmoebel-container","status":"publish","type":"product","link":"https:\/\/www.vtsbv.com\/de\/product\/gartenmoebel-container\/","title":{"rendered":"Gartenm\u00f6bel-Container"},"content":{"rendered":"","protected":false},"excerpt":{"rendered":"<p>Dieser Container wurde vom gr\u00f6\u00dften Gartenm\u00f6belh\u00e4ndler der Niederlande bei VTS angefragt und wir haben das Konzept in der Realisierung dieses robusten Containers weiter ausgearbeitet. Die Container werden zu vollster Zufriedenheit der Arbeitnehmer im Lager eingesetzt. <\/p>\n","protected":false},"featured_media":878,"comment_status":"open","ping_status":"closed","template":"","meta":[],"product_brand":[],"product_cat":[210],"product_tag":[],"class_list":{"0":"post-1954","1":"product","2":"type-product","3":"status-publish","4":"has-post-thumbnail","6":"product_cat-rollcontainer","8":"first","9":"instock","10":"shipping-taxable","11":"product-type-simple"},"yoast_head":"<!-- This site is optimized with the Yoast SEO plugin v27.4 - https:\/\/yoast.com\/product\/yoast-seo-wordpress\/ -->\n<title>Gartenm\u00f6bel-Container - VTS<\/title>\n<meta name=\"robots\" content=\"index, follow, max-snippet:-1, max-image-preview:large, max-video-preview:-1\" \/>\n<link rel=\"canonical\" href=\"https:\/\/www.vtsbv.com\/de\/product\/gartenmoebel-container\/\" \/>\n<meta property=\"og:locale\" content=\"de_DE\" \/>\n<meta property=\"og:type\" content=\"article\" \/>\n<meta property=\"og:title\" content=\"Gartenm\u00f6bel-Container - VTS\" \/>\n<meta property=\"og:description\" content=\"Dieser Container wurde vom gr\u00f6\u00dften Gartenm\u00f6belh\u00e4ndler der Niederlande bei VTS angefragt und wir haben das Konzept in der Realisierung dieses robusten Containers weiter ausgearbeitet. Die Container werden zu vollster Zufriedenheit der Arbeitnehmer im Lager eingesetzt.\" \/>\n<meta property=\"og:url\" content=\"https:\/\/www.vtsbv.com\/de\/product\/gartenmoebel-container\/\" \/>\n<meta property=\"og:site_name\" content=\"VTS\" \/>\n<meta property=\"og:image\" content=\"https:\/\/www.vtsbv.com\/wp-content\/uploads\/2016\/01\/IMG_3957-e1453384648125.jpg\" \/>\n\t<meta property=\"og:image:width\" content=\"1067\" \/>\n\t<meta property=\"og:image:height\" content=\"800\" \/>\n\t<meta property=\"og:image:type\" content=\"image\/jpeg\" \/>\n<meta name=\"twitter:card\" content=\"summary_large_image\" \/>\n<script type=\"application\/ld+json\" class=\"yoast-schema-graph\">{\"@context\":\"https:\\\/\\\/schema.org\",\"@graph\":[{\"@type\":\"WebPage\",\"@id\":\"https:\\\/\\\/www.vtsbv.com\\\/de\\\/product\\\/gartenmoebel-container\\\/\",\"url\":\"https:\\\/\\\/www.vtsbv.com\\\/de\\\/product\\\/gartenmoebel-container\\\/\",\"name\":\"Gartenm\u00f6bel-Container - VTS\",\"isPartOf\":{\"@id\":\"https:\\\/\\\/www.vtsbv.com\\\/#website\"},\"primaryImageOfPage\":{\"@id\":\"https:\\\/\\\/www.vtsbv.com\\\/de\\\/product\\\/gartenmoebel-container\\\/#primaryimage\"},\"image\":{\"@id\":\"https:\\\/\\\/www.vtsbv.com\\\/de\\\/product\\\/gartenmoebel-container\\\/#primaryimage\"},\"thumbnailUrl\":\"https:\\\/\\\/www.vtsbv.com\\\/wp-content\\\/uploads\\\/2016\\\/01\\\/IMG_3957-e1453384648125.jpg\",\"datePublished\":\"2016-09-22T06:45:44+00:00\",\"breadcrumb\":{\"@id\":\"https:\\\/\\\/www.vtsbv.com\\\/de\\\/product\\\/gartenmoebel-container\\\/#breadcrumb\"},\"inLanguage\":\"de\",\"potentialAction\":[{\"@type\":\"ReadAction\",\"target\":[\"https:\\\/\\\/www.vtsbv.com\\\/de\\\/product\\\/gartenmoebel-container\\\/\"]}]},{\"@type\":\"ImageObject\",\"inLanguage\":\"de\",\"@id\":\"https:\\\/\\\/www.vtsbv.com\\\/de\\\/product\\\/gartenmoebel-container\\\/#primaryimage\",\"url\":\"https:\\\/\\\/www.vtsbv.com\\\/wp-content\\\/uploads\\\/2016\\\/01\\\/IMG_3957-e1453384648125.jpg\",\"contentUrl\":\"https:\\\/\\\/www.vtsbv.com\\\/wp-content\\\/uploads\\\/2016\\\/01\\\/IMG_3957-e1453384648125.jpg\",\"width\":1067,\"height\":800},{\"@type\":\"BreadcrumbList\",\"@id\":\"https:\\\/\\\/www.vtsbv.com\\\/de\\\/product\\\/gartenmoebel-container\\\/#breadcrumb\",\"itemListElement\":[{\"@type\":\"ListItem\",\"position\":1,\"name\":\"Home\",\"item\":\"https:\\\/\\\/www.vtsbv.com\\\/de\\\/\"},{\"@type\":\"ListItem\",\"position\":2,\"name\":\"Winkel\",\"item\":\"https:\\\/\\\/www.vtsbv.com\\\/winkel\\\/\"},{\"@type\":\"ListItem\",\"position\":3,\"name\":\"Gartenm\u00f6bel-Container\"}]},{\"@type\":\"WebSite\",\"@id\":\"https:\\\/\\\/www.vtsbv.com\\\/#website\",\"url\":\"https:\\\/\\\/www.vtsbv.com\\\/\",\"name\":\"VTS\",\"description\":\"Rolcontainers\",\"potentialAction\":[{\"@type\":\"SearchAction\",\"target\":{\"@type\":\"EntryPoint\",\"urlTemplate\":\"https:\\\/\\\/www.vtsbv.com\\\/?s={search_term_string}\"},\"query-input\":{\"@type\":\"PropertyValueSpecification\",\"valueRequired\":true,\"valueName\":\"search_term_string\"}}],\"inLanguage\":\"de\"}]}<\/script>\n<!-- \/ Yoast SEO plugin. -->","yoast_head_json":{"title":"Gartenm\u00f6bel-Container - VTS","robots":{"index":"index","follow":"follow","max-snippet":"max-snippet:-1","max-image-preview":"max-image-preview:large","max-video-preview":"max-video-preview:-1"},"canonical":"https:\/\/www.vtsbv.com\/de\/product\/gartenmoebel-container\/","og_locale":"de_DE","og_type":"article","og_title":"Gartenm\u00f6bel-Container - VTS","og_description":"Dieser Container wurde vom gr\u00f6\u00dften Gartenm\u00f6belh\u00e4ndler der Niederlande bei VTS angefragt und wir haben das Konzept in der Realisierung dieses robusten Containers weiter ausgearbeitet. Die Container werden zu vollster Zufriedenheit der Arbeitnehmer im Lager eingesetzt.","og_url":"https:\/\/www.vtsbv.com\/de\/product\/gartenmoebel-container\/","og_site_name":"VTS","og_image":[{"width":1067,"height":800,"url":"https:\/\/www.vtsbv.com\/wp-content\/uploads\/2016\/01\/IMG_3957-e1453384648125.jpg","type":"image\/jpeg"}],"twitter_card":"summary_large_image","schema":{"@context":"https:\/\/schema.org","@graph":[{"@type":"WebPage","@id":"https:\/\/www.vtsbv.com\/de\/product\/gartenmoebel-container\/","url":"https:\/\/www.vtsbv.com\/de\/product\/gartenmoebel-container\/","name":"Gartenm\u00f6bel-Container - VTS","isPartOf":{"@id":"https:\/\/www.vtsbv.com\/#website"},"primaryImageOfPage":{"@id":"https:\/\/www.vtsbv.com\/de\/product\/gartenmoebel-container\/#primaryimage"},"image":{"@id":"https:\/\/www.vtsbv.com\/de\/product\/gartenmoebel-container\/#primaryimage"},"thumbnailUrl":"https:\/\/www.vtsbv.com\/wp-content\/uploads\/2016\/01\/IMG_3957-e1453384648125.jpg","datePublished":"2016-09-22T06:45:44+00:00","breadcrumb":{"@id":"https:\/\/www.vtsbv.com\/de\/product\/gartenmoebel-container\/#breadcrumb"},"inLanguage":"de","potentialAction":[{"@type":"ReadAction","target":["https:\/\/www.vtsbv.com\/de\/product\/gartenmoebel-container\/"]}]},{"@type":"ImageObject","inLanguage":"de","@id":"https:\/\/www.vtsbv.com\/de\/product\/gartenmoebel-container\/#primaryimage","url":"https:\/\/www.vtsbv.com\/wp-content\/uploads\/2016\/01\/IMG_3957-e1453384648125.jpg","contentUrl":"https:\/\/www.vtsbv.com\/wp-content\/uploads\/2016\/01\/IMG_3957-e1453384648125.jpg","width":1067,"height":800},{"@type":"BreadcrumbList","@id":"https:\/\/www.vtsbv.com\/de\/product\/gartenmoebel-container\/#breadcrumb","itemListElement":[{"@type":"ListItem","position":1,"name":"Home","item":"https:\/\/www.vtsbv.com\/de\/"},{"@type":"ListItem","position":2,"name":"Winkel","item":"https:\/\/www.vtsbv.com\/winkel\/"},{"@type":"ListItem","position":3,"name":"Gartenm\u00f6bel-Container"}]},{"@type":"WebSite","@id":"https:\/\/www.vtsbv.com\/#website","url":"https:\/\/www.vtsbv.com\/","name":"VTS","description":"Rolcontainers","potentialAction":[{"@type":"SearchAction","target":{"@type":"EntryPoint","urlTemplate":"https:\/\/www.vtsbv.com\/?s={search_term_string}"},"query-input":{"@type":"PropertyValueSpecification","valueRequired":true,"valueName":"search_term_string"}}],"inLanguage":"de"}]}},"_links":{"self":[{"href":"https:\/\/www.vtsbv.com\/de\/wp-json\/wp\/v2\/product\/1954","targetHints":{"allow":["GET"]}}],"collection":[{"href":"https:\/\/www.vtsbv.com\/de\/wp-json\/wp\/v2\/product"}],"about":[{"href":"https:\/\/www.vtsbv.com\/de\/wp-json\/wp\/v2\/types\/product"}],"replies":[{"embeddable":true,"href":"https:\/\/www.vtsbv.com\/de\/wp-json\/wp\/v2\/comments?post=1954"}],"wp:featuredmedia":[{"embeddable":true,"href":"https:\/\/www.vtsbv.com\/de\/wp-json\/wp\/v2\/media\/878"}],"wp:attachment":[{"href":"https:\/\/www.vtsbv.com\/de\/wp-json\/wp\/v2\/media?parent=1954"}],"wp:term":[{"taxonomy":"product_brand","embeddable":true,"href":"https:\/\/www.vtsbv.com\/de\/wp-json\/wp\/v2\/product_brand?post=1954"},{"taxonomy":"product_cat","embeddable":true,"href":"https:\/\/www.vtsbv.com\/de\/wp-json\/wp\/v2\/product_cat?post=1954"},{"taxonomy":"product_tag","embeddable":true,"href":"https:\/\/www.vtsbv.com\/de\/wp-json\/wp\/v2\/product_tag?post=1954"}],"curies":[{"name":"wp","href":"https:\/\/api.w.org\/{rel}","templated":true}]}}