{"id":1951,"date":"2016-09-22T07:25:31","date_gmt":"2016-09-22T06:25:31","guid":{"rendered":"http:\/\/www.vtsbv.com\/de\/?post_type=product&#038;p=1951"},"modified":"2016-09-22T07:26:07","modified_gmt":"2016-09-22T06:26:07","slug":"waeschecontainer-vr116-100-00g","status":"publish","type":"product","link":"https:\/\/www.vtsbv.com\/de\/product\/waeschecontainer-vr116-100-00g\/","title":{"rendered":"W\u00e4schecontainer VR116-100-00G"},"content":{"rendered":"<p>VTS STAR(KER) CONTAINER<\/p>\n<p>Ausf\u00fchrung: Gefertigt aus rechteckigen R\u00f6hren 20x20x1,5 mm. <\/p>\n<p>Abmessungen au\u00dfen: 680x500x1680 mm.<\/p>\n<p>Standard: 1 Boden.<\/p>\n<p>1 Gitter hinten. <\/p>\n<p>2 Gitter an den Seiten, wovon eines mit Trittschutz und Namensschild.<\/p>\n<p>2 Ebenen, wovon die Oberste mit einem Gelenk. <\/p>\n<p>1 fester Kleiderb\u00fcgel. <\/p>\n<p>3 Schnellbinder grau Gummi Breite 40 mm.<\/p>\n<p>Rollen: 2 Bock- 2 Lenkrollen grau Gummi Durchm. 125 mm, ausgestattet mit Kugellager und Gewindekappe.<\/p>\n<p>Nachbehandlung: Galvanisch verzinkt 12-15 Micron. Ausgestattet mit zus\u00e4tzlicher Beschichtung f\u00fcr langlebigen Schutz. <\/p>\n<p>Die Container werden komplett montiert geliefert. <\/p>\n","protected":false},"excerpt":{"rendered":"<p>VTS STAR(KER) CONTAINER Ausf\u00fchrung: Gefertigt aus rechteckigen R\u00f6hren 20x20x1,5 mm. Abmessungen au\u00dfen: 680x500x1680 mm. Standard: 1 Boden. 1 Gitter hinten. 2 Gitter an den Seiten, wovon eines mit Trittschutz und Namensschild. 2 Ebenen, wovon die Oberste mit einem Gelenk. 1 fester Kleiderb\u00fcgel. 3 Schnellbinder grau Gummi Breite 40 mm. Rollen: 2 Bock- 2 Lenkrollen grau [&hellip;]<\/p>\n","protected":false},"featured_media":1727,"comment_status":"open","ping_status":"closed","template":"","meta":[],"product_brand":[],"product_cat":[198],"product_tag":[],"class_list":{"0":"post-1951","1":"product","2":"type-product","3":"status-publish","4":"has-post-thumbnail","6":"product_cat-waescherei-rollcontainer","8":"first","9":"instock","10":"shipping-taxable","11":"product-type-simple"},"yoast_head":"<!-- This site is optimized with the Yoast SEO plugin v27.4 - https:\/\/yoast.com\/product\/yoast-seo-wordpress\/ -->\n<title>W\u00e4schecontainer VR116-100-00G - VTS<\/title>\n<meta name=\"robots\" content=\"index, follow, max-snippet:-1, max-image-preview:large, max-video-preview:-1\" \/>\n<link rel=\"canonical\" href=\"https:\/\/www.vtsbv.com\/de\/product\/waeschecontainer-vr116-100-00g\/\" \/>\n<meta property=\"og:locale\" content=\"de_DE\" \/>\n<meta property=\"og:type\" content=\"article\" \/>\n<meta property=\"og:title\" content=\"W\u00e4schecontainer VR116-100-00G - VTS\" \/>\n<meta property=\"og:description\" content=\"VTS STAR(KER) CONTAINER Ausf\u00fchrung: Gefertigt aus rechteckigen R\u00f6hren 20x20x1,5 mm. Abmessungen au\u00dfen: 680x500x1680 mm. Standard: 1 Boden. 1 Gitter hinten. 2 Gitter an den Seiten, wovon eines mit Trittschutz und Namensschild. 2 Ebenen, wovon die Oberste mit einem Gelenk. 1 fester Kleiderb\u00fcgel. 3 Schnellbinder grau Gummi Breite 40 mm. Rollen: 2 Bock- 2 Lenkrollen grau [&hellip;]\" \/>\n<meta property=\"og:url\" content=\"https:\/\/www.vtsbv.com\/de\/product\/waeschecontainer-vr116-100-00g\/\" \/>\n<meta property=\"og:site_name\" content=\"VTS\" \/>\n<meta property=\"article:modified_time\" content=\"2016-09-22T06:26:07+00:00\" \/>\n<meta property=\"og:image\" content=\"https:\/\/www.vtsbv.com\/wp-content\/uploads\/2016\/03\/VR116-100-00G-e1460038396746.jpg\" \/>\n\t<meta property=\"og:image:width\" content=\"400\" \/>\n\t<meta property=\"og:image:height\" content=\"533\" \/>\n\t<meta property=\"og:image:type\" content=\"image\/jpeg\" \/>\n<meta name=\"twitter:card\" content=\"summary_large_image\" \/>\n<script type=\"application\/ld+json\" class=\"yoast-schema-graph\">{\"@context\":\"https:\\\/\\\/schema.org\",\"@graph\":[{\"@type\":\"WebPage\",\"@id\":\"https:\\\/\\\/www.vtsbv.com\\\/de\\\/product\\\/waeschecontainer-vr116-100-00g\\\/\",\"url\":\"https:\\\/\\\/www.vtsbv.com\\\/de\\\/product\\\/waeschecontainer-vr116-100-00g\\\/\",\"name\":\"W\u00e4schecontainer VR116-100-00G - VTS\",\"isPartOf\":{\"@id\":\"https:\\\/\\\/www.vtsbv.com\\\/#website\"},\"primaryImageOfPage\":{\"@id\":\"https:\\\/\\\/www.vtsbv.com\\\/de\\\/product\\\/waeschecontainer-vr116-100-00g\\\/#primaryimage\"},\"image\":{\"@id\":\"https:\\\/\\\/www.vtsbv.com\\\/de\\\/product\\\/waeschecontainer-vr116-100-00g\\\/#primaryimage\"},\"thumbnailUrl\":\"https:\\\/\\\/www.vtsbv.com\\\/wp-content\\\/uploads\\\/2016\\\/03\\\/VR116-100-00G-e1460038396746.jpg\",\"datePublished\":\"2016-09-22T06:25:31+00:00\",\"dateModified\":\"2016-09-22T06:26:07+00:00\",\"breadcrumb\":{\"@id\":\"https:\\\/\\\/www.vtsbv.com\\\/de\\\/product\\\/waeschecontainer-vr116-100-00g\\\/#breadcrumb\"},\"inLanguage\":\"de\",\"potentialAction\":[{\"@type\":\"ReadAction\",\"target\":[\"https:\\\/\\\/www.vtsbv.com\\\/de\\\/product\\\/waeschecontainer-vr116-100-00g\\\/\"]}]},{\"@type\":\"ImageObject\",\"inLanguage\":\"de\",\"@id\":\"https:\\\/\\\/www.vtsbv.com\\\/de\\\/product\\\/waeschecontainer-vr116-100-00g\\\/#primaryimage\",\"url\":\"https:\\\/\\\/www.vtsbv.com\\\/wp-content\\\/uploads\\\/2016\\\/03\\\/VR116-100-00G-e1460038396746.jpg\",\"contentUrl\":\"https:\\\/\\\/www.vtsbv.com\\\/wp-content\\\/uploads\\\/2016\\\/03\\\/VR116-100-00G-e1460038396746.jpg\",\"width\":400,\"height\":533},{\"@type\":\"BreadcrumbList\",\"@id\":\"https:\\\/\\\/www.vtsbv.com\\\/de\\\/product\\\/waeschecontainer-vr116-100-00g\\\/#breadcrumb\",\"itemListElement\":[{\"@type\":\"ListItem\",\"position\":1,\"name\":\"Home\",\"item\":\"https:\\\/\\\/www.vtsbv.com\\\/de\\\/\"},{\"@type\":\"ListItem\",\"position\":2,\"name\":\"Winkel\",\"item\":\"https:\\\/\\\/www.vtsbv.com\\\/winkel\\\/\"},{\"@type\":\"ListItem\",\"position\":3,\"name\":\"W\u00e4schecontainer VR116-100-00G\"}]},{\"@type\":\"WebSite\",\"@id\":\"https:\\\/\\\/www.vtsbv.com\\\/#website\",\"url\":\"https:\\\/\\\/www.vtsbv.com\\\/\",\"name\":\"VTS\",\"description\":\"Rolcontainers\",\"potentialAction\":[{\"@type\":\"SearchAction\",\"target\":{\"@type\":\"EntryPoint\",\"urlTemplate\":\"https:\\\/\\\/www.vtsbv.com\\\/?s={search_term_string}\"},\"query-input\":{\"@type\":\"PropertyValueSpecification\",\"valueRequired\":true,\"valueName\":\"search_term_string\"}}],\"inLanguage\":\"de\"}]}<\/script>\n<!-- \/ Yoast SEO plugin. -->","yoast_head_json":{"title":"W\u00e4schecontainer VR116-100-00G - VTS","robots":{"index":"index","follow":"follow","max-snippet":"max-snippet:-1","max-image-preview":"max-image-preview:large","max-video-preview":"max-video-preview:-1"},"canonical":"https:\/\/www.vtsbv.com\/de\/product\/waeschecontainer-vr116-100-00g\/","og_locale":"de_DE","og_type":"article","og_title":"W\u00e4schecontainer VR116-100-00G - VTS","og_description":"VTS STAR(KER) CONTAINER Ausf\u00fchrung: Gefertigt aus rechteckigen R\u00f6hren 20x20x1,5 mm. Abmessungen au\u00dfen: 680x500x1680 mm. Standard: 1 Boden. 1 Gitter hinten. 2 Gitter an den Seiten, wovon eines mit Trittschutz und Namensschild. 2 Ebenen, wovon die Oberste mit einem Gelenk. 1 fester Kleiderb\u00fcgel. 3 Schnellbinder grau Gummi Breite 40 mm. Rollen: 2 Bock- 2 Lenkrollen grau [&hellip;]","og_url":"https:\/\/www.vtsbv.com\/de\/product\/waeschecontainer-vr116-100-00g\/","og_site_name":"VTS","article_modified_time":"2016-09-22T06:26:07+00:00","og_image":[{"width":400,"height":533,"url":"https:\/\/www.vtsbv.com\/wp-content\/uploads\/2016\/03\/VR116-100-00G-e1460038396746.jpg","type":"image\/jpeg"}],"twitter_card":"summary_large_image","schema":{"@context":"https:\/\/schema.org","@graph":[{"@type":"WebPage","@id":"https:\/\/www.vtsbv.com\/de\/product\/waeschecontainer-vr116-100-00g\/","url":"https:\/\/www.vtsbv.com\/de\/product\/waeschecontainer-vr116-100-00g\/","name":"W\u00e4schecontainer VR116-100-00G - VTS","isPartOf":{"@id":"https:\/\/www.vtsbv.com\/#website"},"primaryImageOfPage":{"@id":"https:\/\/www.vtsbv.com\/de\/product\/waeschecontainer-vr116-100-00g\/#primaryimage"},"image":{"@id":"https:\/\/www.vtsbv.com\/de\/product\/waeschecontainer-vr116-100-00g\/#primaryimage"},"thumbnailUrl":"https:\/\/www.vtsbv.com\/wp-content\/uploads\/2016\/03\/VR116-100-00G-e1460038396746.jpg","datePublished":"2016-09-22T06:25:31+00:00","dateModified":"2016-09-22T06:26:07+00:00","breadcrumb":{"@id":"https:\/\/www.vtsbv.com\/de\/product\/waeschecontainer-vr116-100-00g\/#breadcrumb"},"inLanguage":"de","potentialAction":[{"@type":"ReadAction","target":["https:\/\/www.vtsbv.com\/de\/product\/waeschecontainer-vr116-100-00g\/"]}]},{"@type":"ImageObject","inLanguage":"de","@id":"https:\/\/www.vtsbv.com\/de\/product\/waeschecontainer-vr116-100-00g\/#primaryimage","url":"https:\/\/www.vtsbv.com\/wp-content\/uploads\/2016\/03\/VR116-100-00G-e1460038396746.jpg","contentUrl":"https:\/\/www.vtsbv.com\/wp-content\/uploads\/2016\/03\/VR116-100-00G-e1460038396746.jpg","width":400,"height":533},{"@type":"BreadcrumbList","@id":"https:\/\/www.vtsbv.com\/de\/product\/waeschecontainer-vr116-100-00g\/#breadcrumb","itemListElement":[{"@type":"ListItem","position":1,"name":"Home","item":"https:\/\/www.vtsbv.com\/de\/"},{"@type":"ListItem","position":2,"name":"Winkel","item":"https:\/\/www.vtsbv.com\/winkel\/"},{"@type":"ListItem","position":3,"name":"W\u00e4schecontainer VR116-100-00G"}]},{"@type":"WebSite","@id":"https:\/\/www.vtsbv.com\/#website","url":"https:\/\/www.vtsbv.com\/","name":"VTS","description":"Rolcontainers","potentialAction":[{"@type":"SearchAction","target":{"@type":"EntryPoint","urlTemplate":"https:\/\/www.vtsbv.com\/?s={search_term_string}"},"query-input":{"@type":"PropertyValueSpecification","valueRequired":true,"valueName":"search_term_string"}}],"inLanguage":"de"}]}},"_links":{"self":[{"href":"https:\/\/www.vtsbv.com\/de\/wp-json\/wp\/v2\/product\/1951","targetHints":{"allow":["GET"]}}],"collection":[{"href":"https:\/\/www.vtsbv.com\/de\/wp-json\/wp\/v2\/product"}],"about":[{"href":"https:\/\/www.vtsbv.com\/de\/wp-json\/wp\/v2\/types\/product"}],"replies":[{"embeddable":true,"href":"https:\/\/www.vtsbv.com\/de\/wp-json\/wp\/v2\/comments?post=1951"}],"wp:featuredmedia":[{"embeddable":true,"href":"https:\/\/www.vtsbv.com\/de\/wp-json\/wp\/v2\/media\/1727"}],"wp:attachment":[{"href":"https:\/\/www.vtsbv.com\/de\/wp-json\/wp\/v2\/media?parent=1951"}],"wp:term":[{"taxonomy":"product_brand","embeddable":true,"href":"https:\/\/www.vtsbv.com\/de\/wp-json\/wp\/v2\/product_brand?post=1951"},{"taxonomy":"product_cat","embeddable":true,"href":"https:\/\/www.vtsbv.com\/de\/wp-json\/wp\/v2\/product_cat?post=1951"},{"taxonomy":"product_tag","embeddable":true,"href":"https:\/\/www.vtsbv.com\/de\/wp-json\/wp\/v2\/product_tag?post=1951"}],"curies":[{"name":"wp","href":"https:\/\/api.w.org\/{rel}","templated":true}]}}