{"id":1943,"date":"2016-09-21T13:15:26","date_gmt":"2016-09-21T12:15:26","guid":{"rendered":"http:\/\/www.vtsbv.com\/de\/?page_id=1943"},"modified":"2016-09-21T13:15:26","modified_gmt":"2016-09-21T12:15:26","slug":"servierwagen","status":"publish","type":"page","link":"https:\/\/www.vtsbv.com\/de\/servierwagen\/","title":{"rendered":"Servierwagen"},"content":{"rendered":"<p>BSind Sie als Betrieb auf der Suche nach einem guten Servierwagen von hoher Qualit\u00e4t, beispielsweise f\u00fcr Krankenh\u00e4user oder Versorgungsheime? Entscheiden Sie sich f\u00fcr VTS Transportsysteme: Spezialist in der Produktion und Entwicklung von verschiedenen (internen) Transportmitteln, sowie Rollcontainer und Transportsysteme wie Servierwagen, W\u00e4schewagen und Sortierwagen.<\/p>\n<h2>\u00dcber VTS B.V. Servierwagen<\/h2>\n<p>VTS B.V. ist Spezialist in der Entwicklung von Transportsystemen f\u00fcr verschiedene Einsatzgebiete. In unserer eigenen Fabrikhalle entwickeln wir Servierwagen, Rollcontainer und andere Transportsysteme und Zubeh\u00f6r mit Hilfe der neuesten und modernsten Techniken. Unsere Fachleute k\u00f6nnen neben der Produktion von u.a. standardm\u00e4\u00dfigen Servierwagen und W\u00e4scherei-Rollcontainern auch verschiedene Transportsysteme nach Ma\u00df entwickeln.<\/p>\n<h3>Unsere Servierwagen und mehr<\/h3>\n<p>Ben\u00f6tigen Sie Servierwagen? Sie k\u00f6nnen sich f\u00fcr standardm\u00e4\u00dfige Servierwagen aus Aluminium oder rostfreiem Stahl\/Aluminium mit zwei oder drei Ablagefl\u00e4chen mit offenen Seiten an uns wenden. Alle unsere Servierwagen sind standardm\u00e4\u00dfig mit montierten Lenkrollen und Sto\u00dfschutz ausgestattet. Die maximale Tragkraft pro Ablagefl\u00e4che betr\u00e4gt 70KG. Sind Sie auf der Suche nach einer anderen Art Transportsystem? Das ist bei VTS Transportsysteme kein Problem! Wir k\u00f6nnen Ihnen auch behilflich sein, wenn Sie auf der Suche nach W\u00e4sche\/Abfallsammlern, Sortierwagen, W\u00e4schewagen, sterilem Transport und Federbodenwagensind.<\/p>\n<h4>Kontakt aufnehmen<\/h4>\n<p>Falls Sie auf der Suche nach Servierwagen sind, entscheiden Sie sich f\u00fcr hochqualitative Servierwagen von VTS Transportsysteme. M\u00f6chten Sie Kontakt mit uns aufnehmen? F\u00fcllen Sie das Kontaktformular aus und wir melden uns so schnell wie m\u00f6glich bei Ihnen, um mit Ihnen die M\u00f6glichkeiten zu besprechen.<\/p>\n<p><a class=\"la_button\" href=\"https:\/\/www.vtsbv.com\/contact\/\">Contact<\/a><\/p>\n","protected":false},"excerpt":{"rendered":"<p>BSind Sie als Betrieb auf der Suche nach einem guten Servierwagen von hoher Qualit\u00e4t, beispielsweise f\u00fcr Krankenh\u00e4user oder Versorgungsheime? Entscheiden Sie sich f\u00fcr VTS Transportsysteme: Spezialist in der Produktion und Entwicklung von verschiedenen (internen) Transportmitteln, sowie Rollcontainer und Transportsysteme wie Servierwagen, W\u00e4schewagen und Sortierwagen. \u00dcber VTS B.V. Servierwagen VTS B.V. ist Spezialist in der Entwicklung [&hellip;]<\/p>\n","protected":false},"author":5677,"featured_media":0,"parent":0,"menu_order":0,"comment_status":"closed","ping_status":"closed","template":"","meta":{"footnotes":""},"class_list":["post-1943","page","type-page","status-publish","hentry"],"yoast_head":"<!-- This site is optimized with the Yoast SEO plugin v27.4 - https:\/\/yoast.com\/product\/yoast-seo-wordpress\/ -->\n<title>Servierwagen<\/title>\n<meta name=\"robots\" content=\"index, follow, max-snippet:-1, max-image-preview:large, max-video-preview:-1\" \/>\n<link rel=\"canonical\" href=\"https:\/\/www.vtsbv.com\/de\/servierwagen\/\" \/>\n<meta property=\"og:locale\" content=\"de_DE\" \/>\n<meta property=\"og:type\" content=\"article\" \/>\n<meta property=\"og:title\" content=\"Servierwagen\" \/>\n<meta property=\"og:description\" content=\"BSind Sie als Betrieb auf der Suche nach einem guten Servierwagen von hoher Qualit\u00e4t, beispielsweise f\u00fcr Krankenh\u00e4user oder Versorgungsheime? Entscheiden Sie sich f\u00fcr VTS Transportsysteme: Spezialist in der Produktion und Entwicklung von verschiedenen (internen) Transportmitteln, sowie Rollcontainer und Transportsysteme wie Servierwagen, W\u00e4schewagen und Sortierwagen. \u00dcber VTS B.V. Servierwagen VTS B.V. ist Spezialist in der Entwicklung [&hellip;]\" \/>\n<meta property=\"og:url\" content=\"https:\/\/www.vtsbv.com\/de\/servierwagen\/\" \/>\n<meta property=\"og:site_name\" content=\"VTS\" \/>\n<meta name=\"twitter:card\" content=\"summary_large_image\" \/>\n<meta name=\"twitter:label1\" content=\"Gesch\u00e4tzte Lesezeit\" \/>\n\t<meta name=\"twitter:data1\" content=\"1\u00a0Minute\" \/>\n<script type=\"application\/ld+json\" class=\"yoast-schema-graph\">{\"@context\":\"https:\\\/\\\/schema.org\",\"@graph\":[{\"@type\":\"WebPage\",\"@id\":\"https:\\\/\\\/www.vtsbv.com\\\/de\\\/servierwagen\\\/\",\"url\":\"https:\\\/\\\/www.vtsbv.com\\\/de\\\/servierwagen\\\/\",\"name\":\"Servierwagen\",\"isPartOf\":{\"@id\":\"https:\\\/\\\/www.vtsbv.com\\\/#website\"},\"datePublished\":\"2016-09-21T12:15:26+00:00\",\"breadcrumb\":{\"@id\":\"https:\\\/\\\/www.vtsbv.com\\\/de\\\/servierwagen\\\/#breadcrumb\"},\"inLanguage\":\"de\",\"potentialAction\":[{\"@type\":\"ReadAction\",\"target\":[\"https:\\\/\\\/www.vtsbv.com\\\/de\\\/servierwagen\\\/\"]}]},{\"@type\":\"BreadcrumbList\",\"@id\":\"https:\\\/\\\/www.vtsbv.com\\\/de\\\/servierwagen\\\/#breadcrumb\",\"itemListElement\":[{\"@type\":\"ListItem\",\"position\":1,\"name\":\"Home\",\"item\":\"https:\\\/\\\/www.vtsbv.com\\\/de\\\/\"},{\"@type\":\"ListItem\",\"position\":2,\"name\":\"Servierwagen\"}]},{\"@type\":\"WebSite\",\"@id\":\"https:\\\/\\\/www.vtsbv.com\\\/#website\",\"url\":\"https:\\\/\\\/www.vtsbv.com\\\/\",\"name\":\"VTS\",\"description\":\"Rolcontainers\",\"potentialAction\":[{\"@type\":\"SearchAction\",\"target\":{\"@type\":\"EntryPoint\",\"urlTemplate\":\"https:\\\/\\\/www.vtsbv.com\\\/?s={search_term_string}\"},\"query-input\":{\"@type\":\"PropertyValueSpecification\",\"valueRequired\":true,\"valueName\":\"search_term_string\"}}],\"inLanguage\":\"de\"}]}<\/script>\n<!-- \/ Yoast SEO plugin. -->","yoast_head_json":{"title":"Servierwagen","robots":{"index":"index","follow":"follow","max-snippet":"max-snippet:-1","max-image-preview":"max-image-preview:large","max-video-preview":"max-video-preview:-1"},"canonical":"https:\/\/www.vtsbv.com\/de\/servierwagen\/","og_locale":"de_DE","og_type":"article","og_title":"Servierwagen","og_description":"BSind Sie als Betrieb auf der Suche nach einem guten Servierwagen von hoher Qualit\u00e4t, beispielsweise f\u00fcr Krankenh\u00e4user oder Versorgungsheime? Entscheiden Sie sich f\u00fcr VTS Transportsysteme: Spezialist in der Produktion und Entwicklung von verschiedenen (internen) Transportmitteln, sowie Rollcontainer und Transportsysteme wie Servierwagen, W\u00e4schewagen und Sortierwagen. \u00dcber VTS B.V. Servierwagen VTS B.V. ist Spezialist in der Entwicklung [&hellip;]","og_url":"https:\/\/www.vtsbv.com\/de\/servierwagen\/","og_site_name":"VTS","twitter_card":"summary_large_image","twitter_misc":{"Gesch\u00e4tzte Lesezeit":"1\u00a0Minute"},"schema":{"@context":"https:\/\/schema.org","@graph":[{"@type":"WebPage","@id":"https:\/\/www.vtsbv.com\/de\/servierwagen\/","url":"https:\/\/www.vtsbv.com\/de\/servierwagen\/","name":"Servierwagen","isPartOf":{"@id":"https:\/\/www.vtsbv.com\/#website"},"datePublished":"2016-09-21T12:15:26+00:00","breadcrumb":{"@id":"https:\/\/www.vtsbv.com\/de\/servierwagen\/#breadcrumb"},"inLanguage":"de","potentialAction":[{"@type":"ReadAction","target":["https:\/\/www.vtsbv.com\/de\/servierwagen\/"]}]},{"@type":"BreadcrumbList","@id":"https:\/\/www.vtsbv.com\/de\/servierwagen\/#breadcrumb","itemListElement":[{"@type":"ListItem","position":1,"name":"Home","item":"https:\/\/www.vtsbv.com\/de\/"},{"@type":"ListItem","position":2,"name":"Servierwagen"}]},{"@type":"WebSite","@id":"https:\/\/www.vtsbv.com\/#website","url":"https:\/\/www.vtsbv.com\/","name":"VTS","description":"Rolcontainers","potentialAction":[{"@type":"SearchAction","target":{"@type":"EntryPoint","urlTemplate":"https:\/\/www.vtsbv.com\/?s={search_term_string}"},"query-input":{"@type":"PropertyValueSpecification","valueRequired":true,"valueName":"search_term_string"}}],"inLanguage":"de"}]}},"_links":{"self":[{"href":"https:\/\/www.vtsbv.com\/de\/wp-json\/wp\/v2\/pages\/1943","targetHints":{"allow":["GET"]}}],"collection":[{"href":"https:\/\/www.vtsbv.com\/de\/wp-json\/wp\/v2\/pages"}],"about":[{"href":"https:\/\/www.vtsbv.com\/de\/wp-json\/wp\/v2\/types\/page"}],"author":[{"embeddable":true,"href":"https:\/\/www.vtsbv.com\/de\/wp-json\/wp\/v2\/users\/5677"}],"replies":[{"embeddable":true,"href":"https:\/\/www.vtsbv.com\/de\/wp-json\/wp\/v2\/comments?post=1943"}],"version-history":[{"count":1,"href":"https:\/\/www.vtsbv.com\/de\/wp-json\/wp\/v2\/pages\/1943\/revisions"}],"predecessor-version":[{"id":1944,"href":"https:\/\/www.vtsbv.com\/de\/wp-json\/wp\/v2\/pages\/1943\/revisions\/1944"}],"wp:attachment":[{"href":"https:\/\/www.vtsbv.com\/de\/wp-json\/wp\/v2\/media?parent=1943"}],"curies":[{"name":"wp","href":"https:\/\/api.w.org\/{rel}","templated":true}]}}