{"id":1941,"date":"2016-09-21T13:13:31","date_gmt":"2016-09-21T12:13:31","guid":{"rendered":"http:\/\/www.vtsbv.com\/de\/?page_id=1941"},"modified":"2016-09-21T13:13:31","modified_gmt":"2016-09-21T12:13:31","slug":"rollcontainer-kaufen","status":"publish","type":"page","link":"https:\/\/www.vtsbv.com\/de\/rollcontainer-kaufen\/","title":{"rendered":"Rollcontainer kaufen"},"content":{"rendered":"<p>Bei VTS Transportsysteme sind Sie an der richtigen Adresse, wenn Sie einen Rollcontainer <strong>kaufen<\/strong> m\u00f6chten. Wir sind Spezialist in der Produktion und Entwicklung von verschiedenen (internen) Transportmitteln, sowie Rollcontainern f\u00fcr W\u00e4schereien, zum Servieren, aber wir entwickeln auch Rollcontainer nach Ma\u00df f\u00fcr spezielle Einsatzgebiete. Sie m\u00f6chten einen Rollcontainer kaufen? Lesen Sie weiter.<\/p>\n<h2>\u00dcber unsere Rollcontainer<\/h2>\n<p>VTS B.V. ist Spezialist auf dem Fachgebiet: Mit unserem eigenen Produktionsstandort, eigener Modell- und Ger\u00e4teherstellung k\u00f6nnen wir hohe Qualit\u00e4t liefern. In unserer Fabrik arbeiten erfahrene Fachleute, um f\u00fcr Sie verschiedene hochqualitative Transportsysteme zu entwickeln. Das tun wir mit Hilfe der neuesten und modernsten Techniken.<\/p>\n<p>Dank unseres eigenen Produktionsstandortes ist es m\u00f6glich \u2013 neben der Lieferung von Produkten aus dem eigenen Vorrat \u2013 bei uns auch Rollcontainer nach Ma\u00df zu kaufen. <\/p>\n<h3>Rollcontainer und mehr<\/h3>\n<p>Wir entwickeln Rollcontainer in verschiedenen Standardma\u00dfen und nach Ma\u00df, aber wir entwickeln auch verschiedene andere Transportsysteme, so wie:<\/p>\n<ul>\n<li>W\u00e4sche\/Abfallsammler<\/li>\n<li>Sortierwagen<\/li>\n<li>W\u00e4schewagen<\/li>\n<li>Steriler Transport<\/li>\n<li>Federbodenwagen<\/li>\n<li>Servierwagen<\/li>\n<\/ul>\n<h4>Kontakt aufnehmen<\/h4>\n<p>Haben Sie Interesse an VTS Transportsysteme, weil Sie einen Rollcontainer kaufen m\u00f6chten? Nehmen Sie \u00fcber das Kontaktformular Kontakt mit uns auf, dann werden wir uns so schnell wie m\u00f6glich bei Ihnen melden, um zu besprechen, was wir f\u00fcr Sie tun k\u00f6nnen.<\/p>\n<p><a class=\"la_button\" href=\"https:\/\/www.vtsbv.com\/contact\/\">Contact<\/a><\/p>\n","protected":false},"excerpt":{"rendered":"<p>Bei VTS Transportsysteme sind Sie an der richtigen Adresse, wenn Sie einen Rollcontainer kaufen m\u00f6chten. Wir sind Spezialist in der Produktion und Entwicklung von verschiedenen (internen) Transportmitteln, sowie Rollcontainern f\u00fcr W\u00e4schereien, zum Servieren, aber wir entwickeln auch Rollcontainer nach Ma\u00df f\u00fcr spezielle Einsatzgebiete. Sie m\u00f6chten einen Rollcontainer kaufen? Lesen Sie weiter. \u00dcber unsere Rollcontainer VTS [&hellip;]<\/p>\n","protected":false},"author":5677,"featured_media":0,"parent":0,"menu_order":0,"comment_status":"closed","ping_status":"closed","template":"","meta":{"footnotes":""},"class_list":["post-1941","page","type-page","status-publish","hentry"],"yoast_head":"<!-- This site is optimized with the Yoast SEO plugin v27.4 - https:\/\/yoast.com\/product\/yoast-seo-wordpress\/ -->\n<title>Roll Container Kaufen<\/title>\n<meta name=\"robots\" content=\"index, follow, max-snippet:-1, max-image-preview:large, max-video-preview:-1\" \/>\n<link rel=\"canonical\" href=\"https:\/\/www.vtsbv.com\/de\/rollcontainer-kaufen\/\" \/>\n<meta property=\"og:locale\" content=\"de_DE\" \/>\n<meta property=\"og:type\" content=\"article\" \/>\n<meta property=\"og:title\" content=\"Roll Container Kaufen\" \/>\n<meta property=\"og:description\" content=\"Bei VTS Transportsysteme sind Sie an der richtigen Adresse, wenn Sie einen Rollcontainer kaufen m\u00f6chten. Wir sind Spezialist in der Produktion und Entwicklung von verschiedenen (internen) Transportmitteln, sowie Rollcontainern f\u00fcr W\u00e4schereien, zum Servieren, aber wir entwickeln auch Rollcontainer nach Ma\u00df f\u00fcr spezielle Einsatzgebiete. Sie m\u00f6chten einen Rollcontainer kaufen? Lesen Sie weiter. \u00dcber unsere Rollcontainer VTS [&hellip;]\" \/>\n<meta property=\"og:url\" content=\"https:\/\/www.vtsbv.com\/de\/rollcontainer-kaufen\/\" \/>\n<meta property=\"og:site_name\" content=\"VTS\" \/>\n<meta name=\"twitter:card\" content=\"summary_large_image\" \/>\n<meta name=\"twitter:label1\" content=\"Gesch\u00e4tzte Lesezeit\" \/>\n\t<meta name=\"twitter:data1\" content=\"1\u00a0Minute\" \/>\n<script type=\"application\/ld+json\" class=\"yoast-schema-graph\">{\"@context\":\"https:\\\/\\\/schema.org\",\"@graph\":[{\"@type\":\"WebPage\",\"@id\":\"https:\\\/\\\/www.vtsbv.com\\\/de\\\/rollcontainer-kaufen\\\/\",\"url\":\"https:\\\/\\\/www.vtsbv.com\\\/de\\\/rollcontainer-kaufen\\\/\",\"name\":\"Roll Container Kaufen\",\"isPartOf\":{\"@id\":\"https:\\\/\\\/www.vtsbv.com\\\/#website\"},\"datePublished\":\"2016-09-21T12:13:31+00:00\",\"breadcrumb\":{\"@id\":\"https:\\\/\\\/www.vtsbv.com\\\/de\\\/rollcontainer-kaufen\\\/#breadcrumb\"},\"inLanguage\":\"de\",\"potentialAction\":[{\"@type\":\"ReadAction\",\"target\":[\"https:\\\/\\\/www.vtsbv.com\\\/de\\\/rollcontainer-kaufen\\\/\"]}]},{\"@type\":\"BreadcrumbList\",\"@id\":\"https:\\\/\\\/www.vtsbv.com\\\/de\\\/rollcontainer-kaufen\\\/#breadcrumb\",\"itemListElement\":[{\"@type\":\"ListItem\",\"position\":1,\"name\":\"Home\",\"item\":\"https:\\\/\\\/www.vtsbv.com\\\/de\\\/\"},{\"@type\":\"ListItem\",\"position\":2,\"name\":\"Rollcontainer kaufen\"}]},{\"@type\":\"WebSite\",\"@id\":\"https:\\\/\\\/www.vtsbv.com\\\/#website\",\"url\":\"https:\\\/\\\/www.vtsbv.com\\\/\",\"name\":\"VTS\",\"description\":\"Rolcontainers\",\"potentialAction\":[{\"@type\":\"SearchAction\",\"target\":{\"@type\":\"EntryPoint\",\"urlTemplate\":\"https:\\\/\\\/www.vtsbv.com\\\/?s={search_term_string}\"},\"query-input\":{\"@type\":\"PropertyValueSpecification\",\"valueRequired\":true,\"valueName\":\"search_term_string\"}}],\"inLanguage\":\"de\"}]}<\/script>\n<!-- \/ Yoast SEO plugin. -->","yoast_head_json":{"title":"Roll Container Kaufen","robots":{"index":"index","follow":"follow","max-snippet":"max-snippet:-1","max-image-preview":"max-image-preview:large","max-video-preview":"max-video-preview:-1"},"canonical":"https:\/\/www.vtsbv.com\/de\/rollcontainer-kaufen\/","og_locale":"de_DE","og_type":"article","og_title":"Roll Container Kaufen","og_description":"Bei VTS Transportsysteme sind Sie an der richtigen Adresse, wenn Sie einen Rollcontainer kaufen m\u00f6chten. Wir sind Spezialist in der Produktion und Entwicklung von verschiedenen (internen) Transportmitteln, sowie Rollcontainern f\u00fcr W\u00e4schereien, zum Servieren, aber wir entwickeln auch Rollcontainer nach Ma\u00df f\u00fcr spezielle Einsatzgebiete. Sie m\u00f6chten einen Rollcontainer kaufen? Lesen Sie weiter. \u00dcber unsere Rollcontainer VTS [&hellip;]","og_url":"https:\/\/www.vtsbv.com\/de\/rollcontainer-kaufen\/","og_site_name":"VTS","twitter_card":"summary_large_image","twitter_misc":{"Gesch\u00e4tzte Lesezeit":"1\u00a0Minute"},"schema":{"@context":"https:\/\/schema.org","@graph":[{"@type":"WebPage","@id":"https:\/\/www.vtsbv.com\/de\/rollcontainer-kaufen\/","url":"https:\/\/www.vtsbv.com\/de\/rollcontainer-kaufen\/","name":"Roll Container Kaufen","isPartOf":{"@id":"https:\/\/www.vtsbv.com\/#website"},"datePublished":"2016-09-21T12:13:31+00:00","breadcrumb":{"@id":"https:\/\/www.vtsbv.com\/de\/rollcontainer-kaufen\/#breadcrumb"},"inLanguage":"de","potentialAction":[{"@type":"ReadAction","target":["https:\/\/www.vtsbv.com\/de\/rollcontainer-kaufen\/"]}]},{"@type":"BreadcrumbList","@id":"https:\/\/www.vtsbv.com\/de\/rollcontainer-kaufen\/#breadcrumb","itemListElement":[{"@type":"ListItem","position":1,"name":"Home","item":"https:\/\/www.vtsbv.com\/de\/"},{"@type":"ListItem","position":2,"name":"Rollcontainer kaufen"}]},{"@type":"WebSite","@id":"https:\/\/www.vtsbv.com\/#website","url":"https:\/\/www.vtsbv.com\/","name":"VTS","description":"Rolcontainers","potentialAction":[{"@type":"SearchAction","target":{"@type":"EntryPoint","urlTemplate":"https:\/\/www.vtsbv.com\/?s={search_term_string}"},"query-input":{"@type":"PropertyValueSpecification","valueRequired":true,"valueName":"search_term_string"}}],"inLanguage":"de"}]}},"_links":{"self":[{"href":"https:\/\/www.vtsbv.com\/de\/wp-json\/wp\/v2\/pages\/1941","targetHints":{"allow":["GET"]}}],"collection":[{"href":"https:\/\/www.vtsbv.com\/de\/wp-json\/wp\/v2\/pages"}],"about":[{"href":"https:\/\/www.vtsbv.com\/de\/wp-json\/wp\/v2\/types\/page"}],"author":[{"embeddable":true,"href":"https:\/\/www.vtsbv.com\/de\/wp-json\/wp\/v2\/users\/5677"}],"replies":[{"embeddable":true,"href":"https:\/\/www.vtsbv.com\/de\/wp-json\/wp\/v2\/comments?post=1941"}],"version-history":[{"count":1,"href":"https:\/\/www.vtsbv.com\/de\/wp-json\/wp\/v2\/pages\/1941\/revisions"}],"predecessor-version":[{"id":1942,"href":"https:\/\/www.vtsbv.com\/de\/wp-json\/wp\/v2\/pages\/1941\/revisions\/1942"}],"wp:attachment":[{"href":"https:\/\/www.vtsbv.com\/de\/wp-json\/wp\/v2\/media?parent=1941"}],"curies":[{"name":"wp","href":"https:\/\/api.w.org\/{rel}","templated":true}]}}