{"id":1928,"date":"2016-09-21T12:35:54","date_gmt":"2016-09-21T11:35:54","guid":{"rendered":"http:\/\/www.vtsbv.com\/de\/?page_id=1928"},"modified":"2016-09-21T12:36:18","modified_gmt":"2016-09-21T11:36:18","slug":"ein-waeschecontainer-von-vts-b-v","status":"publish","type":"page","link":"https:\/\/www.vtsbv.com\/de\/ein-waeschecontainer-von-vts-b-v\/","title":{"rendered":"Ein W\u00e4schecontainer von VTS B.V."},"content":{"rendered":"<h1>Ein W\u00e4schecontainer von VTS B.V.<\/h1>\n<p>VTS B.V. ist Spezialist in Transportsystemen und dabei vornehmlich in Transportsystemen f\u00fcr W\u00e4schereien. Sie sind daher bei uns an der richtigen Adresse, wenn Sie auf der Suche nach <strong>W\u00e4schecontainern<\/strong> f\u00fcr die W\u00e4scherei in Ihrem Hotel, Ihrer Herberge oder Ihrem Hostel sind. <\/p>\n<h2>\u00dcber VTS B.V. W\u00e4schecontainer<\/h2>\n<p>VTS B.V. ist mit ihrem eigenen Produktionsstandort und der Modell- und Ger\u00e4teherstellung Spezialist in der Entwicklung von W\u00e4schecontainern. Hier entwickeln wir verschiedene W\u00e4schereicontainer und W\u00e4sche\/Abfallsammler mit Hilfe der neuesten und modernsten Techniken. Unsere Fachleute k\u00f6nnen neben der Fertigung von u.a. standardm\u00e4\u00dfigen Servierwagen und W\u00e4scherei-Rollcontainern auch verschiedene Transportsysteme nach Ma\u00df entwickeln.<\/p>\n<h3>Unsere W\u00e4schecontainer<\/h3>\n<p>VTS B.V. bietet verschiedene Arten von W\u00e4schecontainern an, sowie: <\/p>\n<ul>\n<li>W\u00e4schecontainer Typ VR116-10-00G,<\/li>\n<li>W\u00e4schecontainer Typ Star,bur<\/li>\n<li>W\u00e4schecontainer Typ Basic,<\/li>\n<li>W\u00e4schecontainer Typ Compact,<\/li>\n<li>W\u00e4schecontainer Typ Compact Maxi und<\/li>\n<li>W\u00e4schecontainer Typ VTS Box.<\/li>\n<p>Wir bieten auch verschiedene W\u00e4schesammler an, die Sie sich hier ansehen k\u00f6nnen. <\/p>\n<h4>Kontakt aufnehmen<\/h4>\n<p>Sind Sie auf der Suche nach einem <strong>W\u00e4schecontainer<\/strong> f\u00fcr Ihr Hotel, Ihr Hostel oder Ihre Herberge? Entscheiden Sie sich f\u00fcr einen hochqualitativen W\u00e4schecontainer und w\u00e4hlen Sie VTS Transportsysteme. M\u00f6chten Sie Kontakt mit uns aufnehmen? F\u00fcllen Sie das Kontaktformulier aus und wir melden uns so schnell wie m\u00f6glich bei Ihnen, um mit Ihnen die M\u00f6glichkeiten zu besprechen. <\/p>\n<p><a class=\"la_button\" href=\"https:\/\/www.vtsbv.com\/contact\/\">Contact<\/a><\/p>\n","protected":false},"excerpt":{"rendered":"<p>Ein W\u00e4schecontainer von VTS B.V. VTS B.V. ist Spezialist in Transportsystemen und dabei vornehmlich in Transportsystemen f\u00fcr W\u00e4schereien. Sie sind daher bei uns an der richtigen Adresse, wenn Sie auf der Suche nach W\u00e4schecontainern f\u00fcr die W\u00e4scherei in Ihrem Hotel, Ihrer Herberge oder Ihrem Hostel sind. \u00dcber VTS B.V. W\u00e4schecontainer VTS B.V. ist mit ihrem [&hellip;]<\/p>\n","protected":false},"author":5677,"featured_media":0,"parent":0,"menu_order":0,"comment_status":"closed","ping_status":"closed","template":"","meta":{"footnotes":""},"class_list":["post-1928","page","type-page","status-publish","hentry"],"yoast_head":"<!-- This site is optimized with the Yoast SEO plugin v27.4 - https:\/\/yoast.com\/product\/yoast-seo-wordpress\/ -->\n<title>W\u00e4schecontainer von VTS B.V.<\/title>\n<meta name=\"robots\" content=\"index, follow, max-snippet:-1, max-image-preview:large, max-video-preview:-1\" \/>\n<link rel=\"canonical\" href=\"https:\/\/www.vtsbv.com\/de\/ein-waeschecontainer-von-vts-b-v\/\" \/>\n<meta property=\"og:locale\" content=\"de_DE\" \/>\n<meta property=\"og:type\" content=\"article\" \/>\n<meta property=\"og:title\" content=\"W\u00e4schecontainer von VTS B.V.\" \/>\n<meta property=\"og:description\" content=\"Ein W\u00e4schecontainer von VTS B.V. VTS B.V. ist Spezialist in Transportsystemen und dabei vornehmlich in Transportsystemen f\u00fcr W\u00e4schereien. Sie sind daher bei uns an der richtigen Adresse, wenn Sie auf der Suche nach W\u00e4schecontainern f\u00fcr die W\u00e4scherei in Ihrem Hotel, Ihrer Herberge oder Ihrem Hostel sind. \u00dcber VTS B.V. W\u00e4schecontainer VTS B.V. ist mit ihrem [&hellip;]\" \/>\n<meta property=\"og:url\" content=\"https:\/\/www.vtsbv.com\/de\/ein-waeschecontainer-von-vts-b-v\/\" \/>\n<meta property=\"og:site_name\" content=\"VTS\" \/>\n<meta property=\"article:modified_time\" content=\"2016-09-21T11:36:18+00:00\" \/>\n<meta name=\"twitter:card\" content=\"summary_large_image\" \/>\n<meta name=\"twitter:label1\" content=\"Gesch\u00e4tzte Lesezeit\" \/>\n\t<meta name=\"twitter:data1\" content=\"1\u00a0Minute\" \/>\n<script type=\"application\/ld+json\" class=\"yoast-schema-graph\">{\"@context\":\"https:\\\/\\\/schema.org\",\"@graph\":[{\"@type\":\"WebPage\",\"@id\":\"https:\\\/\\\/www.vtsbv.com\\\/de\\\/ein-waeschecontainer-von-vts-b-v\\\/\",\"url\":\"https:\\\/\\\/www.vtsbv.com\\\/de\\\/ein-waeschecontainer-von-vts-b-v\\\/\",\"name\":\"W\u00e4schecontainer von VTS B.V.\",\"isPartOf\":{\"@id\":\"https:\\\/\\\/www.vtsbv.com\\\/#website\"},\"datePublished\":\"2016-09-21T11:35:54+00:00\",\"dateModified\":\"2016-09-21T11:36:18+00:00\",\"breadcrumb\":{\"@id\":\"https:\\\/\\\/www.vtsbv.com\\\/de\\\/ein-waeschecontainer-von-vts-b-v\\\/#breadcrumb\"},\"inLanguage\":\"de\",\"potentialAction\":[{\"@type\":\"ReadAction\",\"target\":[\"https:\\\/\\\/www.vtsbv.com\\\/de\\\/ein-waeschecontainer-von-vts-b-v\\\/\"]}]},{\"@type\":\"BreadcrumbList\",\"@id\":\"https:\\\/\\\/www.vtsbv.com\\\/de\\\/ein-waeschecontainer-von-vts-b-v\\\/#breadcrumb\",\"itemListElement\":[{\"@type\":\"ListItem\",\"position\":1,\"name\":\"Home\",\"item\":\"https:\\\/\\\/www.vtsbv.com\\\/de\\\/\"},{\"@type\":\"ListItem\",\"position\":2,\"name\":\"Ein W\u00e4schecontainer von VTS B.V.\"}]},{\"@type\":\"WebSite\",\"@id\":\"https:\\\/\\\/www.vtsbv.com\\\/#website\",\"url\":\"https:\\\/\\\/www.vtsbv.com\\\/\",\"name\":\"VTS\",\"description\":\"Rolcontainers\",\"potentialAction\":[{\"@type\":\"SearchAction\",\"target\":{\"@type\":\"EntryPoint\",\"urlTemplate\":\"https:\\\/\\\/www.vtsbv.com\\\/?s={search_term_string}\"},\"query-input\":{\"@type\":\"PropertyValueSpecification\",\"valueRequired\":true,\"valueName\":\"search_term_string\"}}],\"inLanguage\":\"de\"}]}<\/script>\n<!-- \/ Yoast SEO plugin. -->","yoast_head_json":{"title":"W\u00e4schecontainer von VTS B.V.","robots":{"index":"index","follow":"follow","max-snippet":"max-snippet:-1","max-image-preview":"max-image-preview:large","max-video-preview":"max-video-preview:-1"},"canonical":"https:\/\/www.vtsbv.com\/de\/ein-waeschecontainer-von-vts-b-v\/","og_locale":"de_DE","og_type":"article","og_title":"W\u00e4schecontainer von VTS B.V.","og_description":"Ein W\u00e4schecontainer von VTS B.V. VTS B.V. ist Spezialist in Transportsystemen und dabei vornehmlich in Transportsystemen f\u00fcr W\u00e4schereien. Sie sind daher bei uns an der richtigen Adresse, wenn Sie auf der Suche nach W\u00e4schecontainern f\u00fcr die W\u00e4scherei in Ihrem Hotel, Ihrer Herberge oder Ihrem Hostel sind. \u00dcber VTS B.V. W\u00e4schecontainer VTS B.V. ist mit ihrem [&hellip;]","og_url":"https:\/\/www.vtsbv.com\/de\/ein-waeschecontainer-von-vts-b-v\/","og_site_name":"VTS","article_modified_time":"2016-09-21T11:36:18+00:00","twitter_card":"summary_large_image","twitter_misc":{"Gesch\u00e4tzte Lesezeit":"1\u00a0Minute"},"schema":{"@context":"https:\/\/schema.org","@graph":[{"@type":"WebPage","@id":"https:\/\/www.vtsbv.com\/de\/ein-waeschecontainer-von-vts-b-v\/","url":"https:\/\/www.vtsbv.com\/de\/ein-waeschecontainer-von-vts-b-v\/","name":"W\u00e4schecontainer von VTS B.V.","isPartOf":{"@id":"https:\/\/www.vtsbv.com\/#website"},"datePublished":"2016-09-21T11:35:54+00:00","dateModified":"2016-09-21T11:36:18+00:00","breadcrumb":{"@id":"https:\/\/www.vtsbv.com\/de\/ein-waeschecontainer-von-vts-b-v\/#breadcrumb"},"inLanguage":"de","potentialAction":[{"@type":"ReadAction","target":["https:\/\/www.vtsbv.com\/de\/ein-waeschecontainer-von-vts-b-v\/"]}]},{"@type":"BreadcrumbList","@id":"https:\/\/www.vtsbv.com\/de\/ein-waeschecontainer-von-vts-b-v\/#breadcrumb","itemListElement":[{"@type":"ListItem","position":1,"name":"Home","item":"https:\/\/www.vtsbv.com\/de\/"},{"@type":"ListItem","position":2,"name":"Ein W\u00e4schecontainer von VTS B.V."}]},{"@type":"WebSite","@id":"https:\/\/www.vtsbv.com\/#website","url":"https:\/\/www.vtsbv.com\/","name":"VTS","description":"Rolcontainers","potentialAction":[{"@type":"SearchAction","target":{"@type":"EntryPoint","urlTemplate":"https:\/\/www.vtsbv.com\/?s={search_term_string}"},"query-input":{"@type":"PropertyValueSpecification","valueRequired":true,"valueName":"search_term_string"}}],"inLanguage":"de"}]}},"_links":{"self":[{"href":"https:\/\/www.vtsbv.com\/de\/wp-json\/wp\/v2\/pages\/1928","targetHints":{"allow":["GET"]}}],"collection":[{"href":"https:\/\/www.vtsbv.com\/de\/wp-json\/wp\/v2\/pages"}],"about":[{"href":"https:\/\/www.vtsbv.com\/de\/wp-json\/wp\/v2\/types\/page"}],"author":[{"embeddable":true,"href":"https:\/\/www.vtsbv.com\/de\/wp-json\/wp\/v2\/users\/5677"}],"replies":[{"embeddable":true,"href":"https:\/\/www.vtsbv.com\/de\/wp-json\/wp\/v2\/comments?post=1928"}],"version-history":[{"count":2,"href":"https:\/\/www.vtsbv.com\/de\/wp-json\/wp\/v2\/pages\/1928\/revisions"}],"predecessor-version":[{"id":1930,"href":"https:\/\/www.vtsbv.com\/de\/wp-json\/wp\/v2\/pages\/1928\/revisions\/1930"}],"wp:attachment":[{"href":"https:\/\/www.vtsbv.com\/de\/wp-json\/wp\/v2\/media?parent=1928"}],"curies":[{"name":"wp","href":"https:\/\/api.w.org\/{rel}","templated":true}]}}