{"id":1848,"date":"2016-05-26T12:46:20","date_gmt":"2016-05-26T11:46:20","guid":{"rendered":"http:\/\/www.vtsbv.com\/de\/?page_id=1848"},"modified":"2016-09-21T12:29:41","modified_gmt":"2016-09-21T11:29:41","slug":"disclaimer","status":"publish","type":"page","link":"https:\/\/www.vtsbv.com\/de\/disclaimer\/","title":{"rendered":"Disclaimer"},"content":{"rendered":"<div class=\"et_pb_section et_section_regular\">\n\t\t\t\n\t\t\t\n\t\t\t\t\n\t\t\t\t<div class=\"et_pb_row\">\n\t\t\t<div class=\"et_pb_column et_pb_column_1_2\">\n\t\t\t<div class=\"et_pb_text et_pb_bg_layout_light et_pb_text_align_left\">\n\t\t\t<strong>Proclaimer<\/strong><\/p>\n<p>VTS B.V. ist f\u00fcr den Inhalt dieser Webseiten verantwortlich und setzt alles daran, diesen aktuell und akkurat zu halten. Sollte es vorkommen, dass Sie der Meinung sind, dass die Angaben nicht akkurat sind, dann freuen wir uns \u00fcber eine Reaktion Ihrerseits. Die einfachste Art ist per E-Mail an vtsbv@vtsbv.com. F\u00fcr andere Fragen und alle anderen ben\u00f6tigten Informationen besuchen Sie unsere Kontaktseite. Unser Ziel ist es, jede Aktion innerhalb von f\u00fcnf Werktagen zu behandeln. <\/p>\n<p><strong>Privatsph\u00e4re<\/strong><\/p>\n<p>E-Mails, die wir \u00fcber diese Seite empfangen, werden von VTS B.V. vertraulich behandelt. Die von Ihnen mitgeteilten pers\u00f6nlichen Daten werden ausschlie\u00dflich dazu benutzt, wozu Sie diese mitgeteilt haben. Wird Ihre verschickte E-Mail unverhofft von Dritten betrachtet, wenn diese ungesichert \u00fcber das Internet verschickt wird, dann kann VTS B.V. daf\u00fcr nicht verantwortlich gemacht werden.<\/p>\n<p><strong>Copyright<\/strong><\/p>\n<p>Es ist nicht erlaubt, ohne Zustimmung von VTS B.V. Informationen und Abbildungen auf dieser Seite f\u00fcr andere Zwecke als zur pers\u00f6nlichen und nicht kommerziellen Nutzung und unter Angabe der Quelle zu ver\u00f6ffentlichen, zu vervielf\u00e4ltigen und\/oder zu bearbeiten.\n\t\t<\/div> <!-- .et_pb_text -->\n\t\t<\/div> <!-- .et_pb_column --><div class=\"et_pb_column et_pb_column_1_2\">\n\t\t\t<div class=\"et_pb_text et_pb_bg_layout_light et_pb_text_align_left\">\n\t\t\t\n<p>VTS B.V.<br \/>\nBedrijvenpark Twente 178<br \/>\n7602 KE Almelo<br \/>\nNederland<\/p>\n<p>Tel: +31 &#8211; (0) 546 &#8211; 570573<br \/>\nE-mail: info@vtsbv.com<\/p>\n\n\t\t<\/div> <!-- .et_pb_text -->\n\t\t<\/div> <!-- .et_pb_column -->\n\t\t<\/div> <!-- .et_pb_row --><div class=\"et_pb_row\">\n\t\t\t<div class=\"et_pb_column et_pb_column_4_4 et_pb_column_empty\">\n\t\t\t\n\t\t<\/div> <!-- .et_pb_column -->\n\t\t<\/div> <!-- .et_pb_row -->\n\t\t\t\n\t\t<\/div> <!-- .et_pb_section -->\n","protected":false},"excerpt":{"rendered":"","protected":false},"author":5677,"featured_media":0,"parent":0,"menu_order":0,"comment_status":"open","ping_status":"open","template":"","meta":{"footnotes":""},"class_list":["post-1848","page","type-page","status-publish","hentry"],"yoast_head":"<!-- This site is optimized with the Yoast SEO plugin v27.4 - https:\/\/yoast.com\/product\/yoast-seo-wordpress\/ -->\n<title>Disclaimer<\/title>\n<meta name=\"robots\" content=\"index, follow, max-snippet:-1, max-image-preview:large, max-video-preview:-1\" \/>\n<link rel=\"canonical\" href=\"https:\/\/www.vtsbv.com\/de\/disclaimer\/\" \/>\n<meta property=\"og:locale\" content=\"de_DE\" \/>\n<meta property=\"og:type\" content=\"article\" \/>\n<meta property=\"og:title\" content=\"Disclaimer\" \/>\n<meta property=\"og:url\" content=\"https:\/\/www.vtsbv.com\/de\/disclaimer\/\" \/>\n<meta property=\"og:site_name\" content=\"VTS\" \/>\n<meta property=\"article:modified_time\" content=\"2016-09-21T11:29:41+00:00\" \/>\n<meta name=\"twitter:card\" content=\"summary_large_image\" \/>\n<meta name=\"twitter:label1\" content=\"Gesch\u00e4tzte Lesezeit\" \/>\n\t<meta name=\"twitter:data1\" content=\"1\u00a0Minute\" \/>\n<script type=\"application\/ld+json\" class=\"yoast-schema-graph\">{\"@context\":\"https:\\\/\\\/schema.org\",\"@graph\":[{\"@type\":\"WebPage\",\"@id\":\"https:\\\/\\\/www.vtsbv.com\\\/de\\\/disclaimer\\\/\",\"url\":\"https:\\\/\\\/www.vtsbv.com\\\/de\\\/disclaimer\\\/\",\"name\":\"Disclaimer\",\"isPartOf\":{\"@id\":\"https:\\\/\\\/www.vtsbv.com\\\/#website\"},\"datePublished\":\"2016-05-26T11:46:20+00:00\",\"dateModified\":\"2016-09-21T11:29:41+00:00\",\"breadcrumb\":{\"@id\":\"https:\\\/\\\/www.vtsbv.com\\\/de\\\/disclaimer\\\/#breadcrumb\"},\"inLanguage\":\"de\",\"potentialAction\":[{\"@type\":\"ReadAction\",\"target\":[\"https:\\\/\\\/www.vtsbv.com\\\/de\\\/disclaimer\\\/\"]}]},{\"@type\":\"BreadcrumbList\",\"@id\":\"https:\\\/\\\/www.vtsbv.com\\\/de\\\/disclaimer\\\/#breadcrumb\",\"itemListElement\":[{\"@type\":\"ListItem\",\"position\":1,\"name\":\"Home\",\"item\":\"https:\\\/\\\/www.vtsbv.com\\\/de\\\/\"},{\"@type\":\"ListItem\",\"position\":2,\"name\":\"Disclaimer\"}]},{\"@type\":\"WebSite\",\"@id\":\"https:\\\/\\\/www.vtsbv.com\\\/#website\",\"url\":\"https:\\\/\\\/www.vtsbv.com\\\/\",\"name\":\"VTS\",\"description\":\"Rolcontainers\",\"potentialAction\":[{\"@type\":\"SearchAction\",\"target\":{\"@type\":\"EntryPoint\",\"urlTemplate\":\"https:\\\/\\\/www.vtsbv.com\\\/?s={search_term_string}\"},\"query-input\":{\"@type\":\"PropertyValueSpecification\",\"valueRequired\":true,\"valueName\":\"search_term_string\"}}],\"inLanguage\":\"de\"}]}<\/script>\n<!-- \/ Yoast SEO plugin. -->","yoast_head_json":{"title":"Disclaimer","robots":{"index":"index","follow":"follow","max-snippet":"max-snippet:-1","max-image-preview":"max-image-preview:large","max-video-preview":"max-video-preview:-1"},"canonical":"https:\/\/www.vtsbv.com\/de\/disclaimer\/","og_locale":"de_DE","og_type":"article","og_title":"Disclaimer","og_url":"https:\/\/www.vtsbv.com\/de\/disclaimer\/","og_site_name":"VTS","article_modified_time":"2016-09-21T11:29:41+00:00","twitter_card":"summary_large_image","twitter_misc":{"Gesch\u00e4tzte Lesezeit":"1\u00a0Minute"},"schema":{"@context":"https:\/\/schema.org","@graph":[{"@type":"WebPage","@id":"https:\/\/www.vtsbv.com\/de\/disclaimer\/","url":"https:\/\/www.vtsbv.com\/de\/disclaimer\/","name":"Disclaimer","isPartOf":{"@id":"https:\/\/www.vtsbv.com\/#website"},"datePublished":"2016-05-26T11:46:20+00:00","dateModified":"2016-09-21T11:29:41+00:00","breadcrumb":{"@id":"https:\/\/www.vtsbv.com\/de\/disclaimer\/#breadcrumb"},"inLanguage":"de","potentialAction":[{"@type":"ReadAction","target":["https:\/\/www.vtsbv.com\/de\/disclaimer\/"]}]},{"@type":"BreadcrumbList","@id":"https:\/\/www.vtsbv.com\/de\/disclaimer\/#breadcrumb","itemListElement":[{"@type":"ListItem","position":1,"name":"Home","item":"https:\/\/www.vtsbv.com\/de\/"},{"@type":"ListItem","position":2,"name":"Disclaimer"}]},{"@type":"WebSite","@id":"https:\/\/www.vtsbv.com\/#website","url":"https:\/\/www.vtsbv.com\/","name":"VTS","description":"Rolcontainers","potentialAction":[{"@type":"SearchAction","target":{"@type":"EntryPoint","urlTemplate":"https:\/\/www.vtsbv.com\/?s={search_term_string}"},"query-input":{"@type":"PropertyValueSpecification","valueRequired":true,"valueName":"search_term_string"}}],"inLanguage":"de"}]}},"_links":{"self":[{"href":"https:\/\/www.vtsbv.com\/de\/wp-json\/wp\/v2\/pages\/1848","targetHints":{"allow":["GET"]}}],"collection":[{"href":"https:\/\/www.vtsbv.com\/de\/wp-json\/wp\/v2\/pages"}],"about":[{"href":"https:\/\/www.vtsbv.com\/de\/wp-json\/wp\/v2\/types\/page"}],"author":[{"embeddable":true,"href":"https:\/\/www.vtsbv.com\/de\/wp-json\/wp\/v2\/users\/5677"}],"replies":[{"embeddable":true,"href":"https:\/\/www.vtsbv.com\/de\/wp-json\/wp\/v2\/comments?post=1848"}],"version-history":[{"count":3,"href":"https:\/\/www.vtsbv.com\/de\/wp-json\/wp\/v2\/pages\/1848\/revisions"}],"predecessor-version":[{"id":1927,"href":"https:\/\/www.vtsbv.com\/de\/wp-json\/wp\/v2\/pages\/1848\/revisions\/1927"}],"wp:attachment":[{"href":"https:\/\/www.vtsbv.com\/de\/wp-json\/wp\/v2\/media?parent=1848"}],"curies":[{"name":"wp","href":"https:\/\/api.w.org\/{rel}","templated":true}]}}