{"id":1838,"date":"2016-04-28T14:57:22","date_gmt":"2016-04-28T13:57:22","guid":{"rendered":"http:\/\/www.vtsbv.com\/de\/?page_id=1838"},"modified":"2019-02-22T08:46:15","modified_gmt":"2019-02-22T07:46:15","slug":"home","status":"publish","type":"page","link":"https:\/\/www.vtsbv.com\/de\/","title":{"rendered":"Home"},"content":{"rendered":"<div class=\"et_pb_section et_section_regular\">\n\t\t\t\n\t\t\t\n\t\t\t\t\n\t\t\t\t<div class=\"et_pb_row\">\n\t\t\t<div class=\"et_pb_column et_pb_column_4_4\">\n\t\t\t<div class=\"et_pb_slider et_pb_slider_fullwidth_off et_slider_auto et_slider_speed_6000\">\n\t\t\t<div class=\"et_pb_slides\">\n\t\t\t\t<div class=\"et_pb_slide et_pb_slide_with_image et_pb_bg_layout_dark et_pb_media_alignment_center\" style='background-color:#24448d;'>\n\t\t\t\n\t\t\t<div class=\"et_pb_container clearfix\">\n\t\t\t\t<div class=\"et_pb_slide_image\"><img decoding=\"async\" src=\"http:\/\/www.vtsbv.com\/wp-content\/uploads\/2016\/03\/VTSfolder-A4-e1459424568230.jpg\" alt=\"\" \/><\/div>\n\t\t\t\t<div class=\"et_pb_slide_description\">\n\t\t\t\t\t<h2><a href=\"https:\/\/www.vtsbv.com\/wp-content\/uploads\/2019\/02\/VTSfolder-A4-NL.pdf\">VTS   Betriebs Info und Katalog<\/a><\/h2>\n\t\t\t\t\t<div class=\"et_pb_slide_content\"><\/div>\n\t\t\t\t\t<a href=\"https:\/\/www.vtsbv.com\/wp-content\/uploads\/2019\/02\/VTSfolder-A4-NL.pdf\" class=\"et_pb_more_button\">PDF Katalog<\/a>\n\t\t\t\t<\/div> <!-- .et_pb_slide_description -->\n\t\t\t<\/div> <!-- .et_pb_container -->\n\t\t\t\n\t\t<\/div> <!-- .et_pb_slide -->\n\t\t<div class=\"et_pb_slide et_pb_slide_with_image et_pb_bg_layout_dark et_pb_media_alignment_center\" style='background-color:#02448d;'>\n\t\t\t\n\t\t\t<div class=\"et_pb_container clearfix\">\n\t\t\t\t<div class=\"et_pb_slide_image\"><img decoding=\"async\" src=\"https:\/\/www.vtsbv.com\/wp-content\/uploads\/2014\/09\/VR000-500-00G-1.jpg\" alt=\"\" \/><\/div>\n\t\t\t\t<div class=\"et_pb_slide_description\">\n\t\t\t\t\t<h2><a href=\"http:\/\/www.vtsbv.com\/?product=wascontainer-type-ster\">W\u00e4schecontainer Typ STAR<\/a><\/h2>\n\t\t\t\t\t<div class=\"et_pb_slide_content\">\n<ul>\n<li>Feinmaschige W\u00e4nde<\/li>\n<li>Ausgestattet mit fester Kleiderstange<\/li>\n<li>Seitenw\u00e4nde mit zus\u00e4tzlicher vertikaler Verstrebung gefertigt<\/li>\n<\/ul>\n<\/div>\n\t\t\t\t\t<a href=\"http:\/\/www.vtsbv.com\/?product=wascontainer-type-ster\" class=\"et_pb_more_button\">Weitere Informationen<\/a>\n\t\t\t\t<\/div> <!-- .et_pb_slide_description -->\n\t\t\t<\/div> <!-- .et_pb_container -->\n\t\t\t\n\t\t<\/div> <!-- .et_pb_slide -->\n\t\t<div class=\"et_pb_slide et_pb_slide_with_image et_pb_bg_layout_dark et_pb_media_alignment_center\" style='background-color:#02448d;'>\n\t\t\t\n\t\t\t<div class=\"et_pb_container clearfix\">\n\t\t\t\t<div class=\"et_pb_slide_image\"><img decoding=\"async\" src=\"https:\/\/www.vtsbv.com\/wp-content\/uploads\/2014\/09\/VR000-101-00G.jpg\" alt=\"\" \/><\/div>\n\t\t\t\t<div class=\"et_pb_slide_description\">\n\t\t\t\t\t<h2><a href=\"http:\/\/www.vtsbv.com\/product\/wascontainer-type-basic\/\">W\u00e4scherei Container Typ Basic<\/a><\/h2>\n\t\t\t\t\t<div class=\"et_pb_slide_content\">\n<ul>\n<li>Drei Seitiger W\u00e4schecontainer<\/li>\n<\/ul>\n<\/div>\n\t\t\t\t\t<a href=\"http:\/\/www.vtsbv.com\/product\/wascontainer-type-basic\/\" class=\"et_pb_more_button\">Meer informatie<\/a>\n\t\t\t\t<\/div> <!-- .et_pb_slide_description -->\n\t\t\t<\/div> <!-- .et_pb_container -->\n\t\t\t\n\t\t<\/div> <!-- .et_pb_slide -->\n\t\t<div class=\"et_pb_slide et_pb_slide_with_image et_pb_bg_layout_dark et_pb_media_alignment_center\" style='background-color:#02448d;'>\n\t\t\t\n\t\t\t<div class=\"et_pb_container clearfix\">\n\t\t\t\t<div class=\"et_pb_slide_image\"><img decoding=\"async\" src=\"https:\/\/www.vtsbv.com\/wp-content\/uploads\/2014\/09\/Heavy-Duty-Line_AXLBC4_14_1-e1452774399244.jpg\" alt=\"\" \/><\/div>\n\t\t\t\t<div class=\"et_pb_slide_description\">\n\t\t\t\t\t<h2><a href=\"http:\/\/www.vtsbv.com\/product\/wasverzamelaar-in-rvs-uitvoering-type-axlbc\/\">W\u00e4schesammler Edelstahl<\/a><\/h2>\n\t\t\t\t\t<div class=\"et_pb_slide_content\">W\u00e4schesammler Edelstahl mit 4 Ringen<\/div>\n\t\t\t\t\t<a href=\"http:\/\/www.vtsbv.com\/product\/wasverzamelaar-in-rvs-uitvoering-type-axlbc\/\" class=\"et_pb_more_button\">Weitere Informationen<\/a>\n\t\t\t\t<\/div> <!-- .et_pb_slide_description -->\n\t\t\t<\/div> <!-- .et_pb_container -->\n\t\t\t\n\t\t<\/div> <!-- .et_pb_slide -->\n\t\t<div class=\"et_pb_slide et_pb_slide_with_image et_pb_bg_layout_dark et_pb_media_alignment_center\" style='background-color:#02448d;'>\n\t\t\t\n\t\t\t<div class=\"et_pb_container clearfix\">\n\t\t\t\t<div class=\"et_pb_slide_image\"><img decoding=\"async\" src=\"https:\/\/www.vtsbv.com\/wp-content\/uploads\/2015\/02\/sorteerwagen.jpg\" alt=\"\" \/><\/div>\n\t\t\t\t<div class=\"et_pb_slide_description\">\n\t\t\t\t\t<h2><a href=\"http:\/\/www.vtsbv.com\/product\/vaksorteerwagens\/\">Sortierwagen<\/a><\/h2>\n\t\t\t\t\t<div class=\"et_pb_slide_content\">Der Sortierwagen, oder auch personengebundener G\u00fcterwagen genannt, kann auf jede willk\u00fcrliche Art nach Ihren eigenen W\u00fcnschen eingeteilt werden. Alle denkbaren H\u00f6hen, Tiefen und Facheinteilungen sind m\u00f6glich.<\/div>\n\t\t\t\t\t<a href=\"http:\/\/www.vtsbv.com\/product\/vaksorteerwagens\/\" class=\"et_pb_more_button\">Weitere Informationen<\/a>\n\t\t\t\t<\/div> <!-- .et_pb_slide_description -->\n\t\t\t<\/div> <!-- .et_pb_container -->\n\t\t\t\n\t\t<\/div> <!-- .et_pb_slide -->\n\t\t<div class=\"et_pb_slide et_pb_slide_with_image et_pb_bg_layout_dark et_pb_media_alignment_center\" style='background-color:#02448d;'>\n\t\t\t\n\t\t\t<div class=\"et_pb_container clearfix\">\n\t\t\t\t<div class=\"et_pb_slide_image\"><img decoding=\"async\" src=\"https:\/\/www.vtsbv.com\/wp-content\/uploads\/2014\/09\/VC251DR-LGH3L.jpg\" alt=\"\" \/><\/div>\n\t\t\t\t<div class=\"et_pb_slide_description\">\n\t\t\t\t\t<h2><a href=\"http:\/\/www.vtsbv.com\/product\/combiwagens-in-wood-line-uitvoeringen\/\">Kombiwagen mit W\u00e4schesackhalterung<\/a><\/h2>\n\t\t\t\t\t<div class=\"et_pb_slide_content\">Entworfen zum Bettw\u00e4schetausch, geeignet f\u00fcr alle Krankenhausabteilungen.<\/div>\n\t\t\t\t\t<a href=\"http:\/\/www.vtsbv.com\/product\/combiwagens-in-wood-line-uitvoeringen\/\" class=\"et_pb_more_button\">Weitere Informationen<\/a>\n\t\t\t\t<\/div> <!-- .et_pb_slide_description -->\n\t\t\t<\/div> <!-- .et_pb_container -->\n\t\t\t\n\t\t<\/div> <!-- .et_pb_slide -->\n\t\t\n\t\t\t<\/div> <!-- .et_pb_slides -->\n\t\t<\/div> <!-- .et_pb_slider -->\n\t\t\n\t\t<\/div> <!-- .et_pb_column -->\n\t\t<\/div> <!-- .et_pb_row --><div class=\"et_pb_row\">\n\t\t\t<div class=\"et_pb_column et_pb_column_1_3\">\n\t\t\t<div class=\"et_pb_blurb et_pb_bg_layout_light et_pb_text_align_center et_pb_blurb_position_top\">\n\t\t\t<div class=\"et_pb_blurb_content\">\n\t\t\t\t<div class=\"et_pb_main_blurb_image\"><a href=\"http:\/\/www.vtsbv.com\/?product_cat=rolcontainers\"><img decoding=\"async\" src=\"http:\/\/www.vtsbv.com\/wp-content\/uploads\/2014\/09\/VR000-500-00G-e1455798851217.jpg\" alt=\"\" class=\"et-waypoint et_pb_animation_off\" \/><\/a><\/div>\n\t\t\t\t<h4><a href=\"http:\/\/www.vtsbv.com\/?product_cat=rolcontainers\">Rollcontainer<\/a><\/h4>\n\t\t\t\t&nbsp;<\/p>\n<p>Die Rollcontainer werden aus rechteckigen Rohren 20&#215;20 mm und mit Schraubverbindungen zusammengesetzt. Diese Kombination ergibt eine sehr stabile Konstruktion, wodurch eine lange Lebensdauer gew\u00e4hrt ist. <\/p>\n<p>&nbsp;\n\t\t\t<\/div> <!-- .et_pb_blurb_content -->\n\t\t<\/div> <!-- .et_pb_blurb -->\n\t\t<\/div> <!-- .et_pb_column --><div class=\"et_pb_column et_pb_column_1_3\">\n\t\t\t<div class=\"et_pb_blurb et_pb_bg_layout_light et_pb_text_align_center et_pb_blurb_position_top\">\n\t\t\t<div class=\"et_pb_blurb_content\">\n\t\t\t\t<div class=\"et_pb_main_blurb_image\"><a href=\"http:\/\/www.vtsbv.com\/?product_cat=transportsystemen\"><img decoding=\"async\" src=\"http:\/\/www.vtsbv.com\/wp-content\/uploads\/2014\/09\/251tx_p.png\" alt=\"\" class=\"et-waypoint et_pb_animation_off\" \/><\/a><\/div>\n\t\t\t\t<h4><a href=\"http:\/\/www.vtsbv.com\/?product_cat=transportsystemen\">Transportsysteme<\/a><\/h4>\n\t\t\t\tNeben Rollcontainern kann VTS B.V. auch Ihren Bedarf an anderem Transportmaterial decken.\n\t\t\t<\/div> <!-- .et_pb_blurb_content -->\n\t\t<\/div> <!-- .et_pb_blurb -->\n\t\t<\/div> <!-- .et_pb_column --><div class=\"et_pb_column et_pb_column_1_3\">\n\t\t\t<div class=\"et_pb_blurb et_pb_bg_layout_light et_pb_text_align_center et_pb_blurb_position_top\">\n\t\t\t<div class=\"et_pb_blurb_content\">\n\t\t\t\t<div class=\"et_pb_main_blurb_image\"><a href=\"http:\/\/www.vtsbv.com\/?product_cat=specials\"><img decoding=\"async\" src=\"http:\/\/www.vtsbv.com\/wp-content\/uploads\/2014\/09\/VR219-250-00G1.jpg\" alt=\"\" class=\"et-waypoint et_pb_animation_off\" \/><\/a><\/div>\n\t\t\t\t<h4><a href=\"http:\/\/www.vtsbv.com\/?product_cat=specials\">Specials<\/a><\/h4>\n\t\t\t\tUnsere eigene Modellherstellung erm\u00f6glicht es, spezifische Produkte und wettbewerbsf\u00e4hige Produkte zu entwickeln. Als Erg\u00e4nzung zu unseren standardm\u00e4\u00dfigen Produkten sind die nach Ma\u00df gefertigten Produkte einige Ziele von VTS B.V.\n\t\t\t<\/div> <!-- .et_pb_blurb_content -->\n\t\t<\/div> <!-- .et_pb_blurb -->\n\t\t<\/div> <!-- .et_pb_column -->\n\t\t<\/div> <!-- .et_pb_row --><div class=\"et_pb_row\">\n\t\t\t<div class=\"et_pb_column et_pb_column_4_4\">\n\t\t\t<hr class=\"et_pb_space et_pb_divider\" style='border-color: #e0e0e0;height:10px;' \/>\n\t\t<\/div> <!-- .et_pb_column -->\n\t\t<\/div> <!-- .et_pb_row --><div class=\"et_pb_row\">\n\t\t\t<div class=\"et_pb_column et_pb_column_2_3\">\n\t\t\t<div class=\"et_pb_text et_pb_bg_layout_light et_pb_text_align_left\">\n\t\t\t&nbsp;<\/p>\n<p>VTS Transportsysteme aus Almelo ist ein dynamischer, kundenorientierter Betrieb, der sich vor allem in der Produktion und Entwicklung von verschiedenen (internen) Transportmitteln spezialisiert hat. Die Rollcontainer f\u00fcr W\u00e4schereien ist eines unserer Fachgebiete, die wir weltweit liefern. Wir verf\u00fcgen \u00fcber einen eigenen Produktionsstandort, eine eigene Modell- und Ger\u00e4teherstellung mit Fachleuten, die wissen, was sie tun. <\/p>\n<p>Das alles bietet die M\u00f6glichkeit und Flexibilit\u00e4t, nicht nur Standardprodukte aus dem eigenen Vorrat zu liefern, sondern auch kundenspezifische Produkte zu produzieren. Bei all dem steht an erster Stelle, die W\u00fcnsche unserer Kunden so gut wie m\u00f6glich in Facharbeit zu \u00fcbersetzen. Unsere Seite vermittelt nur einen Eindruck unseres Sortiments. Um sich ein genaues Bild zu machen, k\u00f6nnen Sie sich unser sehr ausf\u00fchrliches Programm im Katalog ansehen, den wir Ihnen zusenden k\u00f6nnen. Nat\u00fcrlich k\u00f6nnen Sie auch freibleibend einen Termin mit einem unserer Berater machen. M\u00f6chten Sie mehr wissen? Wir sind gerne dazu bereit, Ihnen n\u00e4here Informationen zukommen zu lassen. <\/p>\n<p>&nbsp;\n\t\t<\/div> <!-- .et_pb_text -->\n\t\t<\/div> <!-- .et_pb_column --><div class=\"et_pb_column et_pb_column_1_3\">\n\t\t\t<div class=\"et_pb_promo et_pb_bg_layout_dark et_pb_text_align_center\" style=\"background-color: #02448d;\">\n\t\t\t<div class=\"et_pb_promo_description\">\n\t\t\t\t<h2>Contact<\/h2>\n\t\t\t\t&nbsp;<\/p>\n<p>Mehr Informationen \u00fcber unsere Rollcontainer?<\/p>\n<p>&nbsp;\n\t\t\t<\/div>\n\t\t\t<a class=\"et_pb_promo_button\" href=\"http:\/\/www.vtsbv.com\/?page_id=121\">Kontakt<\/a>\n\t\t<\/div>\n\t\t<\/div> <!-- .et_pb_column -->\n\t\t<\/div> <!-- .et_pb_row -->\n\t\t\t\n\t\t<\/div> <!-- .et_pb_section -->\n","protected":false},"excerpt":{"rendered":"","protected":false},"author":5677,"featured_media":0,"parent":0,"menu_order":0,"comment_status":"open","ping_status":"open","template":"","meta":{"footnotes":""},"class_list":["post-1838","page","type-page","status-publish","hentry"],"yoast_head":"<!-- This site is optimized with the Yoast SEO plugin v27.4 - https:\/\/yoast.com\/product\/yoast-seo-wordpress\/ -->\n<title>Home - VTS<\/title>\n<meta name=\"robots\" content=\"index, follow, max-snippet:-1, max-image-preview:large, max-video-preview:-1\" \/>\n<link rel=\"canonical\" href=\"https:\/\/www.vtsbv.com\/de\/\" \/>\n<meta property=\"og:locale\" content=\"de_DE\" \/>\n<meta property=\"og:type\" content=\"article\" \/>\n<meta property=\"og:title\" content=\"Home - VTS\" \/>\n<meta property=\"og:url\" content=\"https:\/\/www.vtsbv.com\/de\/\" \/>\n<meta property=\"og:site_name\" content=\"VTS\" \/>\n<meta property=\"article:modified_time\" content=\"2019-02-22T07:46:15+00:00\" \/>\n<meta name=\"twitter:card\" content=\"summary_large_image\" \/>\n<meta name=\"twitter:label1\" content=\"Gesch\u00e4tzte Lesezeit\" \/>\n\t<meta name=\"twitter:data1\" content=\"5\u00a0Minuten\" \/>\n<script type=\"application\/ld+json\" class=\"yoast-schema-graph\">{\"@context\":\"https:\\\/\\\/schema.org\",\"@graph\":[{\"@type\":\"WebPage\",\"@id\":\"https:\\\/\\\/www.vtsbv.com\\\/de\\\/\",\"url\":\"https:\\\/\\\/www.vtsbv.com\\\/de\\\/\",\"name\":\"Home - VTS\",\"isPartOf\":{\"@id\":\"https:\\\/\\\/www.vtsbv.com\\\/#website\"},\"datePublished\":\"2016-04-28T13:57:22+00:00\",\"dateModified\":\"2019-02-22T07:46:15+00:00\",\"breadcrumb\":{\"@id\":\"https:\\\/\\\/www.vtsbv.com\\\/de\\\/#breadcrumb\"},\"inLanguage\":\"de\",\"potentialAction\":[{\"@type\":\"ReadAction\",\"target\":[\"https:\\\/\\\/www.vtsbv.com\\\/de\\\/\"]}]},{\"@type\":\"BreadcrumbList\",\"@id\":\"https:\\\/\\\/www.vtsbv.com\\\/de\\\/#breadcrumb\",\"itemListElement\":[{\"@type\":\"ListItem\",\"position\":1,\"name\":\"Home\",\"item\":\"https:\\\/\\\/www.vtsbv.com\\\/de\\\/\"},{\"@type\":\"ListItem\",\"position\":2,\"name\":\"Home\"}]},{\"@type\":\"WebSite\",\"@id\":\"https:\\\/\\\/www.vtsbv.com\\\/#website\",\"url\":\"https:\\\/\\\/www.vtsbv.com\\\/\",\"name\":\"VTS\",\"description\":\"Rolcontainers\",\"potentialAction\":[{\"@type\":\"SearchAction\",\"target\":{\"@type\":\"EntryPoint\",\"urlTemplate\":\"https:\\\/\\\/www.vtsbv.com\\\/?s={search_term_string}\"},\"query-input\":{\"@type\":\"PropertyValueSpecification\",\"valueRequired\":true,\"valueName\":\"search_term_string\"}}],\"inLanguage\":\"de\"}]}<\/script>\n<!-- \/ Yoast SEO plugin. -->","yoast_head_json":{"title":"Home - VTS","robots":{"index":"index","follow":"follow","max-snippet":"max-snippet:-1","max-image-preview":"max-image-preview:large","max-video-preview":"max-video-preview:-1"},"canonical":"https:\/\/www.vtsbv.com\/de\/","og_locale":"de_DE","og_type":"article","og_title":"Home - VTS","og_url":"https:\/\/www.vtsbv.com\/de\/","og_site_name":"VTS","article_modified_time":"2019-02-22T07:46:15+00:00","twitter_card":"summary_large_image","twitter_misc":{"Gesch\u00e4tzte Lesezeit":"5\u00a0Minuten"},"schema":{"@context":"https:\/\/schema.org","@graph":[{"@type":"WebPage","@id":"https:\/\/www.vtsbv.com\/de\/","url":"https:\/\/www.vtsbv.com\/de\/","name":"Home - VTS","isPartOf":{"@id":"https:\/\/www.vtsbv.com\/#website"},"datePublished":"2016-04-28T13:57:22+00:00","dateModified":"2019-02-22T07:46:15+00:00","breadcrumb":{"@id":"https:\/\/www.vtsbv.com\/de\/#breadcrumb"},"inLanguage":"de","potentialAction":[{"@type":"ReadAction","target":["https:\/\/www.vtsbv.com\/de\/"]}]},{"@type":"BreadcrumbList","@id":"https:\/\/www.vtsbv.com\/de\/#breadcrumb","itemListElement":[{"@type":"ListItem","position":1,"name":"Home","item":"https:\/\/www.vtsbv.com\/de\/"},{"@type":"ListItem","position":2,"name":"Home"}]},{"@type":"WebSite","@id":"https:\/\/www.vtsbv.com\/#website","url":"https:\/\/www.vtsbv.com\/","name":"VTS","description":"Rolcontainers","potentialAction":[{"@type":"SearchAction","target":{"@type":"EntryPoint","urlTemplate":"https:\/\/www.vtsbv.com\/?s={search_term_string}"},"query-input":{"@type":"PropertyValueSpecification","valueRequired":true,"valueName":"search_term_string"}}],"inLanguage":"de"}]}},"_links":{"self":[{"href":"https:\/\/www.vtsbv.com\/de\/wp-json\/wp\/v2\/pages\/1838","targetHints":{"allow":["GET"]}}],"collection":[{"href":"https:\/\/www.vtsbv.com\/de\/wp-json\/wp\/v2\/pages"}],"about":[{"href":"https:\/\/www.vtsbv.com\/de\/wp-json\/wp\/v2\/types\/page"}],"author":[{"embeddable":true,"href":"https:\/\/www.vtsbv.com\/de\/wp-json\/wp\/v2\/users\/5677"}],"replies":[{"embeddable":true,"href":"https:\/\/www.vtsbv.com\/de\/wp-json\/wp\/v2\/comments?post=1838"}],"version-history":[{"count":5,"href":"https:\/\/www.vtsbv.com\/de\/wp-json\/wp\/v2\/pages\/1838\/revisions"}],"predecessor-version":[{"id":2302,"href":"https:\/\/www.vtsbv.com\/de\/wp-json\/wp\/v2\/pages\/1838\/revisions\/2302"}],"wp:attachment":[{"href":"https:\/\/www.vtsbv.com\/de\/wp-json\/wp\/v2\/media?parent=1838"}],"curies":[{"name":"wp","href":"https:\/\/api.w.org\/{rel}","templated":true}]}}